{"id":11404,"date":"2024-01-09T00:43:39","date_gmt":"2024-01-08T21:43:39","guid":{"rendered":"https:\/\/nulu.ee\/toode\/panal-ajustado-de-algodon-organico\/"},"modified":"2025-04-10T16:06:39","modified_gmt":"2025-04-10T13:06:39","slug":"panal-ajustado-de-algodon-organico","status":"publish","type":"product","link":"https:\/\/nulu.ee\/es\/toode\/panal-ajustado-de-algodon-organico\/","title":{"rendered":"Pa\u00f1al ajustado de algod\u00f3n org\u00e1nico"},"content":{"rendered":"<p>Este pa\u00f1al ajustado es extremadamente suave y absorbente, y se cambia r\u00e1pidamente gracias a los broches. En su fabricaci\u00f3n, se utilizan tres capas de telas de algod\u00f3n org\u00e1nico al 100%: la capa exterior es de terciopelo de algod\u00f3n org\u00e1nico, y en el interior hay dos capas de tela de algod\u00f3n org\u00e1nico. Debido a las alas dobladas hacia adentro, el terciopelo permanece contra la piel del beb\u00e9, evitando cualquier sensaci\u00f3n inc\u00f3moda de humedad durante toda la noche.<\/p>\n<p>El pa\u00f1al ajustado est\u00e1 disponible en solo un tama\u00f1o, adecuado para beb\u00e9s que pesan desde 5 kg hasta 13 kg. El pa\u00f1al se puede ajustar con broches para adaptarse seg\u00fan la estructura corporal y el peso del beb\u00e9.<\/p>\n<div><b>Mantenimiento<\/b><\/div>\n<div>Los pa\u00f1ales de algod\u00f3n son aptos para lavar a m\u00e1quina a <b>60\u00b0<\/b> y secar en secadora s\u00f3lo a baja temperatura. La mejor absorbencia se logra lavando varias veces antes de su uso.<\/div>\n<div><\/div>\n<div>\n<div><b>Composici\u00f3n<\/b><\/div>\n<div>100% algod\u00f3n org\u00e1nico (GOTS)<\/div>\n<div><\/div>\n<\/div>\n<div>\n<p><b>Obra.<\/b><\/p>\n<\/div>\n","protected":false},"excerpt":{"rendered":"<p>Este pa\u00f1al ajustado es extremadamente suave y absorbente, y se cambia r\u00e1pidamente gracias a los broches. En su fabricaci\u00f3n, se<\/p>\n","protected":false},"featured_media":11383,"comment_status":"open","ping_status":"closed","template":"","meta":[],"product_brand":[],"product_cat":[206],"product_tag":[416,219,417,418,415,236,248,414],"class_list":{"0":"post-11404","1":"product","2":"type-product","3":"status-publish","4":"has-post-thumbnail","6":"product_cat-contenido-del-panal","7":"product_tag-absorbente","8":"product_tag-algodon-organico-es","9":"product_tag-liblikas-es","10":"product_tag-mahepuuvillane-veluur-es","11":"product_tag-panal-ajustado","12":"product_tag-panal-de-noche","13":"product_tag-panales-de-tela","14":"product_tag-vormiommeldud-sisemahe-es","16":"first","17":"instock","18":"shipping-taxable","19":"purchasable","20":"product-type-variable"},"yoast_head":"<!-- This site is optimized with the Yoast SEO plugin v27.4 - https:\/\/yoast.com\/product\/yoast-seo-wordpress\/ -->\n<title>Pa\u00f1al ajustado de algod\u00f3n org\u00e1nico - Nulu<\/title>\n<meta name=\"robots\" content=\"index, follow, max-snippet:-1, max-image-preview:large, max-video-preview:-1\" \/>\n<link rel=\"canonical\" href=\"https:\/\/nulu.ee\/es\/toode\/panal-ajustado-de-algodon-organico\/\" \/>\n<meta property=\"og:locale\" content=\"es_ES\" \/>\n<meta property=\"og:type\" content=\"article\" \/>\n<meta property=\"og:title\" content=\"Pa\u00f1al ajustado de algod\u00f3n org\u00e1nico - Nulu\" \/>\n<meta property=\"og:description\" content=\"Este pa\u00f1al ajustado es extremadamente suave y absorbente, y se cambia r\u00e1pidamente gracias a los broches. En su fabricaci\u00f3n, se\" \/>\n<meta property=\"og:url\" content=\"https:\/\/nulu.ee\/es\/toode\/panal-ajustado-de-algodon-organico\/\" \/>\n<meta property=\"og:site_name\" content=\"Nulu\" \/>\n<meta property=\"article:modified_time\" content=\"2025-04-10T13:06:39+00:00\" \/>\n<meta property=\"og:image\" content=\"https:\/\/nulu.ee\/wp-content\/uploads\/2024\/01\/IMG_6603_jpg-scaled.jpg\" \/>\n\t<meta property=\"og:image:width\" content=\"1920\" \/>\n\t<meta property=\"og:image:height\" content=\"2560\" \/>\n\t<meta property=\"og:image:type\" content=\"image\/jpeg\" \/>\n<meta name=\"twitter:card\" content=\"summary_large_image\" \/>\n<meta name=\"twitter:label1\" content=\"Tiempo de lectura\" \/>\n\t<meta name=\"twitter:data1\" content=\"1 minuto\" \/>\n<script type=\"application\/ld+json\" class=\"yoast-schema-graph\">{\"@context\":\"https:\\\/\\\/schema.org\",\"@graph\":[{\"@type\":\"WebPage\",\"@id\":\"https:\\\/\\\/nulu.ee\\\/es\\\/toode\\\/panal-ajustado-de-algodon-organico\\\/\",\"url\":\"https:\\\/\\\/nulu.ee\\\/es\\\/toode\\\/panal-ajustado-de-algodon-organico\\\/\",\"name\":\"Pa\u00f1al ajustado de algod\u00f3n org\u00e1nico - Nulu\",\"isPartOf\":{\"@id\":\"https:\\\/\\\/nulu.ee\\\/es\\\/#website\"},\"primaryImageOfPage\":{\"@id\":\"https:\\\/\\\/nulu.ee\\\/es\\\/toode\\\/panal-ajustado-de-algodon-organico\\\/#primaryimage\"},\"image\":{\"@id\":\"https:\\\/\\\/nulu.ee\\\/es\\\/toode\\\/panal-ajustado-de-algodon-organico\\\/#primaryimage\"},\"thumbnailUrl\":\"https:\\\/\\\/nulu.ee\\\/wp-content\\\/uploads\\\/2024\\\/01\\\/IMG_6603_jpg-scaled.jpg\",\"datePublished\":\"2024-01-08T21:43:39+00:00\",\"dateModified\":\"2025-04-10T13:06:39+00:00\",\"breadcrumb\":{\"@id\":\"https:\\\/\\\/nulu.ee\\\/es\\\/toode\\\/panal-ajustado-de-algodon-organico\\\/#breadcrumb\"},\"inLanguage\":\"es\",\"potentialAction\":[{\"@type\":\"ReadAction\",\"target\":[\"https:\\\/\\\/nulu.ee\\\/es\\\/toode\\\/panal-ajustado-de-algodon-organico\\\/\"]}]},{\"@type\":\"ImageObject\",\"inLanguage\":\"es\",\"@id\":\"https:\\\/\\\/nulu.ee\\\/es\\\/toode\\\/panal-ajustado-de-algodon-organico\\\/#primaryimage\",\"url\":\"https:\\\/\\\/nulu.ee\\\/wp-content\\\/uploads\\\/2024\\\/01\\\/IMG_6603_jpg-scaled.jpg\",\"contentUrl\":\"https:\\\/\\\/nulu.ee\\\/wp-content\\\/uploads\\\/2024\\\/01\\\/IMG_6603_jpg-scaled.jpg\",\"width\":1920,\"height\":2560},{\"@type\":\"BreadcrumbList\",\"@id\":\"https:\\\/\\\/nulu.ee\\\/es\\\/toode\\\/panal-ajustado-de-algodon-organico\\\/#breadcrumb\",\"itemListElement\":[{\"@type\":\"ListItem\",\"position\":1,\"name\":\"Home\",\"item\":\"https:\\\/\\\/nulu.ee\\\/es\\\/\"},{\"@type\":\"ListItem\",\"position\":2,\"name\":\"Tienda\",\"item\":\"https:\\\/\\\/nulu.ee\\\/es\\\/tienda\\\/\"},{\"@type\":\"ListItem\",\"position\":3,\"name\":\"Pa\u00f1al ajustado de algod\u00f3n org\u00e1nico\"}]},{\"@type\":\"WebSite\",\"@id\":\"https:\\\/\\\/nulu.ee\\\/es\\\/#website\",\"url\":\"https:\\\/\\\/nulu.ee\\\/es\\\/\",\"name\":\"Nulu\",\"description\":\"\",\"publisher\":{\"@id\":\"https:\\\/\\\/nulu.ee\\\/es\\\/#organization\"},\"potentialAction\":[{\"@type\":\"SearchAction\",\"target\":{\"@type\":\"EntryPoint\",\"urlTemplate\":\"https:\\\/\\\/nulu.ee\\\/es\\\/?s={search_term_string}\"},\"query-input\":{\"@type\":\"PropertyValueSpecification\",\"valueRequired\":true,\"valueName\":\"search_term_string\"}}],\"inLanguage\":\"es\"},{\"@type\":\"Organization\",\"@id\":\"https:\\\/\\\/nulu.ee\\\/es\\\/#organization\",\"name\":\"Nulu\",\"url\":\"https:\\\/\\\/nulu.ee\\\/es\\\/\",\"logo\":{\"@type\":\"ImageObject\",\"inLanguage\":\"es\",\"@id\":\"https:\\\/\\\/nulu.ee\\\/es\\\/#\\\/schema\\\/logo\\\/image\\\/\",\"url\":\"https:\\\/\\\/nulu.ee\\\/wp-content\\\/uploads\\\/2022\\\/09\\\/NULU-logo.png\",\"contentUrl\":\"https:\\\/\\\/nulu.ee\\\/wp-content\\\/uploads\\\/2022\\\/09\\\/NULU-logo.png\",\"width\":150,\"height\":150,\"caption\":\"Nulu\"},\"image\":{\"@id\":\"https:\\\/\\\/nulu.ee\\\/es\\\/#\\\/schema\\\/logo\\\/image\\\/\"}}]}<\/script>\n<!-- \/ Yoast SEO plugin. -->","yoast_head_json":{"title":"Pa\u00f1al ajustado de algod\u00f3n org\u00e1nico - Nulu","robots":{"index":"index","follow":"follow","max-snippet":"max-snippet:-1","max-image-preview":"max-image-preview:large","max-video-preview":"max-video-preview:-1"},"canonical":"https:\/\/nulu.ee\/es\/toode\/panal-ajustado-de-algodon-organico\/","og_locale":"es_ES","og_type":"article","og_title":"Pa\u00f1al ajustado de algod\u00f3n org\u00e1nico - Nulu","og_description":"Este pa\u00f1al ajustado es extremadamente suave y absorbente, y se cambia r\u00e1pidamente gracias a los broches. En su fabricaci\u00f3n, se","og_url":"https:\/\/nulu.ee\/es\/toode\/panal-ajustado-de-algodon-organico\/","og_site_name":"Nulu","article_modified_time":"2025-04-10T13:06:39+00:00","og_image":[{"width":1920,"height":2560,"url":"https:\/\/nulu.ee\/wp-content\/uploads\/2024\/01\/IMG_6603_jpg-scaled.jpg","type":"image\/jpeg"}],"twitter_card":"summary_large_image","twitter_misc":{"Tiempo de lectura":"1 minuto"},"schema":{"@context":"https:\/\/schema.org","@graph":[{"@type":"WebPage","@id":"https:\/\/nulu.ee\/es\/toode\/panal-ajustado-de-algodon-organico\/","url":"https:\/\/nulu.ee\/es\/toode\/panal-ajustado-de-algodon-organico\/","name":"Pa\u00f1al ajustado de algod\u00f3n org\u00e1nico - Nulu","isPartOf":{"@id":"https:\/\/nulu.ee\/es\/#website"},"primaryImageOfPage":{"@id":"https:\/\/nulu.ee\/es\/toode\/panal-ajustado-de-algodon-organico\/#primaryimage"},"image":{"@id":"https:\/\/nulu.ee\/es\/toode\/panal-ajustado-de-algodon-organico\/#primaryimage"},"thumbnailUrl":"https:\/\/nulu.ee\/wp-content\/uploads\/2024\/01\/IMG_6603_jpg-scaled.jpg","datePublished":"2024-01-08T21:43:39+00:00","dateModified":"2025-04-10T13:06:39+00:00","breadcrumb":{"@id":"https:\/\/nulu.ee\/es\/toode\/panal-ajustado-de-algodon-organico\/#breadcrumb"},"inLanguage":"es","potentialAction":[{"@type":"ReadAction","target":["https:\/\/nulu.ee\/es\/toode\/panal-ajustado-de-algodon-organico\/"]}]},{"@type":"ImageObject","inLanguage":"es","@id":"https:\/\/nulu.ee\/es\/toode\/panal-ajustado-de-algodon-organico\/#primaryimage","url":"https:\/\/nulu.ee\/wp-content\/uploads\/2024\/01\/IMG_6603_jpg-scaled.jpg","contentUrl":"https:\/\/nulu.ee\/wp-content\/uploads\/2024\/01\/IMG_6603_jpg-scaled.jpg","width":1920,"height":2560},{"@type":"BreadcrumbList","@id":"https:\/\/nulu.ee\/es\/toode\/panal-ajustado-de-algodon-organico\/#breadcrumb","itemListElement":[{"@type":"ListItem","position":1,"name":"Home","item":"https:\/\/nulu.ee\/es\/"},{"@type":"ListItem","position":2,"name":"Tienda","item":"https:\/\/nulu.ee\/es\/tienda\/"},{"@type":"ListItem","position":3,"name":"Pa\u00f1al ajustado de algod\u00f3n org\u00e1nico"}]},{"@type":"WebSite","@id":"https:\/\/nulu.ee\/es\/#website","url":"https:\/\/nulu.ee\/es\/","name":"Nulu","description":"","publisher":{"@id":"https:\/\/nulu.ee\/es\/#organization"},"potentialAction":[{"@type":"SearchAction","target":{"@type":"EntryPoint","urlTemplate":"https:\/\/nulu.ee\/es\/?s={search_term_string}"},"query-input":{"@type":"PropertyValueSpecification","valueRequired":true,"valueName":"search_term_string"}}],"inLanguage":"es"},{"@type":"Organization","@id":"https:\/\/nulu.ee\/es\/#organization","name":"Nulu","url":"https:\/\/nulu.ee\/es\/","logo":{"@type":"ImageObject","inLanguage":"es","@id":"https:\/\/nulu.ee\/es\/#\/schema\/logo\/image\/","url":"https:\/\/nulu.ee\/wp-content\/uploads\/2022\/09\/NULU-logo.png","contentUrl":"https:\/\/nulu.ee\/wp-content\/uploads\/2022\/09\/NULU-logo.png","width":150,"height":150,"caption":"Nulu"},"image":{"@id":"https:\/\/nulu.ee\/es\/#\/schema\/logo\/image\/"}}]}},"jetpack_sharing_enabled":true,"_links":{"self":[{"href":"https:\/\/nulu.ee\/es\/wp-json\/wp\/v2\/product\/11404","targetHints":{"allow":["GET"]}}],"collection":[{"href":"https:\/\/nulu.ee\/es\/wp-json\/wp\/v2\/product"}],"about":[{"href":"https:\/\/nulu.ee\/es\/wp-json\/wp\/v2\/types\/product"}],"replies":[{"embeddable":true,"href":"https:\/\/nulu.ee\/es\/wp-json\/wp\/v2\/comments?post=11404"}],"version-history":[{"count":0,"href":"https:\/\/nulu.ee\/es\/wp-json\/wp\/v2\/product\/11404\/revisions"}],"wp:featuredmedia":[{"embeddable":true,"href":"https:\/\/nulu.ee\/es\/wp-json\/wp\/v2\/media\/11383"}],"wp:attachment":[{"href":"https:\/\/nulu.ee\/es\/wp-json\/wp\/v2\/media?parent=11404"}],"wp:term":[{"taxonomy":"product_brand","embeddable":true,"href":"https:\/\/nulu.ee\/es\/wp-json\/wp\/v2\/product_brand?post=11404"},{"taxonomy":"product_cat","embeddable":true,"href":"https:\/\/nulu.ee\/es\/wp-json\/wp\/v2\/product_cat?post=11404"},{"taxonomy":"product_tag","embeddable":true,"href":"https:\/\/nulu.ee\/es\/wp-json\/wp\/v2\/product_tag?post=11404"}],"curies":[{"name":"wp","href":"https:\/\/api.w.org\/{rel}","templated":true}]}}