{"id":10839,"date":"2023-06-07T20:53:48","date_gmt":"2023-06-07T17:53:48","guid":{"rendered":"https:\/\/nulu.ee\/toode\/panal-preestablecido-tie-dye\/"},"modified":"2023-06-07T20:53:48","modified_gmt":"2023-06-07T17:53:48","slug":"tie-dye-preset-suave","status":"publish","type":"product","link":"https:\/\/nulu.ee\/es\/toode\/tie-dye-preset-suave\/","title":{"rendered":"Pa\u00f1al preestablecido Tie Dye"},"content":{"rendered":"<p>\u00bfEst\u00e1s cansado de patrones y estampados aburridos y buscas algo \u00fanico? \u00a1Entonces los pa\u00f1ales preestablecidos o preflets te\u00f1idos con la t\u00e9cnica Tie Dye son solo para ti!<\/p>\n<p>Un pa\u00f1al preformado, o prefl\u00e4t, es una versi\u00f3n moderna de un pa\u00f1al cuadrado que tiene varias formas diferentes de plegarse.<\/p>\n<p>Nulu Tie Dye prefleet consta de tres capas de prendas de punto <strong>TENCEL\u2122 Lyocell<\/strong> con la cantidad justa de elastano a\u00f1adida para que sea m\u00e1s c\u00f3modo envolverlo alrededor del trasero de su beb\u00e9. As\u00ed es: TRES capas de tela sedientas lo hacen particularmente absorbente, hasta 9 capas absorbentes cuando est\u00e1 plegado.<\/p>\n<p>Solo se utilizan productos Dharma Fiber Reactive Dyes de alta calidad: estos colores no se desvanecen incluso despu\u00e9s de varios lavados y son completamente seguros para los beb\u00e9s.<\/p>\n<p>\u00a1N\u00d3TESE BIEN! Cada preflet es \u00fanico y las im\u00e1genes muestran los tonos que se han utilizado principalmente.<\/p>\n<p>Disponible en un solo tama\u00f1o OS, adecuado desde el nacimiento hasta el aprendizaje para ir al ba\u00f1o. Para un beb\u00e9 peque\u00f1o, sigue siendo un poco robusto, pero muy absorbente, pero despu\u00e9s de un tiempo se adapta perfectamente (a partir de 5 kg).<\/p>\n<div><b>Ingredientes:<\/b><br \/>\n95% TENCEL\u2122 Lyocell, 5% Elastano<\/div>\n<div><\/div>\n<div><b>Mantenimiento:<\/b><br \/>\nLos pa\u00f1ales se pueden lavar a m\u00e1quina a <b>60\u00b0<\/b> y secar en secadora s\u00f3lo a baja temperatura. La mejor absorbencia se logra lavando varias veces antes de su uso.<\/div>\n<div><\/div>\n<div><b><\/b><strong>Hecho a mano en Estonia.<\/strong><\/div>\n","protected":false},"excerpt":{"rendered":"<p>\u00bfEst\u00e1s cansado de patrones y estampados aburridos y buscas algo \u00fanico? \u00a1Entonces los pa\u00f1ales preestablecidos o preflets te\u00f1idos con la<\/p>\n","protected":false},"featured_media":10840,"comment_status":"open","ping_status":"closed","template":"","meta":[],"product_brand":[],"product_cat":[206],"product_tag":[224,221,254,255,223],"class_list":{"0":"post-10839","1":"product","2":"type-product","3":"status-publish","4":"has-post-thumbnail","6":"product_cat-contenido-del-panal","7":"product_tag-preflauta","8":"product_tag-tencel-es","9":"product_tag-tencel-lyocell-es","10":"product_tag-tres-capas","11":"product_tag-un-panal-preestablecido","13":"first","14":"outofstock","15":"shipping-taxable","16":"purchasable","17":"product-type-variable"},"yoast_head":"<!-- This site is optimized with the Yoast SEO plugin v27.4 - https:\/\/yoast.com\/product\/yoast-seo-wordpress\/ -->\n<title>Pa\u00f1al preestablecido Tie Dye - Nulu<\/title>\n<meta name=\"robots\" content=\"index, follow, max-snippet:-1, max-image-preview:large, max-video-preview:-1\" \/>\n<link rel=\"canonical\" href=\"https:\/\/nulu.ee\/es\/toode\/tie-dye-preset-suave\/\" \/>\n<meta property=\"og:locale\" content=\"es_ES\" \/>\n<meta property=\"og:type\" content=\"article\" \/>\n<meta property=\"og:title\" content=\"Pa\u00f1al preestablecido Tie Dye - Nulu\" \/>\n<meta property=\"og:description\" content=\"\u00bfEst\u00e1s cansado de patrones y estampados aburridos y buscas algo \u00fanico? \u00a1Entonces los pa\u00f1ales preestablecidos o preflets te\u00f1idos con la\" \/>\n<meta property=\"og:url\" content=\"https:\/\/nulu.ee\/es\/toode\/tie-dye-preset-suave\/\" \/>\n<meta property=\"og:site_name\" content=\"Nulu\" \/>\n<meta property=\"og:image\" content=\"https:\/\/nulu.ee\/wp-content\/uploads\/2023\/06\/IMG_2520-scaled.jpeg\" \/>\n\t<meta property=\"og:image:width\" content=\"2226\" \/>\n\t<meta property=\"og:image:height\" content=\"2560\" \/>\n\t<meta property=\"og:image:type\" content=\"image\/jpeg\" \/>\n<meta name=\"twitter:card\" content=\"summary_large_image\" \/>\n<meta name=\"twitter:label1\" content=\"Tiempo de lectura\" \/>\n\t<meta name=\"twitter:data1\" content=\"1 minuto\" \/>\n<script type=\"application\/ld+json\" class=\"yoast-schema-graph\">{\"@context\":\"https:\\\/\\\/schema.org\",\"@graph\":[{\"@type\":\"WebPage\",\"@id\":\"https:\\\/\\\/nulu.ee\\\/es\\\/toode\\\/tie-dye-preset-suave\\\/\",\"url\":\"https:\\\/\\\/nulu.ee\\\/es\\\/toode\\\/tie-dye-preset-suave\\\/\",\"name\":\"Pa\u00f1al preestablecido Tie Dye - Nulu\",\"isPartOf\":{\"@id\":\"https:\\\/\\\/nulu.ee\\\/es\\\/#website\"},\"primaryImageOfPage\":{\"@id\":\"https:\\\/\\\/nulu.ee\\\/es\\\/toode\\\/tie-dye-preset-suave\\\/#primaryimage\"},\"image\":{\"@id\":\"https:\\\/\\\/nulu.ee\\\/es\\\/toode\\\/tie-dye-preset-suave\\\/#primaryimage\"},\"thumbnailUrl\":\"https:\\\/\\\/nulu.ee\\\/wp-content\\\/uploads\\\/2023\\\/06\\\/IMG_2520-scaled.jpeg\",\"datePublished\":\"2023-06-07T17:53:48+00:00\",\"breadcrumb\":{\"@id\":\"https:\\\/\\\/nulu.ee\\\/es\\\/toode\\\/tie-dye-preset-suave\\\/#breadcrumb\"},\"inLanguage\":\"es\",\"potentialAction\":[{\"@type\":\"ReadAction\",\"target\":[\"https:\\\/\\\/nulu.ee\\\/es\\\/toode\\\/tie-dye-preset-suave\\\/\"]}]},{\"@type\":\"ImageObject\",\"inLanguage\":\"es\",\"@id\":\"https:\\\/\\\/nulu.ee\\\/es\\\/toode\\\/tie-dye-preset-suave\\\/#primaryimage\",\"url\":\"https:\\\/\\\/nulu.ee\\\/wp-content\\\/uploads\\\/2023\\\/06\\\/IMG_2520-scaled.jpeg\",\"contentUrl\":\"https:\\\/\\\/nulu.ee\\\/wp-content\\\/uploads\\\/2023\\\/06\\\/IMG_2520-scaled.jpeg\",\"width\":2226,\"height\":2560},{\"@type\":\"BreadcrumbList\",\"@id\":\"https:\\\/\\\/nulu.ee\\\/es\\\/toode\\\/tie-dye-preset-suave\\\/#breadcrumb\",\"itemListElement\":[{\"@type\":\"ListItem\",\"position\":1,\"name\":\"Home\",\"item\":\"https:\\\/\\\/nulu.ee\\\/es\\\/\"},{\"@type\":\"ListItem\",\"position\":2,\"name\":\"Tienda\",\"item\":\"https:\\\/\\\/nulu.ee\\\/es\\\/tienda\\\/\"},{\"@type\":\"ListItem\",\"position\":3,\"name\":\"Pa\u00f1al preestablecido Tie Dye\"}]},{\"@type\":\"WebSite\",\"@id\":\"https:\\\/\\\/nulu.ee\\\/es\\\/#website\",\"url\":\"https:\\\/\\\/nulu.ee\\\/es\\\/\",\"name\":\"Nulu\",\"description\":\"\",\"publisher\":{\"@id\":\"https:\\\/\\\/nulu.ee\\\/es\\\/#organization\"},\"potentialAction\":[{\"@type\":\"SearchAction\",\"target\":{\"@type\":\"EntryPoint\",\"urlTemplate\":\"https:\\\/\\\/nulu.ee\\\/es\\\/?s={search_term_string}\"},\"query-input\":{\"@type\":\"PropertyValueSpecification\",\"valueRequired\":true,\"valueName\":\"search_term_string\"}}],\"inLanguage\":\"es\"},{\"@type\":\"Organization\",\"@id\":\"https:\\\/\\\/nulu.ee\\\/es\\\/#organization\",\"name\":\"Nulu\",\"url\":\"https:\\\/\\\/nulu.ee\\\/es\\\/\",\"logo\":{\"@type\":\"ImageObject\",\"inLanguage\":\"es\",\"@id\":\"https:\\\/\\\/nulu.ee\\\/es\\\/#\\\/schema\\\/logo\\\/image\\\/\",\"url\":\"https:\\\/\\\/nulu.ee\\\/wp-content\\\/uploads\\\/2022\\\/09\\\/NULU-logo.png\",\"contentUrl\":\"https:\\\/\\\/nulu.ee\\\/wp-content\\\/uploads\\\/2022\\\/09\\\/NULU-logo.png\",\"width\":150,\"height\":150,\"caption\":\"Nulu\"},\"image\":{\"@id\":\"https:\\\/\\\/nulu.ee\\\/es\\\/#\\\/schema\\\/logo\\\/image\\\/\"}}]}<\/script>\n<!-- \/ Yoast SEO plugin. -->","yoast_head_json":{"title":"Pa\u00f1al preestablecido Tie Dye - Nulu","robots":{"index":"index","follow":"follow","max-snippet":"max-snippet:-1","max-image-preview":"max-image-preview:large","max-video-preview":"max-video-preview:-1"},"canonical":"https:\/\/nulu.ee\/es\/toode\/tie-dye-preset-suave\/","og_locale":"es_ES","og_type":"article","og_title":"Pa\u00f1al preestablecido Tie Dye - Nulu","og_description":"\u00bfEst\u00e1s cansado de patrones y estampados aburridos y buscas algo \u00fanico? \u00a1Entonces los pa\u00f1ales preestablecidos o preflets te\u00f1idos con la","og_url":"https:\/\/nulu.ee\/es\/toode\/tie-dye-preset-suave\/","og_site_name":"Nulu","og_image":[{"width":2226,"height":2560,"url":"https:\/\/nulu.ee\/wp-content\/uploads\/2023\/06\/IMG_2520-scaled.jpeg","type":"image\/jpeg"}],"twitter_card":"summary_large_image","twitter_misc":{"Tiempo de lectura":"1 minuto"},"schema":{"@context":"https:\/\/schema.org","@graph":[{"@type":"WebPage","@id":"https:\/\/nulu.ee\/es\/toode\/tie-dye-preset-suave\/","url":"https:\/\/nulu.ee\/es\/toode\/tie-dye-preset-suave\/","name":"Pa\u00f1al preestablecido Tie Dye - Nulu","isPartOf":{"@id":"https:\/\/nulu.ee\/es\/#website"},"primaryImageOfPage":{"@id":"https:\/\/nulu.ee\/es\/toode\/tie-dye-preset-suave\/#primaryimage"},"image":{"@id":"https:\/\/nulu.ee\/es\/toode\/tie-dye-preset-suave\/#primaryimage"},"thumbnailUrl":"https:\/\/nulu.ee\/wp-content\/uploads\/2023\/06\/IMG_2520-scaled.jpeg","datePublished":"2023-06-07T17:53:48+00:00","breadcrumb":{"@id":"https:\/\/nulu.ee\/es\/toode\/tie-dye-preset-suave\/#breadcrumb"},"inLanguage":"es","potentialAction":[{"@type":"ReadAction","target":["https:\/\/nulu.ee\/es\/toode\/tie-dye-preset-suave\/"]}]},{"@type":"ImageObject","inLanguage":"es","@id":"https:\/\/nulu.ee\/es\/toode\/tie-dye-preset-suave\/#primaryimage","url":"https:\/\/nulu.ee\/wp-content\/uploads\/2023\/06\/IMG_2520-scaled.jpeg","contentUrl":"https:\/\/nulu.ee\/wp-content\/uploads\/2023\/06\/IMG_2520-scaled.jpeg","width":2226,"height":2560},{"@type":"BreadcrumbList","@id":"https:\/\/nulu.ee\/es\/toode\/tie-dye-preset-suave\/#breadcrumb","itemListElement":[{"@type":"ListItem","position":1,"name":"Home","item":"https:\/\/nulu.ee\/es\/"},{"@type":"ListItem","position":2,"name":"Tienda","item":"https:\/\/nulu.ee\/es\/tienda\/"},{"@type":"ListItem","position":3,"name":"Pa\u00f1al preestablecido Tie Dye"}]},{"@type":"WebSite","@id":"https:\/\/nulu.ee\/es\/#website","url":"https:\/\/nulu.ee\/es\/","name":"Nulu","description":"","publisher":{"@id":"https:\/\/nulu.ee\/es\/#organization"},"potentialAction":[{"@type":"SearchAction","target":{"@type":"EntryPoint","urlTemplate":"https:\/\/nulu.ee\/es\/?s={search_term_string}"},"query-input":{"@type":"PropertyValueSpecification","valueRequired":true,"valueName":"search_term_string"}}],"inLanguage":"es"},{"@type":"Organization","@id":"https:\/\/nulu.ee\/es\/#organization","name":"Nulu","url":"https:\/\/nulu.ee\/es\/","logo":{"@type":"ImageObject","inLanguage":"es","@id":"https:\/\/nulu.ee\/es\/#\/schema\/logo\/image\/","url":"https:\/\/nulu.ee\/wp-content\/uploads\/2022\/09\/NULU-logo.png","contentUrl":"https:\/\/nulu.ee\/wp-content\/uploads\/2022\/09\/NULU-logo.png","width":150,"height":150,"caption":"Nulu"},"image":{"@id":"https:\/\/nulu.ee\/es\/#\/schema\/logo\/image\/"}}]}},"jetpack_sharing_enabled":true,"_links":{"self":[{"href":"https:\/\/nulu.ee\/es\/wp-json\/wp\/v2\/product\/10839","targetHints":{"allow":["GET"]}}],"collection":[{"href":"https:\/\/nulu.ee\/es\/wp-json\/wp\/v2\/product"}],"about":[{"href":"https:\/\/nulu.ee\/es\/wp-json\/wp\/v2\/types\/product"}],"replies":[{"embeddable":true,"href":"https:\/\/nulu.ee\/es\/wp-json\/wp\/v2\/comments?post=10839"}],"version-history":[{"count":0,"href":"https:\/\/nulu.ee\/es\/wp-json\/wp\/v2\/product\/10839\/revisions"}],"wp:featuredmedia":[{"embeddable":true,"href":"https:\/\/nulu.ee\/es\/wp-json\/wp\/v2\/media\/10840"}],"wp:attachment":[{"href":"https:\/\/nulu.ee\/es\/wp-json\/wp\/v2\/media?parent=10839"}],"wp:term":[{"taxonomy":"product_brand","embeddable":true,"href":"https:\/\/nulu.ee\/es\/wp-json\/wp\/v2\/product_brand?post=10839"},{"taxonomy":"product_cat","embeddable":true,"href":"https:\/\/nulu.ee\/es\/wp-json\/wp\/v2\/product_cat?post=10839"},{"taxonomy":"product_tag","embeddable":true,"href":"https:\/\/nulu.ee\/es\/wp-json\/wp\/v2\/product_tag?post=10839"}],"curies":[{"name":"wp","href":"https:\/\/api.w.org\/{rel}","templated":true}]}}