{"id":10823,"date":"2022-09-07T09:47:28","date_gmt":"2022-09-07T06:47:28","guid":{"rendered":"https:\/\/nulu.ee\/toode\/escamas-de-jabon-de-aceite-de-oliva\/"},"modified":"2022-09-07T09:47:28","modified_gmt":"2022-09-07T06:47:28","slug":"escamas-de-jabon-de-oliva","status":"publish","type":"product","link":"https:\/\/nulu.ee\/es\/toode\/escamas-de-jabon-de-oliva\/","title":{"rendered":"Escamas de jab\u00f3n de aceite de oliva"},"content":{"rendered":"<p><strong>Uso:<\/strong><\/p>\n<ul>\n<li>ideal para cuidar prendas de lana y seda y lavar ropa de beb\u00e9.<\/li>\n<li>Apto para la limpieza de todas las superficies (cocina, ba\u00f1o). Especialmente eficaz en superficies de m\u00e1rmol y acero inoxidable.<\/li>\n<li>Apto para lavar frutas y verduras.<\/li>\n<li>para lavar platos.<\/li>\n<li>Remedio natural para repeler los pulgones (disolver 125g de escamas de jab\u00f3n en 5 litros de agua, a\u00f1adir 100ml de alohol).<\/li>\n<li>repelente de polillas natural (poner una peque\u00f1a cantidad en una bolsa de tela y colocar entre la ropa).<\/li>\n<\/ul>\n<p><strong>Receta del detergente:<\/strong> Disuelva 125 g de escamas de jab\u00f3n en 1 litro de agua tibia. Almacene en un contenedor cubierto. Utilice 100 ml de soluci\u00f3n por carga de ropa a m\u00e1quina.<\/p>\n","protected":false},"excerpt":{"rendered":"<p>Las escamas de jab\u00f3n verde se elaboran a partir de aceite de oliva. Puede preparar una soluci\u00f3n con los copos que sea conveniente para las tareas del hogar y segura tanto para los ni\u00f1os como para los animales dom\u00e9sticos. Los copos se elaboran en Corf\u00fa seg\u00fan las antiguas tradiciones griegas.<\/p>\n<p>Producto libre de pl\u00e1stico, envasado en bolsa de papel (100g y 200g).<\/p>\n","protected":false},"featured_media":10824,"comment_status":"closed","ping_status":"closed","template":"","meta":[],"product_brand":[],"product_cat":[216],"product_tag":[],"class_list":{"0":"post-10823","1":"product","2":"type-product","3":"status-publish","4":"has-post-thumbnail","6":"product_cat-accesorios","8":"first","9":"instock","10":"shipping-taxable","11":"purchasable","12":"product-type-variable"},"yoast_head":"<!-- This site is optimized with the Yoast SEO plugin v27.5 - https:\/\/yoast.com\/product\/yoast-seo-wordpress\/ -->\n<title>Escamas de jab\u00f3n de aceite de oliva - Nulu<\/title>\n<meta name=\"description\" content=\"Las escamas de jab\u00f3n de aceite de oliva se elaboran a partir de aceite de oliva. Puede preparar una soluci\u00f3n con los copos que sea conveniente para las tareas del hogar y segura tanto para los ni\u00f1os como para los animales dom\u00e9sticos. Los copos se elaboran en Corf\u00fa seg\u00fan las antiguas tradiciones griegas.\" \/>\n<meta name=\"robots\" content=\"index, follow, max-snippet:-1, max-image-preview:large, max-video-preview:-1\" \/>\n<link rel=\"canonical\" href=\"https:\/\/nulu.ee\/es\/toode\/escamas-de-jabon-de-oliva\/\" \/>\n<meta property=\"og:locale\" content=\"es_ES\" \/>\n<meta property=\"og:type\" content=\"article\" \/>\n<meta property=\"og:title\" content=\"Escamas de jab\u00f3n de aceite de oliva - Nulu\" \/>\n<meta property=\"og:description\" content=\"Las escamas de jab\u00f3n de aceite de oliva se elaboran a partir de aceite de oliva. Puede preparar una soluci\u00f3n con los copos que sea conveniente para las tareas del hogar y segura tanto para los ni\u00f1os como para los animales dom\u00e9sticos. Los copos se elaboran en Corf\u00fa seg\u00fan las antiguas tradiciones griegas.\" \/>\n<meta property=\"og:url\" content=\"https:\/\/nulu.ee\/es\/toode\/escamas-de-jabon-de-oliva\/\" \/>\n<meta property=\"og:site_name\" content=\"Nulu\" \/>\n<meta property=\"og:image\" content=\"https:\/\/nulu.ee\/wp-content\/uploads\/2022\/11\/26466B20-7BBE-4AE5-AD37-E940A487B5CD-scaled.jpeg\" \/>\n\t<meta property=\"og:image:width\" content=\"1920\" \/>\n\t<meta property=\"og:image:height\" content=\"2560\" \/>\n\t<meta property=\"og:image:type\" content=\"image\/jpeg\" \/>\n<meta name=\"twitter:card\" content=\"summary_large_image\" \/>\n<meta name=\"twitter:label1\" content=\"Tiempo de lectura\" \/>\n\t<meta name=\"twitter:data1\" content=\"1 minuto\" \/>\n<script type=\"application\/ld+json\" class=\"yoast-schema-graph\">{\"@context\":\"https:\\\/\\\/schema.org\",\"@graph\":[{\"@type\":\"WebPage\",\"@id\":\"https:\\\/\\\/nulu.ee\\\/es\\\/toode\\\/escamas-de-jabon-de-oliva\\\/\",\"url\":\"https:\\\/\\\/nulu.ee\\\/es\\\/toode\\\/escamas-de-jabon-de-oliva\\\/\",\"name\":\"Escamas de jab\u00f3n de aceite de oliva - Nulu\",\"isPartOf\":{\"@id\":\"https:\\\/\\\/nulu.ee\\\/es\\\/#website\"},\"primaryImageOfPage\":{\"@id\":\"https:\\\/\\\/nulu.ee\\\/es\\\/toode\\\/escamas-de-jabon-de-oliva\\\/#primaryimage\"},\"image\":{\"@id\":\"https:\\\/\\\/nulu.ee\\\/es\\\/toode\\\/escamas-de-jabon-de-oliva\\\/#primaryimage\"},\"thumbnailUrl\":\"https:\\\/\\\/nulu.ee\\\/wp-content\\\/uploads\\\/2022\\\/11\\\/26466B20-7BBE-4AE5-AD37-E940A487B5CD-scaled.jpeg\",\"datePublished\":\"2022-09-07T06:47:28+00:00\",\"description\":\"Las escamas de jab\u00f3n de aceite de oliva se elaboran a partir de aceite de oliva. Puede preparar una soluci\u00f3n con los copos que sea conveniente para las tareas del hogar y segura tanto para los ni\u00f1os como para los animales dom\u00e9sticos. Los copos se elaboran en Corf\u00fa seg\u00fan las antiguas tradiciones griegas.\",\"breadcrumb\":{\"@id\":\"https:\\\/\\\/nulu.ee\\\/es\\\/toode\\\/escamas-de-jabon-de-oliva\\\/#breadcrumb\"},\"inLanguage\":\"es\",\"potentialAction\":[{\"@type\":\"ReadAction\",\"target\":[\"https:\\\/\\\/nulu.ee\\\/es\\\/toode\\\/escamas-de-jabon-de-oliva\\\/\"]}]},{\"@type\":\"ImageObject\",\"inLanguage\":\"es\",\"@id\":\"https:\\\/\\\/nulu.ee\\\/es\\\/toode\\\/escamas-de-jabon-de-oliva\\\/#primaryimage\",\"url\":\"https:\\\/\\\/nulu.ee\\\/wp-content\\\/uploads\\\/2022\\\/11\\\/26466B20-7BBE-4AE5-AD37-E940A487B5CD-scaled.jpeg\",\"contentUrl\":\"https:\\\/\\\/nulu.ee\\\/wp-content\\\/uploads\\\/2022\\\/11\\\/26466B20-7BBE-4AE5-AD37-E940A487B5CD-scaled.jpeg\",\"width\":1920,\"height\":2560},{\"@type\":\"BreadcrumbList\",\"@id\":\"https:\\\/\\\/nulu.ee\\\/es\\\/toode\\\/escamas-de-jabon-de-oliva\\\/#breadcrumb\",\"itemListElement\":[{\"@type\":\"ListItem\",\"position\":1,\"name\":\"Home\",\"item\":\"https:\\\/\\\/nulu.ee\\\/es\\\/\"},{\"@type\":\"ListItem\",\"position\":2,\"name\":\"Tienda\",\"item\":\"https:\\\/\\\/nulu.ee\\\/es\\\/tienda\\\/\"},{\"@type\":\"ListItem\",\"position\":3,\"name\":\"Escamas de jab\u00f3n de aceite de oliva\"}]},{\"@type\":\"WebSite\",\"@id\":\"https:\\\/\\\/nulu.ee\\\/es\\\/#website\",\"url\":\"https:\\\/\\\/nulu.ee\\\/es\\\/\",\"name\":\"Nulu\",\"description\":\"\",\"publisher\":{\"@id\":\"https:\\\/\\\/nulu.ee\\\/es\\\/#organization\"},\"potentialAction\":[{\"@type\":\"SearchAction\",\"target\":{\"@type\":\"EntryPoint\",\"urlTemplate\":\"https:\\\/\\\/nulu.ee\\\/es\\\/?s={search_term_string}\"},\"query-input\":{\"@type\":\"PropertyValueSpecification\",\"valueRequired\":true,\"valueName\":\"search_term_string\"}}],\"inLanguage\":\"es\"},{\"@type\":\"Organization\",\"@id\":\"https:\\\/\\\/nulu.ee\\\/es\\\/#organization\",\"name\":\"Nulu\",\"url\":\"https:\\\/\\\/nulu.ee\\\/es\\\/\",\"logo\":{\"@type\":\"ImageObject\",\"inLanguage\":\"es\",\"@id\":\"https:\\\/\\\/nulu.ee\\\/es\\\/#\\\/schema\\\/logo\\\/image\\\/\",\"url\":\"https:\\\/\\\/nulu.ee\\\/wp-content\\\/uploads\\\/2022\\\/09\\\/NULU-logo.png\",\"contentUrl\":\"https:\\\/\\\/nulu.ee\\\/wp-content\\\/uploads\\\/2022\\\/09\\\/NULU-logo.png\",\"width\":150,\"height\":150,\"caption\":\"Nulu\"},\"image\":{\"@id\":\"https:\\\/\\\/nulu.ee\\\/es\\\/#\\\/schema\\\/logo\\\/image\\\/\"}}]}<\/script>\n<!-- \/ Yoast SEO plugin. -->","yoast_head_json":{"title":"Escamas de jab\u00f3n de aceite de oliva - Nulu","description":"Las escamas de jab\u00f3n de aceite de oliva se elaboran a partir de aceite de oliva. Puede preparar una soluci\u00f3n con los copos que sea conveniente para las tareas del hogar y segura tanto para los ni\u00f1os como para los animales dom\u00e9sticos. Los copos se elaboran en Corf\u00fa seg\u00fan las antiguas tradiciones griegas.","robots":{"index":"index","follow":"follow","max-snippet":"max-snippet:-1","max-image-preview":"max-image-preview:large","max-video-preview":"max-video-preview:-1"},"canonical":"https:\/\/nulu.ee\/es\/toode\/escamas-de-jabon-de-oliva\/","og_locale":"es_ES","og_type":"article","og_title":"Escamas de jab\u00f3n de aceite de oliva - Nulu","og_description":"Las escamas de jab\u00f3n de aceite de oliva se elaboran a partir de aceite de oliva. Puede preparar una soluci\u00f3n con los copos que sea conveniente para las tareas del hogar y segura tanto para los ni\u00f1os como para los animales dom\u00e9sticos. Los copos se elaboran en Corf\u00fa seg\u00fan las antiguas tradiciones griegas.","og_url":"https:\/\/nulu.ee\/es\/toode\/escamas-de-jabon-de-oliva\/","og_site_name":"Nulu","og_image":[{"width":1920,"height":2560,"url":"https:\/\/nulu.ee\/wp-content\/uploads\/2022\/11\/26466B20-7BBE-4AE5-AD37-E940A487B5CD-scaled.jpeg","type":"image\/jpeg"}],"twitter_card":"summary_large_image","twitter_misc":{"Tiempo de lectura":"1 minuto"},"schema":{"@context":"https:\/\/schema.org","@graph":[{"@type":"WebPage","@id":"https:\/\/nulu.ee\/es\/toode\/escamas-de-jabon-de-oliva\/","url":"https:\/\/nulu.ee\/es\/toode\/escamas-de-jabon-de-oliva\/","name":"Escamas de jab\u00f3n de aceite de oliva - Nulu","isPartOf":{"@id":"https:\/\/nulu.ee\/es\/#website"},"primaryImageOfPage":{"@id":"https:\/\/nulu.ee\/es\/toode\/escamas-de-jabon-de-oliva\/#primaryimage"},"image":{"@id":"https:\/\/nulu.ee\/es\/toode\/escamas-de-jabon-de-oliva\/#primaryimage"},"thumbnailUrl":"https:\/\/nulu.ee\/wp-content\/uploads\/2022\/11\/26466B20-7BBE-4AE5-AD37-E940A487B5CD-scaled.jpeg","datePublished":"2022-09-07T06:47:28+00:00","description":"Las escamas de jab\u00f3n de aceite de oliva se elaboran a partir de aceite de oliva. Puede preparar una soluci\u00f3n con los copos que sea conveniente para las tareas del hogar y segura tanto para los ni\u00f1os como para los animales dom\u00e9sticos. Los copos se elaboran en Corf\u00fa seg\u00fan las antiguas tradiciones griegas.","breadcrumb":{"@id":"https:\/\/nulu.ee\/es\/toode\/escamas-de-jabon-de-oliva\/#breadcrumb"},"inLanguage":"es","potentialAction":[{"@type":"ReadAction","target":["https:\/\/nulu.ee\/es\/toode\/escamas-de-jabon-de-oliva\/"]}]},{"@type":"ImageObject","inLanguage":"es","@id":"https:\/\/nulu.ee\/es\/toode\/escamas-de-jabon-de-oliva\/#primaryimage","url":"https:\/\/nulu.ee\/wp-content\/uploads\/2022\/11\/26466B20-7BBE-4AE5-AD37-E940A487B5CD-scaled.jpeg","contentUrl":"https:\/\/nulu.ee\/wp-content\/uploads\/2022\/11\/26466B20-7BBE-4AE5-AD37-E940A487B5CD-scaled.jpeg","width":1920,"height":2560},{"@type":"BreadcrumbList","@id":"https:\/\/nulu.ee\/es\/toode\/escamas-de-jabon-de-oliva\/#breadcrumb","itemListElement":[{"@type":"ListItem","position":1,"name":"Home","item":"https:\/\/nulu.ee\/es\/"},{"@type":"ListItem","position":2,"name":"Tienda","item":"https:\/\/nulu.ee\/es\/tienda\/"},{"@type":"ListItem","position":3,"name":"Escamas de jab\u00f3n de aceite de oliva"}]},{"@type":"WebSite","@id":"https:\/\/nulu.ee\/es\/#website","url":"https:\/\/nulu.ee\/es\/","name":"Nulu","description":"","publisher":{"@id":"https:\/\/nulu.ee\/es\/#organization"},"potentialAction":[{"@type":"SearchAction","target":{"@type":"EntryPoint","urlTemplate":"https:\/\/nulu.ee\/es\/?s={search_term_string}"},"query-input":{"@type":"PropertyValueSpecification","valueRequired":true,"valueName":"search_term_string"}}],"inLanguage":"es"},{"@type":"Organization","@id":"https:\/\/nulu.ee\/es\/#organization","name":"Nulu","url":"https:\/\/nulu.ee\/es\/","logo":{"@type":"ImageObject","inLanguage":"es","@id":"https:\/\/nulu.ee\/es\/#\/schema\/logo\/image\/","url":"https:\/\/nulu.ee\/wp-content\/uploads\/2022\/09\/NULU-logo.png","contentUrl":"https:\/\/nulu.ee\/wp-content\/uploads\/2022\/09\/NULU-logo.png","width":150,"height":150,"caption":"Nulu"},"image":{"@id":"https:\/\/nulu.ee\/es\/#\/schema\/logo\/image\/"}}]}},"jetpack_sharing_enabled":true,"_links":{"self":[{"href":"https:\/\/nulu.ee\/es\/wp-json\/wp\/v2\/product\/10823","targetHints":{"allow":["GET"]}}],"collection":[{"href":"https:\/\/nulu.ee\/es\/wp-json\/wp\/v2\/product"}],"about":[{"href":"https:\/\/nulu.ee\/es\/wp-json\/wp\/v2\/types\/product"}],"replies":[{"embeddable":true,"href":"https:\/\/nulu.ee\/es\/wp-json\/wp\/v2\/comments?post=10823"}],"version-history":[{"count":0,"href":"https:\/\/nulu.ee\/es\/wp-json\/wp\/v2\/product\/10823\/revisions"}],"wp:featuredmedia":[{"embeddable":true,"href":"https:\/\/nulu.ee\/es\/wp-json\/wp\/v2\/media\/10824"}],"wp:attachment":[{"href":"https:\/\/nulu.ee\/es\/wp-json\/wp\/v2\/media?parent=10823"}],"wp:term":[{"taxonomy":"product_brand","embeddable":true,"href":"https:\/\/nulu.ee\/es\/wp-json\/wp\/v2\/product_brand?post=10823"},{"taxonomy":"product_cat","embeddable":true,"href":"https:\/\/nulu.ee\/es\/wp-json\/wp\/v2\/product_cat?post=10823"},{"taxonomy":"product_tag","embeddable":true,"href":"https:\/\/nulu.ee\/es\/wp-json\/wp\/v2\/product_tag?post=10823"}],"curies":[{"name":"wp","href":"https:\/\/api.w.org\/{rel}","templated":true}]}}