{"id":10742,"date":"2023-02-22T13:42:32","date_gmt":"2023-02-22T10:42:32","guid":{"rendered":"https:\/\/nulu.ee\/toode\/blusas-en-mezcla-de-seda-merino\/"},"modified":"2024-03-24T00:46:47","modified_gmt":"2024-03-23T21:46:47","slug":"blusas-en-mezcla-de-seda-merino","status":"publish","type":"product","link":"https:\/\/nulu.ee\/es\/toode\/blusas-en-mezcla-de-seda-merino\/","title":{"rendered":"Blusas en mezcla de seda merino"},"content":{"rendered":"<p>Todas las blusas se pueden usar sobre la cabeza y no tienen tachuelas, que a menudo hacen que la ropa parezca agujereada. Los collares son lo suficientemente el\u00e1sticos como para no causar molestias al beb\u00e9.<\/p>\n<p>70% merino, 30% seda<\/p>\n<p><span style=\"font-weight: 400;\"><strong>Instrucciones de mantenimiento<\/strong><\/span><\/p>\n<p><span style=\"font-weight: 400;\">Lavar a mano suavemente, no frotar ni escurrir. Lavado a m\u00e1quina bajo responsabilidad del cliente. Tenga en cuenta: los productos de lana merino natural tienden a endurecerse durante el uso. Esto no se considera un error o defecto, ya que en los productos fabricados con fibras de lana de alta calidad, el deshilachado es inevitable y no es un signo de mala calidad.<\/span><\/p>\n<p><strong>\u00bfPor qu\u00e9 elegir ropa de merino para los m\u00e1s peque\u00f1os?<\/strong><\/p>\n<ul>\n<li>La ropa confeccionada con lana merino es de alta calidad y adecuada para su uso durante todo el a\u00f1o. La lana merino regula la temperatura corporal, manteniendo el cuerpo caliente pero sin hacerlo sudar. Las propiedades termorreguladoras de la lana se conservan incluso cuando el tejido est\u00e1 h\u00famedo y mojado.<\/li>\n<li>La lana merino es apta incluso para las pieles m\u00e1s sensibles, no pica y es extremadamente suave.<\/li>\n<li>La lana merino tiene propiedades antibacterianas: la ropa hecha con ella no necesita lavarse con tanta frecuencia y basta con ventilarla al aire libre para refrescarla.<\/li>\n<\/ul>\n<p><strong>Hecho en Estonia con cuidado y amor.<\/strong><\/p>\n","protected":false},"excerpt":{"rendered":"<p>Todas las blusas se pueden usar sobre la cabeza y no tienen tachuelas, que a menudo hacen que la ropa<\/p>\n","protected":false},"featured_media":10745,"comment_status":"open","ping_status":"closed","template":"","meta":[],"product_brand":[],"product_cat":[226],"product_tag":[],"class_list":{"0":"post-10742","1":"product","2":"type-product","3":"status-publish","4":"has-post-thumbnail","6":"product_cat-productos-de-la-coleccion-nulu","8":"first","9":"instock","10":"sale","11":"featured","12":"shipping-taxable","13":"purchasable","14":"product-type-variable"},"yoast_head":"<!-- This site is optimized with the Yoast SEO plugin v27.6 - https:\/\/yoast.com\/product\/yoast-seo-wordpress\/ -->\n<title>Blusas en mezcla de seda merino - Nulu<\/title>\n<meta name=\"description\" content=\"Las blusas de mezcla de seda merino cubren toda la cabeza y no tienen botones que a menudo hacen que la ropa luzca agujereada. Los collares son lo suficientemente el\u00e1sticos como para no causar molestias al beb\u00e9.\" \/>\n<meta name=\"robots\" content=\"index, follow, max-snippet:-1, max-image-preview:large, max-video-preview:-1\" \/>\n<link rel=\"canonical\" href=\"https:\/\/nulu.ee\/es\/toode\/blusas-en-mezcla-de-seda-merino\/\" \/>\n<meta property=\"og:locale\" content=\"es_ES\" \/>\n<meta property=\"og:type\" content=\"article\" \/>\n<meta property=\"og:title\" content=\"Blusas en mezcla de seda merino - Nulu\" \/>\n<meta property=\"og:description\" content=\"Las blusas de mezcla de seda merino cubren toda la cabeza y no tienen botones que a menudo hacen que la ropa luzca agujereada. Los collares son lo suficientemente el\u00e1sticos como para no causar molestias al beb\u00e9.\" \/>\n<meta property=\"og:url\" content=\"https:\/\/nulu.ee\/es\/toode\/blusas-en-mezcla-de-seda-merino\/\" \/>\n<meta property=\"og:site_name\" content=\"Nulu\" \/>\n<meta property=\"article:modified_time\" content=\"2024-03-23T21:46:47+00:00\" \/>\n<meta property=\"og:image\" content=\"https:\/\/nulu.ee\/wp-content\/uploads\/2023\/02\/IMG_7315_jpg-scaled.jpeg\" \/>\n\t<meta property=\"og:image:width\" content=\"1613\" \/>\n\t<meta property=\"og:image:height\" content=\"2560\" \/>\n\t<meta property=\"og:image:type\" content=\"image\/jpeg\" \/>\n<meta name=\"twitter:card\" content=\"summary_large_image\" \/>\n<meta name=\"twitter:label1\" content=\"Tiempo de lectura\" \/>\n\t<meta name=\"twitter:data1\" content=\"1 minuto\" \/>\n<script type=\"application\/ld+json\" class=\"yoast-schema-graph\">{\"@context\":\"https:\\\/\\\/schema.org\",\"@graph\":[{\"@type\":\"WebPage\",\"@id\":\"https:\\\/\\\/nulu.ee\\\/es\\\/toode\\\/blusas-en-mezcla-de-seda-merino\\\/\",\"url\":\"https:\\\/\\\/nulu.ee\\\/es\\\/toode\\\/blusas-en-mezcla-de-seda-merino\\\/\",\"name\":\"Blusas en mezcla de seda merino - Nulu\",\"isPartOf\":{\"@id\":\"https:\\\/\\\/nulu.ee\\\/es\\\/#website\"},\"primaryImageOfPage\":{\"@id\":\"https:\\\/\\\/nulu.ee\\\/es\\\/toode\\\/blusas-en-mezcla-de-seda-merino\\\/#primaryimage\"},\"image\":{\"@id\":\"https:\\\/\\\/nulu.ee\\\/es\\\/toode\\\/blusas-en-mezcla-de-seda-merino\\\/#primaryimage\"},\"thumbnailUrl\":\"https:\\\/\\\/nulu.ee\\\/wp-content\\\/uploads\\\/2023\\\/02\\\/IMG_7315_jpg-scaled.jpeg\",\"datePublished\":\"2023-02-22T10:42:32+00:00\",\"dateModified\":\"2024-03-23T21:46:47+00:00\",\"description\":\"Las blusas de mezcla de seda merino cubren toda la cabeza y no tienen botones que a menudo hacen que la ropa luzca agujereada. Los collares son lo suficientemente el\u00e1sticos como para no causar molestias al beb\u00e9.\",\"breadcrumb\":{\"@id\":\"https:\\\/\\\/nulu.ee\\\/es\\\/toode\\\/blusas-en-mezcla-de-seda-merino\\\/#breadcrumb\"},\"inLanguage\":\"es\",\"potentialAction\":[{\"@type\":\"ReadAction\",\"target\":[\"https:\\\/\\\/nulu.ee\\\/es\\\/toode\\\/blusas-en-mezcla-de-seda-merino\\\/\"]}]},{\"@type\":\"ImageObject\",\"inLanguage\":\"es\",\"@id\":\"https:\\\/\\\/nulu.ee\\\/es\\\/toode\\\/blusas-en-mezcla-de-seda-merino\\\/#primaryimage\",\"url\":\"https:\\\/\\\/nulu.ee\\\/wp-content\\\/uploads\\\/2023\\\/02\\\/IMG_7315_jpg-scaled.jpeg\",\"contentUrl\":\"https:\\\/\\\/nulu.ee\\\/wp-content\\\/uploads\\\/2023\\\/02\\\/IMG_7315_jpg-scaled.jpeg\",\"width\":1613,\"height\":2560},{\"@type\":\"BreadcrumbList\",\"@id\":\"https:\\\/\\\/nulu.ee\\\/es\\\/toode\\\/blusas-en-mezcla-de-seda-merino\\\/#breadcrumb\",\"itemListElement\":[{\"@type\":\"ListItem\",\"position\":1,\"name\":\"Home\",\"item\":\"https:\\\/\\\/nulu.ee\\\/es\\\/\"},{\"@type\":\"ListItem\",\"position\":2,\"name\":\"Tienda\",\"item\":\"https:\\\/\\\/nulu.ee\\\/es\\\/tienda\\\/\"},{\"@type\":\"ListItem\",\"position\":3,\"name\":\"Blusas en mezcla de seda merino\"}]},{\"@type\":\"WebSite\",\"@id\":\"https:\\\/\\\/nulu.ee\\\/es\\\/#website\",\"url\":\"https:\\\/\\\/nulu.ee\\\/es\\\/\",\"name\":\"Nulu\",\"description\":\"\",\"publisher\":{\"@id\":\"https:\\\/\\\/nulu.ee\\\/es\\\/#organization\"},\"potentialAction\":[{\"@type\":\"SearchAction\",\"target\":{\"@type\":\"EntryPoint\",\"urlTemplate\":\"https:\\\/\\\/nulu.ee\\\/es\\\/?s={search_term_string}\"},\"query-input\":{\"@type\":\"PropertyValueSpecification\",\"valueRequired\":true,\"valueName\":\"search_term_string\"}}],\"inLanguage\":\"es\"},{\"@type\":\"Organization\",\"@id\":\"https:\\\/\\\/nulu.ee\\\/es\\\/#organization\",\"name\":\"Nulu\",\"url\":\"https:\\\/\\\/nulu.ee\\\/es\\\/\",\"logo\":{\"@type\":\"ImageObject\",\"inLanguage\":\"es\",\"@id\":\"https:\\\/\\\/nulu.ee\\\/es\\\/#\\\/schema\\\/logo\\\/image\\\/\",\"url\":\"https:\\\/\\\/nulu.ee\\\/wp-content\\\/uploads\\\/2022\\\/09\\\/NULU-logo.png\",\"contentUrl\":\"https:\\\/\\\/nulu.ee\\\/wp-content\\\/uploads\\\/2022\\\/09\\\/NULU-logo.png\",\"width\":150,\"height\":150,\"caption\":\"Nulu\"},\"image\":{\"@id\":\"https:\\\/\\\/nulu.ee\\\/es\\\/#\\\/schema\\\/logo\\\/image\\\/\"}}]}<\/script>\n<!-- \/ Yoast SEO plugin. -->","yoast_head_json":{"title":"Blusas en mezcla de seda merino - Nulu","description":"Las blusas de mezcla de seda merino cubren toda la cabeza y no tienen botones que a menudo hacen que la ropa luzca agujereada. Los collares son lo suficientemente el\u00e1sticos como para no causar molestias al beb\u00e9.","robots":{"index":"index","follow":"follow","max-snippet":"max-snippet:-1","max-image-preview":"max-image-preview:large","max-video-preview":"max-video-preview:-1"},"canonical":"https:\/\/nulu.ee\/es\/toode\/blusas-en-mezcla-de-seda-merino\/","og_locale":"es_ES","og_type":"article","og_title":"Blusas en mezcla de seda merino - Nulu","og_description":"Las blusas de mezcla de seda merino cubren toda la cabeza y no tienen botones que a menudo hacen que la ropa luzca agujereada. Los collares son lo suficientemente el\u00e1sticos como para no causar molestias al beb\u00e9.","og_url":"https:\/\/nulu.ee\/es\/toode\/blusas-en-mezcla-de-seda-merino\/","og_site_name":"Nulu","article_modified_time":"2024-03-23T21:46:47+00:00","og_image":[{"width":1613,"height":2560,"url":"https:\/\/nulu.ee\/wp-content\/uploads\/2023\/02\/IMG_7315_jpg-scaled.jpeg","type":"image\/jpeg"}],"twitter_card":"summary_large_image","twitter_misc":{"Tiempo de lectura":"1 minuto"},"schema":{"@context":"https:\/\/schema.org","@graph":[{"@type":"WebPage","@id":"https:\/\/nulu.ee\/es\/toode\/blusas-en-mezcla-de-seda-merino\/","url":"https:\/\/nulu.ee\/es\/toode\/blusas-en-mezcla-de-seda-merino\/","name":"Blusas en mezcla de seda merino - Nulu","isPartOf":{"@id":"https:\/\/nulu.ee\/es\/#website"},"primaryImageOfPage":{"@id":"https:\/\/nulu.ee\/es\/toode\/blusas-en-mezcla-de-seda-merino\/#primaryimage"},"image":{"@id":"https:\/\/nulu.ee\/es\/toode\/blusas-en-mezcla-de-seda-merino\/#primaryimage"},"thumbnailUrl":"https:\/\/nulu.ee\/wp-content\/uploads\/2023\/02\/IMG_7315_jpg-scaled.jpeg","datePublished":"2023-02-22T10:42:32+00:00","dateModified":"2024-03-23T21:46:47+00:00","description":"Las blusas de mezcla de seda merino cubren toda la cabeza y no tienen botones que a menudo hacen que la ropa luzca agujereada. Los collares son lo suficientemente el\u00e1sticos como para no causar molestias al beb\u00e9.","breadcrumb":{"@id":"https:\/\/nulu.ee\/es\/toode\/blusas-en-mezcla-de-seda-merino\/#breadcrumb"},"inLanguage":"es","potentialAction":[{"@type":"ReadAction","target":["https:\/\/nulu.ee\/es\/toode\/blusas-en-mezcla-de-seda-merino\/"]}]},{"@type":"ImageObject","inLanguage":"es","@id":"https:\/\/nulu.ee\/es\/toode\/blusas-en-mezcla-de-seda-merino\/#primaryimage","url":"https:\/\/nulu.ee\/wp-content\/uploads\/2023\/02\/IMG_7315_jpg-scaled.jpeg","contentUrl":"https:\/\/nulu.ee\/wp-content\/uploads\/2023\/02\/IMG_7315_jpg-scaled.jpeg","width":1613,"height":2560},{"@type":"BreadcrumbList","@id":"https:\/\/nulu.ee\/es\/toode\/blusas-en-mezcla-de-seda-merino\/#breadcrumb","itemListElement":[{"@type":"ListItem","position":1,"name":"Home","item":"https:\/\/nulu.ee\/es\/"},{"@type":"ListItem","position":2,"name":"Tienda","item":"https:\/\/nulu.ee\/es\/tienda\/"},{"@type":"ListItem","position":3,"name":"Blusas en mezcla de seda merino"}]},{"@type":"WebSite","@id":"https:\/\/nulu.ee\/es\/#website","url":"https:\/\/nulu.ee\/es\/","name":"Nulu","description":"","publisher":{"@id":"https:\/\/nulu.ee\/es\/#organization"},"potentialAction":[{"@type":"SearchAction","target":{"@type":"EntryPoint","urlTemplate":"https:\/\/nulu.ee\/es\/?s={search_term_string}"},"query-input":{"@type":"PropertyValueSpecification","valueRequired":true,"valueName":"search_term_string"}}],"inLanguage":"es"},{"@type":"Organization","@id":"https:\/\/nulu.ee\/es\/#organization","name":"Nulu","url":"https:\/\/nulu.ee\/es\/","logo":{"@type":"ImageObject","inLanguage":"es","@id":"https:\/\/nulu.ee\/es\/#\/schema\/logo\/image\/","url":"https:\/\/nulu.ee\/wp-content\/uploads\/2022\/09\/NULU-logo.png","contentUrl":"https:\/\/nulu.ee\/wp-content\/uploads\/2022\/09\/NULU-logo.png","width":150,"height":150,"caption":"Nulu"},"image":{"@id":"https:\/\/nulu.ee\/es\/#\/schema\/logo\/image\/"}}]}},"jetpack_sharing_enabled":true,"_links":{"self":[{"href":"https:\/\/nulu.ee\/es\/wp-json\/wp\/v2\/product\/10742","targetHints":{"allow":["GET"]}}],"collection":[{"href":"https:\/\/nulu.ee\/es\/wp-json\/wp\/v2\/product"}],"about":[{"href":"https:\/\/nulu.ee\/es\/wp-json\/wp\/v2\/types\/product"}],"replies":[{"embeddable":true,"href":"https:\/\/nulu.ee\/es\/wp-json\/wp\/v2\/comments?post=10742"}],"version-history":[{"count":0,"href":"https:\/\/nulu.ee\/es\/wp-json\/wp\/v2\/product\/10742\/revisions"}],"wp:featuredmedia":[{"embeddable":true,"href":"https:\/\/nulu.ee\/es\/wp-json\/wp\/v2\/media\/10745"}],"wp:attachment":[{"href":"https:\/\/nulu.ee\/es\/wp-json\/wp\/v2\/media?parent=10742"}],"wp:term":[{"taxonomy":"product_brand","embeddable":true,"href":"https:\/\/nulu.ee\/es\/wp-json\/wp\/v2\/product_brand?post=10742"},{"taxonomy":"product_cat","embeddable":true,"href":"https:\/\/nulu.ee\/es\/wp-json\/wp\/v2\/product_cat?post=10742"},{"taxonomy":"product_tag","embeddable":true,"href":"https:\/\/nulu.ee\/es\/wp-json\/wp\/v2\/product_tag?post=10742"}],"curies":[{"name":"wp","href":"https:\/\/api.w.org\/{rel}","templated":true}]}}