{"id":10729,"date":"2022-11-27T00:20:39","date_gmt":"2022-11-26T21:20:39","guid":{"rendered":"https:\/\/nulu.ee\/toode\/pantalones-de-panales-de-merino-organico\/"},"modified":"2022-11-27T00:20:39","modified_gmt":"2022-11-26T21:20:39","slug":"lana-merina-organica","status":"publish","type":"product","link":"https:\/\/nulu.ee\/es\/toode\/lana-merina-organica\/","title":{"rendered":"Pantalones de pa\u00f1ales de merino org\u00e1nico"},"content":{"rendered":"<div>Los pantalones pa\u00f1ales confeccionados con tejido doble de lana merino 100% org\u00e1nica <b>se pueden usar de dos maneras<\/b> . Por un lado es <b>terciopelo<\/b> y por el otro lado <b>merino org\u00e1nico delicadamente rayado<\/b> , en las piernas y en el canal\u00e9 de merino org\u00e1nico de colores. Los pantalones son <b>transpirables<\/b> , <b>naturalmente antibacterianos<\/b> y tambi\u00e9n adecuados para beb\u00e9s con <b>piel especialmente sensible<\/b> . Los pantalones pa\u00f1ales de lana merino org\u00e1nica de Nulu son muy suaves para la piel del beb\u00e9, porque est\u00e1n cosidos de tal manera que <b>no se ven costuras<\/b> . Perfecto tanto para uso en verano como en invierno.<\/div>\n<p>Los pantalones de lana que cubren pa\u00f1ales son adecuados para usarse sobre un pa\u00f1al interior absorbente para lograr resistencia a las fugas. <b>Necesitan lanolina<\/b> .<\/p>\n<div><b>\u00bfPor qu\u00e9 elegir unos pantalones cubrepa\u00f1ales hechos de lana merino org\u00e1nica?<\/b><\/div>\n<div>* La producci\u00f3n ecol\u00f3gica es respetuosa con los animales y tiene poco impacto medioambiental.<\/div>\n<div>* Entre las personas con piel sensible o alergias, el merino org\u00e1nico es muy valorado porque no contiene qu\u00edmicos.<\/div>\n<div>* La lana de alta calidad es muy suave y natural.<\/div>\n<div>* Es extremadamente suave al tacto, a menudo comparado con la cachemira.<\/div>\n<div><\/div>\n<p><b>Tallas<\/b><br \/>\n<b>Mini<\/b> : 4-7 kg\/56-68 cm<br \/>\n<b>Mediano<\/b> : 6-11 kg \/ 74-86 cm<br \/>\n<b>M\u00e1ximo<\/b> : 10-15 kg \/ 86-98 cm<br \/>\n<b>\u00a1N\u00d3TESE BIEN!<\/b>  Me gustar\u00eda se\u00f1alar que los rangos de peso son estimados porque el cuerpo de cada ni\u00f1o es diferente y tambi\u00e9n lo es su condici\u00f3n f\u00edsica.<\/p>\n<p><b>Mantenimiento<\/b><br \/>\nLos pantalones deben empaparse en agua con lanolina antes del primer uso, lo que los hace repelentes al agua. La lanolina convierte la orina en sal y agua, por lo que no es necesario lavar la funda con frecuencia. Simplemente deja que los pantalones se ventilen entre usos.<br \/>\n<b>Lavado a mano<\/b> suave a 30\u00b0 o <b>programa especial de lavado de lana<\/b> con un producto de lana.<\/p>\n<p><b>Obra.<\/b><br \/>\nHecho con mucho amor en Estonia.<\/p>\n<p>Merino 100% Org\u00e1nico (GOTS)<\/p>\n","protected":false},"excerpt":{"rendered":"<p>Los pantalones pa\u00f1ales confeccionados con tejido doble de lana merino 100% org\u00e1nica se pueden usar de dos maneras . Por<\/p>\n","protected":false},"featured_media":10734,"comment_status":"closed","ping_status":"closed","template":"","meta":[],"product_brand":[],"product_cat":[212],"product_tag":[],"class_list":{"0":"post-10729","1":"product","2":"type-product","3":"status-publish","4":"has-post-thumbnail","6":"product_cat-cubrepanales-de-lana-merino","8":"first","9":"instock","10":"shipping-taxable","11":"purchasable","12":"product-type-variable"},"yoast_head":"<!-- This site is optimized with the Yoast SEO plugin v27.4 - https:\/\/yoast.com\/product\/yoast-seo-wordpress\/ -->\n<title>Pantalones de pa\u00f1ales de merino org\u00e1nico - Nulu<\/title>\n<meta name=\"description\" content=\"Confeccionados con una doble capa de tejido de lana merino 100 % org\u00e1nica, los pantalones tipo pa\u00f1al son reversibles. Por un lado es terciopelo y por el otro merino org\u00e1nico con delicadas rayas, con canal\u00e9 de merino org\u00e1nico en las piernas y en el color.\" \/>\n<meta name=\"robots\" content=\"index, follow, max-snippet:-1, max-image-preview:large, max-video-preview:-1\" \/>\n<link rel=\"canonical\" href=\"https:\/\/nulu.ee\/es\/toode\/lana-merina-organica\/\" \/>\n<meta property=\"og:locale\" content=\"es_ES\" \/>\n<meta property=\"og:type\" content=\"article\" \/>\n<meta property=\"og:title\" content=\"Pantalones de pa\u00f1ales de merino org\u00e1nico - Nulu\" \/>\n<meta property=\"og:description\" content=\"Confeccionados con una doble capa de tejido de lana merino 100 % org\u00e1nica, los pantalones tipo pa\u00f1al son reversibles. Por un lado es terciopelo y por el otro merino org\u00e1nico con delicadas rayas, con canal\u00e9 de merino org\u00e1nico en las piernas y en el color.\" \/>\n<meta property=\"og:url\" content=\"https:\/\/nulu.ee\/es\/toode\/lana-merina-organica\/\" \/>\n<meta property=\"og:site_name\" content=\"Nulu\" \/>\n<meta property=\"og:image\" content=\"https:\/\/nulu.ee\/wp-content\/uploads\/2023\/03\/IMG_7652_jpg-scaled.jpeg\" \/>\n\t<meta property=\"og:image:width\" content=\"1920\" \/>\n\t<meta property=\"og:image:height\" content=\"2560\" \/>\n\t<meta property=\"og:image:type\" content=\"image\/jpeg\" \/>\n<meta name=\"twitter:card\" content=\"summary_large_image\" \/>\n<meta name=\"twitter:label1\" content=\"Tiempo de lectura\" \/>\n\t<meta name=\"twitter:data1\" content=\"2 minutos\" \/>\n<script type=\"application\/ld+json\" class=\"yoast-schema-graph\">{\"@context\":\"https:\\\/\\\/schema.org\",\"@graph\":[{\"@type\":\"WebPage\",\"@id\":\"https:\\\/\\\/nulu.ee\\\/es\\\/toode\\\/lana-merina-organica\\\/\",\"url\":\"https:\\\/\\\/nulu.ee\\\/es\\\/toode\\\/lana-merina-organica\\\/\",\"name\":\"Pantalones de pa\u00f1ales de merino org\u00e1nico - Nulu\",\"isPartOf\":{\"@id\":\"https:\\\/\\\/nulu.ee\\\/es\\\/#website\"},\"primaryImageOfPage\":{\"@id\":\"https:\\\/\\\/nulu.ee\\\/es\\\/toode\\\/lana-merina-organica\\\/#primaryimage\"},\"image\":{\"@id\":\"https:\\\/\\\/nulu.ee\\\/es\\\/toode\\\/lana-merina-organica\\\/#primaryimage\"},\"thumbnailUrl\":\"https:\\\/\\\/nulu.ee\\\/wp-content\\\/uploads\\\/2023\\\/03\\\/IMG_7652_jpg-scaled.jpeg\",\"datePublished\":\"2022-11-26T21:20:39+00:00\",\"description\":\"Confeccionados con una doble capa de tejido de lana merino 100 % org\u00e1nica, los pantalones tipo pa\u00f1al son reversibles. Por un lado es terciopelo y por el otro merino org\u00e1nico con delicadas rayas, con canal\u00e9 de merino org\u00e1nico en las piernas y en el color.\",\"breadcrumb\":{\"@id\":\"https:\\\/\\\/nulu.ee\\\/es\\\/toode\\\/lana-merina-organica\\\/#breadcrumb\"},\"inLanguage\":\"es\",\"potentialAction\":[{\"@type\":\"ReadAction\",\"target\":[\"https:\\\/\\\/nulu.ee\\\/es\\\/toode\\\/lana-merina-organica\\\/\"]}]},{\"@type\":\"ImageObject\",\"inLanguage\":\"es\",\"@id\":\"https:\\\/\\\/nulu.ee\\\/es\\\/toode\\\/lana-merina-organica\\\/#primaryimage\",\"url\":\"https:\\\/\\\/nulu.ee\\\/wp-content\\\/uploads\\\/2023\\\/03\\\/IMG_7652_jpg-scaled.jpeg\",\"contentUrl\":\"https:\\\/\\\/nulu.ee\\\/wp-content\\\/uploads\\\/2023\\\/03\\\/IMG_7652_jpg-scaled.jpeg\",\"width\":1920,\"height\":2560},{\"@type\":\"BreadcrumbList\",\"@id\":\"https:\\\/\\\/nulu.ee\\\/es\\\/toode\\\/lana-merina-organica\\\/#breadcrumb\",\"itemListElement\":[{\"@type\":\"ListItem\",\"position\":1,\"name\":\"Home\",\"item\":\"https:\\\/\\\/nulu.ee\\\/es\\\/\"},{\"@type\":\"ListItem\",\"position\":2,\"name\":\"Tienda\",\"item\":\"https:\\\/\\\/nulu.ee\\\/es\\\/tienda\\\/\"},{\"@type\":\"ListItem\",\"position\":3,\"name\":\"Pantalones de pa\u00f1ales de merino org\u00e1nico\"}]},{\"@type\":\"WebSite\",\"@id\":\"https:\\\/\\\/nulu.ee\\\/es\\\/#website\",\"url\":\"https:\\\/\\\/nulu.ee\\\/es\\\/\",\"name\":\"Nulu\",\"description\":\"\",\"publisher\":{\"@id\":\"https:\\\/\\\/nulu.ee\\\/es\\\/#organization\"},\"potentialAction\":[{\"@type\":\"SearchAction\",\"target\":{\"@type\":\"EntryPoint\",\"urlTemplate\":\"https:\\\/\\\/nulu.ee\\\/es\\\/?s={search_term_string}\"},\"query-input\":{\"@type\":\"PropertyValueSpecification\",\"valueRequired\":true,\"valueName\":\"search_term_string\"}}],\"inLanguage\":\"es\"},{\"@type\":\"Organization\",\"@id\":\"https:\\\/\\\/nulu.ee\\\/es\\\/#organization\",\"name\":\"Nulu\",\"url\":\"https:\\\/\\\/nulu.ee\\\/es\\\/\",\"logo\":{\"@type\":\"ImageObject\",\"inLanguage\":\"es\",\"@id\":\"https:\\\/\\\/nulu.ee\\\/es\\\/#\\\/schema\\\/logo\\\/image\\\/\",\"url\":\"https:\\\/\\\/nulu.ee\\\/wp-content\\\/uploads\\\/2022\\\/09\\\/NULU-logo.png\",\"contentUrl\":\"https:\\\/\\\/nulu.ee\\\/wp-content\\\/uploads\\\/2022\\\/09\\\/NULU-logo.png\",\"width\":150,\"height\":150,\"caption\":\"Nulu\"},\"image\":{\"@id\":\"https:\\\/\\\/nulu.ee\\\/es\\\/#\\\/schema\\\/logo\\\/image\\\/\"}}]}<\/script>\n<!-- \/ Yoast SEO plugin. -->","yoast_head_json":{"title":"Pantalones de pa\u00f1ales de merino org\u00e1nico - Nulu","description":"Confeccionados con una doble capa de tejido de lana merino 100 % org\u00e1nica, los pantalones tipo pa\u00f1al son reversibles. Por un lado es terciopelo y por el otro merino org\u00e1nico con delicadas rayas, con canal\u00e9 de merino org\u00e1nico en las piernas y en el color.","robots":{"index":"index","follow":"follow","max-snippet":"max-snippet:-1","max-image-preview":"max-image-preview:large","max-video-preview":"max-video-preview:-1"},"canonical":"https:\/\/nulu.ee\/es\/toode\/lana-merina-organica\/","og_locale":"es_ES","og_type":"article","og_title":"Pantalones de pa\u00f1ales de merino org\u00e1nico - Nulu","og_description":"Confeccionados con una doble capa de tejido de lana merino 100 % org\u00e1nica, los pantalones tipo pa\u00f1al son reversibles. Por un lado es terciopelo y por el otro merino org\u00e1nico con delicadas rayas, con canal\u00e9 de merino org\u00e1nico en las piernas y en el color.","og_url":"https:\/\/nulu.ee\/es\/toode\/lana-merina-organica\/","og_site_name":"Nulu","og_image":[{"width":1920,"height":2560,"url":"https:\/\/nulu.ee\/wp-content\/uploads\/2023\/03\/IMG_7652_jpg-scaled.jpeg","type":"image\/jpeg"}],"twitter_card":"summary_large_image","twitter_misc":{"Tiempo de lectura":"2 minutos"},"schema":{"@context":"https:\/\/schema.org","@graph":[{"@type":"WebPage","@id":"https:\/\/nulu.ee\/es\/toode\/lana-merina-organica\/","url":"https:\/\/nulu.ee\/es\/toode\/lana-merina-organica\/","name":"Pantalones de pa\u00f1ales de merino org\u00e1nico - Nulu","isPartOf":{"@id":"https:\/\/nulu.ee\/es\/#website"},"primaryImageOfPage":{"@id":"https:\/\/nulu.ee\/es\/toode\/lana-merina-organica\/#primaryimage"},"image":{"@id":"https:\/\/nulu.ee\/es\/toode\/lana-merina-organica\/#primaryimage"},"thumbnailUrl":"https:\/\/nulu.ee\/wp-content\/uploads\/2023\/03\/IMG_7652_jpg-scaled.jpeg","datePublished":"2022-11-26T21:20:39+00:00","description":"Confeccionados con una doble capa de tejido de lana merino 100 % org\u00e1nica, los pantalones tipo pa\u00f1al son reversibles. Por un lado es terciopelo y por el otro merino org\u00e1nico con delicadas rayas, con canal\u00e9 de merino org\u00e1nico en las piernas y en el color.","breadcrumb":{"@id":"https:\/\/nulu.ee\/es\/toode\/lana-merina-organica\/#breadcrumb"},"inLanguage":"es","potentialAction":[{"@type":"ReadAction","target":["https:\/\/nulu.ee\/es\/toode\/lana-merina-organica\/"]}]},{"@type":"ImageObject","inLanguage":"es","@id":"https:\/\/nulu.ee\/es\/toode\/lana-merina-organica\/#primaryimage","url":"https:\/\/nulu.ee\/wp-content\/uploads\/2023\/03\/IMG_7652_jpg-scaled.jpeg","contentUrl":"https:\/\/nulu.ee\/wp-content\/uploads\/2023\/03\/IMG_7652_jpg-scaled.jpeg","width":1920,"height":2560},{"@type":"BreadcrumbList","@id":"https:\/\/nulu.ee\/es\/toode\/lana-merina-organica\/#breadcrumb","itemListElement":[{"@type":"ListItem","position":1,"name":"Home","item":"https:\/\/nulu.ee\/es\/"},{"@type":"ListItem","position":2,"name":"Tienda","item":"https:\/\/nulu.ee\/es\/tienda\/"},{"@type":"ListItem","position":3,"name":"Pantalones de pa\u00f1ales de merino org\u00e1nico"}]},{"@type":"WebSite","@id":"https:\/\/nulu.ee\/es\/#website","url":"https:\/\/nulu.ee\/es\/","name":"Nulu","description":"","publisher":{"@id":"https:\/\/nulu.ee\/es\/#organization"},"potentialAction":[{"@type":"SearchAction","target":{"@type":"EntryPoint","urlTemplate":"https:\/\/nulu.ee\/es\/?s={search_term_string}"},"query-input":{"@type":"PropertyValueSpecification","valueRequired":true,"valueName":"search_term_string"}}],"inLanguage":"es"},{"@type":"Organization","@id":"https:\/\/nulu.ee\/es\/#organization","name":"Nulu","url":"https:\/\/nulu.ee\/es\/","logo":{"@type":"ImageObject","inLanguage":"es","@id":"https:\/\/nulu.ee\/es\/#\/schema\/logo\/image\/","url":"https:\/\/nulu.ee\/wp-content\/uploads\/2022\/09\/NULU-logo.png","contentUrl":"https:\/\/nulu.ee\/wp-content\/uploads\/2022\/09\/NULU-logo.png","width":150,"height":150,"caption":"Nulu"},"image":{"@id":"https:\/\/nulu.ee\/es\/#\/schema\/logo\/image\/"}}]}},"jetpack_sharing_enabled":true,"_links":{"self":[{"href":"https:\/\/nulu.ee\/es\/wp-json\/wp\/v2\/product\/10729","targetHints":{"allow":["GET"]}}],"collection":[{"href":"https:\/\/nulu.ee\/es\/wp-json\/wp\/v2\/product"}],"about":[{"href":"https:\/\/nulu.ee\/es\/wp-json\/wp\/v2\/types\/product"}],"replies":[{"embeddable":true,"href":"https:\/\/nulu.ee\/es\/wp-json\/wp\/v2\/comments?post=10729"}],"version-history":[{"count":0,"href":"https:\/\/nulu.ee\/es\/wp-json\/wp\/v2\/product\/10729\/revisions"}],"wp:featuredmedia":[{"embeddable":true,"href":"https:\/\/nulu.ee\/es\/wp-json\/wp\/v2\/media\/10734"}],"wp:attachment":[{"href":"https:\/\/nulu.ee\/es\/wp-json\/wp\/v2\/media?parent=10729"}],"wp:term":[{"taxonomy":"product_brand","embeddable":true,"href":"https:\/\/nulu.ee\/es\/wp-json\/wp\/v2\/product_brand?post=10729"},{"taxonomy":"product_cat","embeddable":true,"href":"https:\/\/nulu.ee\/es\/wp-json\/wp\/v2\/product_cat?post=10729"},{"taxonomy":"product_tag","embeddable":true,"href":"https:\/\/nulu.ee\/es\/wp-json\/wp\/v2\/product_tag?post=10729"}],"curies":[{"name":"wp","href":"https:\/\/api.w.org\/{rel}","templated":true}]}}