{"id":10706,"date":"2022-11-13T15:35:48","date_gmt":"2022-11-13T12:35:48","guid":{"rendered":"https:\/\/nulu.ee\/toode\/panal-contorno-noche\/"},"modified":"2022-11-13T15:35:48","modified_gmt":"2022-11-13T12:35:48","slug":"mahe-de-contorno-unico","status":"publish","type":"product","link":"https:\/\/nulu.ee\/es\/toode\/mahe-de-contorno-unico\/","title":{"rendered":"Pa\u00f1al contorno noche"},"content":{"rendered":"<div>\n<div><b>El c\u00e1\u00f1amo<\/b> oscuro y el algod\u00f3n 100% org\u00e1nico son <b>excelentes<\/b> combinaciones <b>para la noche<\/b> .<\/div>\n<div>Ambos pa\u00f1ales interiores constan de dos capas de felpa <b>, que son<\/b> <b>el\u00e1sticas y el\u00e1sticas<\/b> , y <b>los el\u00e1sticos en el trasero<\/b> y <b>las piernas<\/b> sujetan todo lo que quiere <b>fluir<\/b> . Adem\u00e1s, las gomas aseguran <b>un excelente ajuste<\/b> y <b>una f\u00e1cil instalaci\u00f3n<\/b> .<br \/>\nSe pueden agregar capas adicionales debajo <b>de las<\/b> alas dobladas <b>para aumentar la absorbencia<\/b> y <b>una capa de mantenimiento seco encima de la lana<\/b> para evitar la incomodidad de un pa\u00f1al mojado. Necesita una funda impermeable.<\/div>\n<\/div>\n<div><\/div>\n<div>\n<div>\n<div><b>Mantenimiento<\/b><\/div>\n<\/div>\n<div>Los materiales de los pa\u00f1ales est\u00e1n <b>prelavados<\/b> para <b>evitar<\/b> <b>que encojan<\/b> posteriormente. La mejor absorbencia se consigue despu\u00e9s de varios lavados.<b><br \/>\n<\/b><\/div>\n<div>\n<div>Se recomienda <b>lavar a m\u00e1quina a 60\u00b0.<\/b>\n<\/div>\n<\/div>\n<\/div>\n<div><\/div>\n<div><strong>Composici\u00f3n<\/strong><\/div>\n<div>\n<div>\n<div>Pa\u00f1al contorno de algod\u00f3n org\u00e1nico: 100% algod\u00f3n org\u00e1nico<\/div>\n<div>Pa\u00f1al contorno de c\u00e1\u00f1amo: 55% c\u00e1\u00f1amo, 45% algod\u00f3n org\u00e1nico<\/div>\n<div><\/div>\n<\/div>\n<div>\n<div>\n<div><b>Obra.<\/b><\/div>\n<div>Hecho con mucho amor en Estonia.<\/div>\n<div><\/div>\n<\/div>\n<\/div>\n<\/div>\n","protected":false},"excerpt":{"rendered":"<div>\n<div><b>Tallas<\/b><\/div>\n<div><b>S<\/b> &#8211; 2,5-6kg<b><br \/>\n<\/b><\/div>\n<div><b>M<\/b> &#8211; 6-11kg<br \/>\n<b>L<\/b> -10-\u2026.kg<\/div>\n<div><b>\u00a1N\u00d3TESE BIEN!<\/b>  Me gustar\u00eda se\u00f1alar que los rangos de peso son estimados porque el cuerpo de cada ni\u00f1o es diferente y tambi\u00e9n lo es su condici\u00f3n f\u00edsica.<\/div>\n<\/div>\n","protected":false},"featured_media":10719,"comment_status":"closed","ping_status":"closed","template":"","meta":[],"product_brand":[],"product_cat":[206],"product_tag":[219,238,237,236],"class_list":{"0":"post-10706","1":"product","2":"type-product","3":"status-publish","4":"has-post-thumbnail","6":"product_cat-contenido-del-panal","7":"product_tag-algodon-organico-es","8":"product_tag-panal-absorbente","9":"product_tag-panal-de-canamo","10":"product_tag-panal-de-noche","12":"first","13":"instock","14":"shipping-taxable","15":"purchasable","16":"product-type-variable"},"yoast_head":"<!-- This site is optimized with the Yoast SEO plugin v27.4 - https:\/\/yoast.com\/product\/yoast-seo-wordpress\/ -->\n<title>Pa\u00f1al contorno noche - Nulu<\/title>\n<meta name=\"description\" content=\"El pa\u00f1al de noche contorneado con c\u00e1\u00f1amo y algod\u00f3n 100% org\u00e1nico es una excelente combinaci\u00f3n para uso nocturno. Ambos pa\u00f1ales interiores constan de dos capas de felpa, que son el\u00e1sticas y el\u00e1sticas, y los el\u00e1sticos en la parte inferior y en las piernas sujetan todo lo que quiere fluir.\" \/>\n<meta name=\"robots\" content=\"index, follow, max-snippet:-1, max-image-preview:large, max-video-preview:-1\" \/>\n<link rel=\"canonical\" href=\"https:\/\/nulu.ee\/es\/toode\/mahe-de-contorno-unico\/\" \/>\n<meta property=\"og:locale\" content=\"es_ES\" \/>\n<meta property=\"og:type\" content=\"article\" \/>\n<meta property=\"og:title\" content=\"Pa\u00f1al contorno noche - Nulu\" \/>\n<meta property=\"og:description\" content=\"El pa\u00f1al de noche contorneado con c\u00e1\u00f1amo y algod\u00f3n 100% org\u00e1nico es una excelente combinaci\u00f3n para uso nocturno. Ambos pa\u00f1ales interiores constan de dos capas de felpa, que son el\u00e1sticas y el\u00e1sticas, y los el\u00e1sticos en la parte inferior y en las piernas sujetan todo lo que quiere fluir.\" \/>\n<meta property=\"og:url\" content=\"https:\/\/nulu.ee\/es\/toode\/mahe-de-contorno-unico\/\" \/>\n<meta property=\"og:site_name\" content=\"Nulu\" \/>\n<meta property=\"og:image\" content=\"https:\/\/nulu.ee\/wp-content\/uploads\/2022\/11\/9F50ADA6-DB39-4E35-8A60-EDCA7A41DD30.jpeg\" \/>\n\t<meta property=\"og:image:width\" content=\"1080\" \/>\n\t<meta property=\"og:image:height\" content=\"1440\" \/>\n\t<meta property=\"og:image:type\" content=\"image\/jpeg\" \/>\n<meta name=\"twitter:card\" content=\"summary_large_image\" \/>\n<meta name=\"twitter:label1\" content=\"Tiempo de lectura\" \/>\n\t<meta name=\"twitter:data1\" content=\"1 minuto\" \/>\n<script type=\"application\/ld+json\" class=\"yoast-schema-graph\">{\"@context\":\"https:\\\/\\\/schema.org\",\"@graph\":[{\"@type\":\"WebPage\",\"@id\":\"https:\\\/\\\/nulu.ee\\\/es\\\/toode\\\/mahe-de-contorno-unico\\\/\",\"url\":\"https:\\\/\\\/nulu.ee\\\/es\\\/toode\\\/mahe-de-contorno-unico\\\/\",\"name\":\"Pa\u00f1al contorno noche - Nulu\",\"isPartOf\":{\"@id\":\"https:\\\/\\\/nulu.ee\\\/es\\\/#website\"},\"primaryImageOfPage\":{\"@id\":\"https:\\\/\\\/nulu.ee\\\/es\\\/toode\\\/mahe-de-contorno-unico\\\/#primaryimage\"},\"image\":{\"@id\":\"https:\\\/\\\/nulu.ee\\\/es\\\/toode\\\/mahe-de-contorno-unico\\\/#primaryimage\"},\"thumbnailUrl\":\"https:\\\/\\\/nulu.ee\\\/wp-content\\\/uploads\\\/2022\\\/11\\\/9F50ADA6-DB39-4E35-8A60-EDCA7A41DD30.jpeg\",\"datePublished\":\"2022-11-13T12:35:48+00:00\",\"description\":\"El pa\u00f1al de noche contorneado con c\u00e1\u00f1amo y algod\u00f3n 100% org\u00e1nico es una excelente combinaci\u00f3n para uso nocturno. Ambos pa\u00f1ales interiores constan de dos capas de felpa, que son el\u00e1sticas y el\u00e1sticas, y los el\u00e1sticos en la parte inferior y en las piernas sujetan todo lo que quiere fluir.\",\"breadcrumb\":{\"@id\":\"https:\\\/\\\/nulu.ee\\\/es\\\/toode\\\/mahe-de-contorno-unico\\\/#breadcrumb\"},\"inLanguage\":\"es\",\"potentialAction\":[{\"@type\":\"ReadAction\",\"target\":[\"https:\\\/\\\/nulu.ee\\\/es\\\/toode\\\/mahe-de-contorno-unico\\\/\"]}]},{\"@type\":\"ImageObject\",\"inLanguage\":\"es\",\"@id\":\"https:\\\/\\\/nulu.ee\\\/es\\\/toode\\\/mahe-de-contorno-unico\\\/#primaryimage\",\"url\":\"https:\\\/\\\/nulu.ee\\\/wp-content\\\/uploads\\\/2022\\\/11\\\/9F50ADA6-DB39-4E35-8A60-EDCA7A41DD30.jpeg\",\"contentUrl\":\"https:\\\/\\\/nulu.ee\\\/wp-content\\\/uploads\\\/2022\\\/11\\\/9F50ADA6-DB39-4E35-8A60-EDCA7A41DD30.jpeg\",\"width\":1080,\"height\":1440},{\"@type\":\"BreadcrumbList\",\"@id\":\"https:\\\/\\\/nulu.ee\\\/es\\\/toode\\\/mahe-de-contorno-unico\\\/#breadcrumb\",\"itemListElement\":[{\"@type\":\"ListItem\",\"position\":1,\"name\":\"Home\",\"item\":\"https:\\\/\\\/nulu.ee\\\/es\\\/\"},{\"@type\":\"ListItem\",\"position\":2,\"name\":\"Tienda\",\"item\":\"https:\\\/\\\/nulu.ee\\\/es\\\/tienda\\\/\"},{\"@type\":\"ListItem\",\"position\":3,\"name\":\"Pa\u00f1al contorno noche\"}]},{\"@type\":\"WebSite\",\"@id\":\"https:\\\/\\\/nulu.ee\\\/es\\\/#website\",\"url\":\"https:\\\/\\\/nulu.ee\\\/es\\\/\",\"name\":\"Nulu\",\"description\":\"\",\"publisher\":{\"@id\":\"https:\\\/\\\/nulu.ee\\\/es\\\/#organization\"},\"potentialAction\":[{\"@type\":\"SearchAction\",\"target\":{\"@type\":\"EntryPoint\",\"urlTemplate\":\"https:\\\/\\\/nulu.ee\\\/es\\\/?s={search_term_string}\"},\"query-input\":{\"@type\":\"PropertyValueSpecification\",\"valueRequired\":true,\"valueName\":\"search_term_string\"}}],\"inLanguage\":\"es\"},{\"@type\":\"Organization\",\"@id\":\"https:\\\/\\\/nulu.ee\\\/es\\\/#organization\",\"name\":\"Nulu\",\"url\":\"https:\\\/\\\/nulu.ee\\\/es\\\/\",\"logo\":{\"@type\":\"ImageObject\",\"inLanguage\":\"es\",\"@id\":\"https:\\\/\\\/nulu.ee\\\/es\\\/#\\\/schema\\\/logo\\\/image\\\/\",\"url\":\"https:\\\/\\\/nulu.ee\\\/wp-content\\\/uploads\\\/2022\\\/09\\\/NULU-logo.png\",\"contentUrl\":\"https:\\\/\\\/nulu.ee\\\/wp-content\\\/uploads\\\/2022\\\/09\\\/NULU-logo.png\",\"width\":150,\"height\":150,\"caption\":\"Nulu\"},\"image\":{\"@id\":\"https:\\\/\\\/nulu.ee\\\/es\\\/#\\\/schema\\\/logo\\\/image\\\/\"}}]}<\/script>\n<!-- \/ Yoast SEO plugin. -->","yoast_head_json":{"title":"Pa\u00f1al contorno noche - Nulu","description":"El pa\u00f1al de noche contorneado con c\u00e1\u00f1amo y algod\u00f3n 100% org\u00e1nico es una excelente combinaci\u00f3n para uso nocturno. Ambos pa\u00f1ales interiores constan de dos capas de felpa, que son el\u00e1sticas y el\u00e1sticas, y los el\u00e1sticos en la parte inferior y en las piernas sujetan todo lo que quiere fluir.","robots":{"index":"index","follow":"follow","max-snippet":"max-snippet:-1","max-image-preview":"max-image-preview:large","max-video-preview":"max-video-preview:-1"},"canonical":"https:\/\/nulu.ee\/es\/toode\/mahe-de-contorno-unico\/","og_locale":"es_ES","og_type":"article","og_title":"Pa\u00f1al contorno noche - Nulu","og_description":"El pa\u00f1al de noche contorneado con c\u00e1\u00f1amo y algod\u00f3n 100% org\u00e1nico es una excelente combinaci\u00f3n para uso nocturno. Ambos pa\u00f1ales interiores constan de dos capas de felpa, que son el\u00e1sticas y el\u00e1sticas, y los el\u00e1sticos en la parte inferior y en las piernas sujetan todo lo que quiere fluir.","og_url":"https:\/\/nulu.ee\/es\/toode\/mahe-de-contorno-unico\/","og_site_name":"Nulu","og_image":[{"width":1080,"height":1440,"url":"https:\/\/nulu.ee\/wp-content\/uploads\/2022\/11\/9F50ADA6-DB39-4E35-8A60-EDCA7A41DD30.jpeg","type":"image\/jpeg"}],"twitter_card":"summary_large_image","twitter_misc":{"Tiempo de lectura":"1 minuto"},"schema":{"@context":"https:\/\/schema.org","@graph":[{"@type":"WebPage","@id":"https:\/\/nulu.ee\/es\/toode\/mahe-de-contorno-unico\/","url":"https:\/\/nulu.ee\/es\/toode\/mahe-de-contorno-unico\/","name":"Pa\u00f1al contorno noche - Nulu","isPartOf":{"@id":"https:\/\/nulu.ee\/es\/#website"},"primaryImageOfPage":{"@id":"https:\/\/nulu.ee\/es\/toode\/mahe-de-contorno-unico\/#primaryimage"},"image":{"@id":"https:\/\/nulu.ee\/es\/toode\/mahe-de-contorno-unico\/#primaryimage"},"thumbnailUrl":"https:\/\/nulu.ee\/wp-content\/uploads\/2022\/11\/9F50ADA6-DB39-4E35-8A60-EDCA7A41DD30.jpeg","datePublished":"2022-11-13T12:35:48+00:00","description":"El pa\u00f1al de noche contorneado con c\u00e1\u00f1amo y algod\u00f3n 100% org\u00e1nico es una excelente combinaci\u00f3n para uso nocturno. Ambos pa\u00f1ales interiores constan de dos capas de felpa, que son el\u00e1sticas y el\u00e1sticas, y los el\u00e1sticos en la parte inferior y en las piernas sujetan todo lo que quiere fluir.","breadcrumb":{"@id":"https:\/\/nulu.ee\/es\/toode\/mahe-de-contorno-unico\/#breadcrumb"},"inLanguage":"es","potentialAction":[{"@type":"ReadAction","target":["https:\/\/nulu.ee\/es\/toode\/mahe-de-contorno-unico\/"]}]},{"@type":"ImageObject","inLanguage":"es","@id":"https:\/\/nulu.ee\/es\/toode\/mahe-de-contorno-unico\/#primaryimage","url":"https:\/\/nulu.ee\/wp-content\/uploads\/2022\/11\/9F50ADA6-DB39-4E35-8A60-EDCA7A41DD30.jpeg","contentUrl":"https:\/\/nulu.ee\/wp-content\/uploads\/2022\/11\/9F50ADA6-DB39-4E35-8A60-EDCA7A41DD30.jpeg","width":1080,"height":1440},{"@type":"BreadcrumbList","@id":"https:\/\/nulu.ee\/es\/toode\/mahe-de-contorno-unico\/#breadcrumb","itemListElement":[{"@type":"ListItem","position":1,"name":"Home","item":"https:\/\/nulu.ee\/es\/"},{"@type":"ListItem","position":2,"name":"Tienda","item":"https:\/\/nulu.ee\/es\/tienda\/"},{"@type":"ListItem","position":3,"name":"Pa\u00f1al contorno noche"}]},{"@type":"WebSite","@id":"https:\/\/nulu.ee\/es\/#website","url":"https:\/\/nulu.ee\/es\/","name":"Nulu","description":"","publisher":{"@id":"https:\/\/nulu.ee\/es\/#organization"},"potentialAction":[{"@type":"SearchAction","target":{"@type":"EntryPoint","urlTemplate":"https:\/\/nulu.ee\/es\/?s={search_term_string}"},"query-input":{"@type":"PropertyValueSpecification","valueRequired":true,"valueName":"search_term_string"}}],"inLanguage":"es"},{"@type":"Organization","@id":"https:\/\/nulu.ee\/es\/#organization","name":"Nulu","url":"https:\/\/nulu.ee\/es\/","logo":{"@type":"ImageObject","inLanguage":"es","@id":"https:\/\/nulu.ee\/es\/#\/schema\/logo\/image\/","url":"https:\/\/nulu.ee\/wp-content\/uploads\/2022\/09\/NULU-logo.png","contentUrl":"https:\/\/nulu.ee\/wp-content\/uploads\/2022\/09\/NULU-logo.png","width":150,"height":150,"caption":"Nulu"},"image":{"@id":"https:\/\/nulu.ee\/es\/#\/schema\/logo\/image\/"}}]}},"jetpack_sharing_enabled":true,"_links":{"self":[{"href":"https:\/\/nulu.ee\/es\/wp-json\/wp\/v2\/product\/10706","targetHints":{"allow":["GET"]}}],"collection":[{"href":"https:\/\/nulu.ee\/es\/wp-json\/wp\/v2\/product"}],"about":[{"href":"https:\/\/nulu.ee\/es\/wp-json\/wp\/v2\/types\/product"}],"replies":[{"embeddable":true,"href":"https:\/\/nulu.ee\/es\/wp-json\/wp\/v2\/comments?post=10706"}],"version-history":[{"count":0,"href":"https:\/\/nulu.ee\/es\/wp-json\/wp\/v2\/product\/10706\/revisions"}],"wp:featuredmedia":[{"embeddable":true,"href":"https:\/\/nulu.ee\/es\/wp-json\/wp\/v2\/media\/10719"}],"wp:attachment":[{"href":"https:\/\/nulu.ee\/es\/wp-json\/wp\/v2\/media?parent=10706"}],"wp:term":[{"taxonomy":"product_brand","embeddable":true,"href":"https:\/\/nulu.ee\/es\/wp-json\/wp\/v2\/product_brand?post=10706"},{"taxonomy":"product_cat","embeddable":true,"href":"https:\/\/nulu.ee\/es\/wp-json\/wp\/v2\/product_cat?post=10706"},{"taxonomy":"product_tag","embeddable":true,"href":"https:\/\/nulu.ee\/es\/wp-json\/wp\/v2\/product_tag?post=10706"}],"curies":[{"name":"wp","href":"https:\/\/api.w.org\/{rel}","templated":true}]}}