{"id":10699,"date":"2022-11-16T16:31:41","date_gmt":"2022-11-16T16:31:41","guid":{"rendered":"https:\/\/nulu.ee\/toode\/pantalones-de-entrenamiento-para-ir-al-bano\/"},"modified":"2024-07-12T12:01:40","modified_gmt":"2024-07-12T09:01:40","slug":"tops-de-entrenamiento-para-ir-al-bano","status":"publish","type":"product","link":"https:\/\/nulu.ee\/es\/toode\/tops-de-entrenamiento-para-ir-al-bano\/","title":{"rendered":"Pantalones de entrenamiento para ir al ba\u00f1o"},"content":{"rendered":"<div>Los pantalones de entrenamiento para ir al ba\u00f1o parecen bragas normales, pero tienen una capa extra absorbente de felpa de algod\u00f3n org\u00e1nico en el interior que puede absorber l\u00edquidos. Los pantalones retienen la orina, por lo que el ni\u00f1o r\u00e1pidamente siente una desagradable sensaci\u00f3n de humedad y, por lo tanto, aumenta su conciencia de s\u00ed mismo. De esta forma, es posible dirigir al ni\u00f1o al ba\u00f1o m\u00e1s r\u00e1pidamente.<\/div>\n<div><\/div>\n<div>Apto para uso a partir de 9 kg.<\/div>\n<div><\/div>\n<div><b>Mantenimiento<\/b><\/div>\n<div>Los materiales est\u00e1n <b>prelavados<\/b> para <b>evitar<\/b> <b>que encojan<\/b> posteriormente. La mejor absorbencia se consigue despu\u00e9s de varios lavados.<br \/>\nSe recomienda <b>lavar a m\u00e1quina a 40\u00b0.<\/b><br \/>\n<b><br \/>\n<\/b><b>Composici\u00f3n<\/b><br \/>\nCapa extra absorbente &#8211; 100% algod\u00f3n org\u00e1nico<br \/>\nTejido exterior e interior: 95% algod\u00f3n org\u00e1nico y 5% elastano<\/div>\n<div><\/div>\n<div><b>Obra.<br \/>\n<\/b>Hecho con mucho amor en Estonia.<\/div>\n<div><\/div>\n<div><strong>El combo<\/strong> es m\u00e1s econ\u00f3mico que comprarlo individualmente. Escribe tu solicitud de patr\u00f3n en el cuadro de comentarios al realizar el pago.<\/div>\n","protected":false},"excerpt":{"rendered":"<p>Los pantalones de entrenamiento para ir al ba\u00f1o parecen bragas normales, pero tienen una capa extra absorbente de felpa de<\/p>\n","protected":false},"featured_media":10707,"comment_status":"open","ping_status":"closed","template":"","meta":[],"product_brand":[],"product_cat":[233],"product_tag":[219,234,235],"class_list":{"0":"post-10699","1":"product","2":"type-product","3":"status-publish","4":"has-post-thumbnail","6":"product_cat-pantalones-de-entrenamiento-para-ir-al-bano","7":"product_tag-algodon-organico-es","8":"product_tag-entrenamiento-para-ir-al-bano","9":"product_tag-entrenamiento-para-ir-al-bano-es","11":"first","12":"outofstock","13":"sale","14":"shipping-taxable","15":"purchasable","16":"product-type-variable"},"yoast_head":"<!-- This site is optimized with the Yoast SEO plugin v27.4 - https:\/\/yoast.com\/product\/yoast-seo-wordpress\/ -->\n<title>Pantalones de entrenamiento para ir al ba\u00f1o - Nulu<\/title>\n<meta name=\"description\" content=\"Los pantalones de entrenamiento para ir al ba\u00f1o parecen bragas normales, pero tienen una capa extra absorbente de felpa de algod\u00f3n org\u00e1nico en el interior que puede absorber l\u00edquidos. Los pantalones retienen la orina, por lo que el ni\u00f1o r\u00e1pidamente siente una desagradable sensaci\u00f3n de humedad y, por lo tanto, aumenta su conciencia de s\u00ed mismo. De esta forma, es posible dirigir al ni\u00f1o al ba\u00f1o m\u00e1s r\u00e1pidamente.\" \/>\n<meta name=\"robots\" content=\"index, follow, max-snippet:-1, max-image-preview:large, max-video-preview:-1\" \/>\n<link rel=\"canonical\" href=\"https:\/\/nulu.ee\/es\/toode\/tops-de-entrenamiento-para-ir-al-bano\/\" \/>\n<meta property=\"og:locale\" content=\"es_ES\" \/>\n<meta property=\"og:type\" content=\"article\" \/>\n<meta property=\"og:title\" content=\"Pantalones de entrenamiento para ir al ba\u00f1o - Nulu\" \/>\n<meta property=\"og:description\" content=\"Los pantalones de entrenamiento para ir al ba\u00f1o parecen bragas normales, pero tienen una capa extra absorbente de felpa de algod\u00f3n org\u00e1nico en el interior que puede absorber l\u00edquidos. Los pantalones retienen la orina, por lo que el ni\u00f1o r\u00e1pidamente siente una desagradable sensaci\u00f3n de humedad y, por lo tanto, aumenta su conciencia de s\u00ed mismo. De esta forma, es posible dirigir al ni\u00f1o al ba\u00f1o m\u00e1s r\u00e1pidamente.\" \/>\n<meta property=\"og:url\" content=\"https:\/\/nulu.ee\/es\/toode\/tops-de-entrenamiento-para-ir-al-bano\/\" \/>\n<meta property=\"og:site_name\" content=\"Nulu\" \/>\n<meta property=\"article:modified_time\" content=\"2024-07-12T09:01:40+00:00\" \/>\n<meta property=\"og:image\" content=\"https:\/\/nulu.ee\/wp-content\/uploads\/2022\/11\/EF2A5FC6-C40C-40DE-A1E1-29195C32D407-scaled.jpeg\" \/>\n\t<meta property=\"og:image:width\" content=\"1920\" \/>\n\t<meta property=\"og:image:height\" content=\"2560\" \/>\n\t<meta property=\"og:image:type\" content=\"image\/jpeg\" \/>\n<meta name=\"twitter:card\" content=\"summary_large_image\" \/>\n<meta name=\"twitter:label1\" content=\"Tiempo de lectura\" \/>\n\t<meta name=\"twitter:data1\" content=\"1 minuto\" \/>\n<script type=\"application\/ld+json\" class=\"yoast-schema-graph\">{\"@context\":\"https:\\\/\\\/schema.org\",\"@graph\":[{\"@type\":\"WebPage\",\"@id\":\"https:\\\/\\\/nulu.ee\\\/es\\\/toode\\\/tops-de-entrenamiento-para-ir-al-bano\\\/\",\"url\":\"https:\\\/\\\/nulu.ee\\\/es\\\/toode\\\/tops-de-entrenamiento-para-ir-al-bano\\\/\",\"name\":\"Pantalones de entrenamiento para ir al ba\u00f1o - Nulu\",\"isPartOf\":{\"@id\":\"https:\\\/\\\/nulu.ee\\\/es\\\/#website\"},\"primaryImageOfPage\":{\"@id\":\"https:\\\/\\\/nulu.ee\\\/es\\\/toode\\\/tops-de-entrenamiento-para-ir-al-bano\\\/#primaryimage\"},\"image\":{\"@id\":\"https:\\\/\\\/nulu.ee\\\/es\\\/toode\\\/tops-de-entrenamiento-para-ir-al-bano\\\/#primaryimage\"},\"thumbnailUrl\":\"https:\\\/\\\/nulu.ee\\\/wp-content\\\/uploads\\\/2022\\\/11\\\/EF2A5FC6-C40C-40DE-A1E1-29195C32D407-scaled.jpeg\",\"datePublished\":\"2022-11-16T16:31:41+00:00\",\"dateModified\":\"2024-07-12T09:01:40+00:00\",\"description\":\"Los pantalones de entrenamiento para ir al ba\u00f1o parecen bragas normales, pero tienen una capa extra absorbente de felpa de algod\u00f3n org\u00e1nico en el interior que puede absorber l\u00edquidos. Los pantalones retienen la orina, por lo que el ni\u00f1o r\u00e1pidamente siente una desagradable sensaci\u00f3n de humedad y, por lo tanto, aumenta su conciencia de s\u00ed mismo. De esta forma, es posible dirigir al ni\u00f1o al ba\u00f1o m\u00e1s r\u00e1pidamente.\",\"breadcrumb\":{\"@id\":\"https:\\\/\\\/nulu.ee\\\/es\\\/toode\\\/tops-de-entrenamiento-para-ir-al-bano\\\/#breadcrumb\"},\"inLanguage\":\"es\",\"potentialAction\":[{\"@type\":\"ReadAction\",\"target\":[\"https:\\\/\\\/nulu.ee\\\/es\\\/toode\\\/tops-de-entrenamiento-para-ir-al-bano\\\/\"]}]},{\"@type\":\"ImageObject\",\"inLanguage\":\"es\",\"@id\":\"https:\\\/\\\/nulu.ee\\\/es\\\/toode\\\/tops-de-entrenamiento-para-ir-al-bano\\\/#primaryimage\",\"url\":\"https:\\\/\\\/nulu.ee\\\/wp-content\\\/uploads\\\/2022\\\/11\\\/EF2A5FC6-C40C-40DE-A1E1-29195C32D407-scaled.jpeg\",\"contentUrl\":\"https:\\\/\\\/nulu.ee\\\/wp-content\\\/uploads\\\/2022\\\/11\\\/EF2A5FC6-C40C-40DE-A1E1-29195C32D407-scaled.jpeg\",\"width\":1920,\"height\":2560},{\"@type\":\"BreadcrumbList\",\"@id\":\"https:\\\/\\\/nulu.ee\\\/es\\\/toode\\\/tops-de-entrenamiento-para-ir-al-bano\\\/#breadcrumb\",\"itemListElement\":[{\"@type\":\"ListItem\",\"position\":1,\"name\":\"Home\",\"item\":\"https:\\\/\\\/nulu.ee\\\/es\\\/\"},{\"@type\":\"ListItem\",\"position\":2,\"name\":\"Tienda\",\"item\":\"https:\\\/\\\/nulu.ee\\\/es\\\/tienda\\\/\"},{\"@type\":\"ListItem\",\"position\":3,\"name\":\"Pantalones de entrenamiento para ir al ba\u00f1o\"}]},{\"@type\":\"WebSite\",\"@id\":\"https:\\\/\\\/nulu.ee\\\/es\\\/#website\",\"url\":\"https:\\\/\\\/nulu.ee\\\/es\\\/\",\"name\":\"Nulu\",\"description\":\"\",\"publisher\":{\"@id\":\"https:\\\/\\\/nulu.ee\\\/es\\\/#organization\"},\"potentialAction\":[{\"@type\":\"SearchAction\",\"target\":{\"@type\":\"EntryPoint\",\"urlTemplate\":\"https:\\\/\\\/nulu.ee\\\/es\\\/?s={search_term_string}\"},\"query-input\":{\"@type\":\"PropertyValueSpecification\",\"valueRequired\":true,\"valueName\":\"search_term_string\"}}],\"inLanguage\":\"es\"},{\"@type\":\"Organization\",\"@id\":\"https:\\\/\\\/nulu.ee\\\/es\\\/#organization\",\"name\":\"Nulu\",\"url\":\"https:\\\/\\\/nulu.ee\\\/es\\\/\",\"logo\":{\"@type\":\"ImageObject\",\"inLanguage\":\"es\",\"@id\":\"https:\\\/\\\/nulu.ee\\\/es\\\/#\\\/schema\\\/logo\\\/image\\\/\",\"url\":\"https:\\\/\\\/nulu.ee\\\/wp-content\\\/uploads\\\/2022\\\/09\\\/NULU-logo.png\",\"contentUrl\":\"https:\\\/\\\/nulu.ee\\\/wp-content\\\/uploads\\\/2022\\\/09\\\/NULU-logo.png\",\"width\":150,\"height\":150,\"caption\":\"Nulu\"},\"image\":{\"@id\":\"https:\\\/\\\/nulu.ee\\\/es\\\/#\\\/schema\\\/logo\\\/image\\\/\"}}]}<\/script>\n<!-- \/ Yoast SEO plugin. -->","yoast_head_json":{"title":"Pantalones de entrenamiento para ir al ba\u00f1o - Nulu","description":"Los pantalones de entrenamiento para ir al ba\u00f1o parecen bragas normales, pero tienen una capa extra absorbente de felpa de algod\u00f3n org\u00e1nico en el interior que puede absorber l\u00edquidos. Los pantalones retienen la orina, por lo que el ni\u00f1o r\u00e1pidamente siente una desagradable sensaci\u00f3n de humedad y, por lo tanto, aumenta su conciencia de s\u00ed mismo. De esta forma, es posible dirigir al ni\u00f1o al ba\u00f1o m\u00e1s r\u00e1pidamente.","robots":{"index":"index","follow":"follow","max-snippet":"max-snippet:-1","max-image-preview":"max-image-preview:large","max-video-preview":"max-video-preview:-1"},"canonical":"https:\/\/nulu.ee\/es\/toode\/tops-de-entrenamiento-para-ir-al-bano\/","og_locale":"es_ES","og_type":"article","og_title":"Pantalones de entrenamiento para ir al ba\u00f1o - Nulu","og_description":"Los pantalones de entrenamiento para ir al ba\u00f1o parecen bragas normales, pero tienen una capa extra absorbente de felpa de algod\u00f3n org\u00e1nico en el interior que puede absorber l\u00edquidos. Los pantalones retienen la orina, por lo que el ni\u00f1o r\u00e1pidamente siente una desagradable sensaci\u00f3n de humedad y, por lo tanto, aumenta su conciencia de s\u00ed mismo. De esta forma, es posible dirigir al ni\u00f1o al ba\u00f1o m\u00e1s r\u00e1pidamente.","og_url":"https:\/\/nulu.ee\/es\/toode\/tops-de-entrenamiento-para-ir-al-bano\/","og_site_name":"Nulu","article_modified_time":"2024-07-12T09:01:40+00:00","og_image":[{"width":1920,"height":2560,"url":"https:\/\/nulu.ee\/wp-content\/uploads\/2022\/11\/EF2A5FC6-C40C-40DE-A1E1-29195C32D407-scaled.jpeg","type":"image\/jpeg"}],"twitter_card":"summary_large_image","twitter_misc":{"Tiempo de lectura":"1 minuto"},"schema":{"@context":"https:\/\/schema.org","@graph":[{"@type":"WebPage","@id":"https:\/\/nulu.ee\/es\/toode\/tops-de-entrenamiento-para-ir-al-bano\/","url":"https:\/\/nulu.ee\/es\/toode\/tops-de-entrenamiento-para-ir-al-bano\/","name":"Pantalones de entrenamiento para ir al ba\u00f1o - Nulu","isPartOf":{"@id":"https:\/\/nulu.ee\/es\/#website"},"primaryImageOfPage":{"@id":"https:\/\/nulu.ee\/es\/toode\/tops-de-entrenamiento-para-ir-al-bano\/#primaryimage"},"image":{"@id":"https:\/\/nulu.ee\/es\/toode\/tops-de-entrenamiento-para-ir-al-bano\/#primaryimage"},"thumbnailUrl":"https:\/\/nulu.ee\/wp-content\/uploads\/2022\/11\/EF2A5FC6-C40C-40DE-A1E1-29195C32D407-scaled.jpeg","datePublished":"2022-11-16T16:31:41+00:00","dateModified":"2024-07-12T09:01:40+00:00","description":"Los pantalones de entrenamiento para ir al ba\u00f1o parecen bragas normales, pero tienen una capa extra absorbente de felpa de algod\u00f3n org\u00e1nico en el interior que puede absorber l\u00edquidos. Los pantalones retienen la orina, por lo que el ni\u00f1o r\u00e1pidamente siente una desagradable sensaci\u00f3n de humedad y, por lo tanto, aumenta su conciencia de s\u00ed mismo. De esta forma, es posible dirigir al ni\u00f1o al ba\u00f1o m\u00e1s r\u00e1pidamente.","breadcrumb":{"@id":"https:\/\/nulu.ee\/es\/toode\/tops-de-entrenamiento-para-ir-al-bano\/#breadcrumb"},"inLanguage":"es","potentialAction":[{"@type":"ReadAction","target":["https:\/\/nulu.ee\/es\/toode\/tops-de-entrenamiento-para-ir-al-bano\/"]}]},{"@type":"ImageObject","inLanguage":"es","@id":"https:\/\/nulu.ee\/es\/toode\/tops-de-entrenamiento-para-ir-al-bano\/#primaryimage","url":"https:\/\/nulu.ee\/wp-content\/uploads\/2022\/11\/EF2A5FC6-C40C-40DE-A1E1-29195C32D407-scaled.jpeg","contentUrl":"https:\/\/nulu.ee\/wp-content\/uploads\/2022\/11\/EF2A5FC6-C40C-40DE-A1E1-29195C32D407-scaled.jpeg","width":1920,"height":2560},{"@type":"BreadcrumbList","@id":"https:\/\/nulu.ee\/es\/toode\/tops-de-entrenamiento-para-ir-al-bano\/#breadcrumb","itemListElement":[{"@type":"ListItem","position":1,"name":"Home","item":"https:\/\/nulu.ee\/es\/"},{"@type":"ListItem","position":2,"name":"Tienda","item":"https:\/\/nulu.ee\/es\/tienda\/"},{"@type":"ListItem","position":3,"name":"Pantalones de entrenamiento para ir al ba\u00f1o"}]},{"@type":"WebSite","@id":"https:\/\/nulu.ee\/es\/#website","url":"https:\/\/nulu.ee\/es\/","name":"Nulu","description":"","publisher":{"@id":"https:\/\/nulu.ee\/es\/#organization"},"potentialAction":[{"@type":"SearchAction","target":{"@type":"EntryPoint","urlTemplate":"https:\/\/nulu.ee\/es\/?s={search_term_string}"},"query-input":{"@type":"PropertyValueSpecification","valueRequired":true,"valueName":"search_term_string"}}],"inLanguage":"es"},{"@type":"Organization","@id":"https:\/\/nulu.ee\/es\/#organization","name":"Nulu","url":"https:\/\/nulu.ee\/es\/","logo":{"@type":"ImageObject","inLanguage":"es","@id":"https:\/\/nulu.ee\/es\/#\/schema\/logo\/image\/","url":"https:\/\/nulu.ee\/wp-content\/uploads\/2022\/09\/NULU-logo.png","contentUrl":"https:\/\/nulu.ee\/wp-content\/uploads\/2022\/09\/NULU-logo.png","width":150,"height":150,"caption":"Nulu"},"image":{"@id":"https:\/\/nulu.ee\/es\/#\/schema\/logo\/image\/"}}]}},"jetpack_sharing_enabled":true,"_links":{"self":[{"href":"https:\/\/nulu.ee\/es\/wp-json\/wp\/v2\/product\/10699","targetHints":{"allow":["GET"]}}],"collection":[{"href":"https:\/\/nulu.ee\/es\/wp-json\/wp\/v2\/product"}],"about":[{"href":"https:\/\/nulu.ee\/es\/wp-json\/wp\/v2\/types\/product"}],"replies":[{"embeddable":true,"href":"https:\/\/nulu.ee\/es\/wp-json\/wp\/v2\/comments?post=10699"}],"version-history":[{"count":0,"href":"https:\/\/nulu.ee\/es\/wp-json\/wp\/v2\/product\/10699\/revisions"}],"wp:featuredmedia":[{"embeddable":true,"href":"https:\/\/nulu.ee\/es\/wp-json\/wp\/v2\/media\/10707"}],"wp:attachment":[{"href":"https:\/\/nulu.ee\/es\/wp-json\/wp\/v2\/media?parent=10699"}],"wp:term":[{"taxonomy":"product_brand","embeddable":true,"href":"https:\/\/nulu.ee\/es\/wp-json\/wp\/v2\/product_brand?post=10699"},{"taxonomy":"product_cat","embeddable":true,"href":"https:\/\/nulu.ee\/es\/wp-json\/wp\/v2\/product_cat?post=10699"},{"taxonomy":"product_tag","embeddable":true,"href":"https:\/\/nulu.ee\/es\/wp-json\/wp\/v2\/product_tag?post=10699"}],"curies":[{"name":"wp","href":"https:\/\/api.w.org\/{rel}","templated":true}]}}