{"id":10641,"date":"2022-11-13T16:06:00","date_gmt":"2022-11-13T16:06:00","guid":{"rendered":"https:\/\/nulu.ee\/toode\/panal-de-cinta-de-algodon-organico\/"},"modified":"2024-11-07T19:17:16","modified_gmt":"2024-11-07T16:17:16","slug":"cinta-de-algodon-organico","status":"publish","type":"product","link":"https:\/\/nulu.ee\/es\/toode\/cinta-de-algodon-organico\/","title":{"rendered":"Pa\u00f1al de cinta de algod\u00f3n org\u00e1nico."},"content":{"rendered":"<div><b>\u00bfTe encanta<\/b> usar pa\u00f1ales prefabricados pero <b>no te has hecho amigo de Snap<\/b> ? \u00a1Entonces este pa\u00f1al de cinta es solo para <b>ti!<\/b><\/div>\n<div>Hechos <b>de terciopelo de algod\u00f3n org\u00e1nico,<\/b> los pa\u00f1ales prefabricados son <b>lujosamente suaves<\/b> y <b>delicados<\/b> para su beb\u00e9 y solo se pueden abrochar <b>con cordones<\/b> . <b>El terciopelo de algod\u00f3n org\u00e1nico<\/b> es <b>muy absorbente<\/b> y deja al beb\u00e9 <b>con una sensaci\u00f3n de sequedad<\/b> .<\/div>\n<div><\/div>\n<div><b>Tallas<\/b><br \/>\n<b>Nota<\/b> : 2,5-7 kg<br \/>\n<b>SO<\/b> &#8211; 6-&#8230;kg<br \/>\n<b>\u00a1N\u00d3TESE BIEN!<\/b>  Me gustar\u00eda se\u00f1alar que los rangos de peso son estimados porque el cuerpo de cada ni\u00f1o es diferente y tambi\u00e9n lo es su condici\u00f3n f\u00edsica.<\/div>\n<div><\/div>\n<div>\n<p><b>Composici\u00f3n<\/b><br \/>\n100% algod\u00f3n org\u00e1nico <b>(GOTS)<\/b><\/p>\n<p><b><\/b><b>Mantenimiento<\/b><br \/>\nLos materiales de los pa\u00f1ales est\u00e1n <b>prelavados<\/b> para <b>evitar<\/b> <b>que encojan<\/b> posteriormente. La mejor absorbencia se consigue despu\u00e9s de varios lavados.<br \/>\nRecomendado<b><\/b> <b>Lavado a m\u00e1quina a 60\u00b0.<\/b><br \/>\n<b><\/b><br \/>\n<b>Obra.<br \/>\n<\/b>Hecho con mucho amor en Estonia.<\/p>\n<\/div>\n","protected":false},"excerpt":{"rendered":"<p>\u00bfTe encanta usar pa\u00f1ales prefabricados pero no te has hecho amigo de Snap ? \u00a1Entonces este pa\u00f1al de cinta es<\/p>\n","protected":false},"featured_media":10653,"comment_status":"open","ping_status":"closed","template":"","meta":[],"product_brand":[],"product_cat":[206],"product_tag":[217,230,232,231],"class_list":{"0":"post-10641","1":"product","2":"type-product","3":"status-publish","4":"has-post-thumbnail","6":"product_cat-contenido-del-panal","7":"product_tag-algodon-organico","8":"product_tag-algodon-organico-es-2","9":"product_tag-panal-de-cinta","10":"product_tag-terciopelo","12":"first","13":"instock","14":"shipping-taxable","15":"purchasable","16":"product-type-variable"},"yoast_head":"<!-- This site is optimized with the Yoast SEO plugin v27.5 - https:\/\/yoast.com\/product\/yoast-seo-wordpress\/ -->\n<title>Pa\u00f1al de cinta de algod\u00f3n org\u00e1nico. - Nulu<\/title>\n<meta name=\"description\" content=\"\u00bfTe encanta usar pa\u00f1ales prefabricados pero no te has hecho amigo de Snap? \u00a1Entonces este pa\u00f1al de cinta es solo para ti! Hechos de terciopelo de algod\u00f3n org\u00e1nico, los pa\u00f1ales prefabricados son lujosamente suaves y delicados para su beb\u00e9 y solo se pueden abrochar con cordones. El terciopelo de algod\u00f3n org\u00e1nico es muy absorbente y deja al beb\u00e9 con una sensaci\u00f3n seca.\" \/>\n<meta name=\"robots\" content=\"index, follow, max-snippet:-1, max-image-preview:large, max-video-preview:-1\" \/>\n<link rel=\"canonical\" href=\"https:\/\/nulu.ee\/es\/toode\/cinta-de-algodon-organico\/\" \/>\n<meta property=\"og:locale\" content=\"es_ES\" \/>\n<meta property=\"og:type\" content=\"article\" \/>\n<meta property=\"og:title\" content=\"Pa\u00f1al de cinta de algod\u00f3n org\u00e1nico. - Nulu\" \/>\n<meta property=\"og:description\" content=\"\u00bfTe encanta usar pa\u00f1ales prefabricados pero no te has hecho amigo de Snap? \u00a1Entonces este pa\u00f1al de cinta es solo para ti! Hechos de terciopelo de algod\u00f3n org\u00e1nico, los pa\u00f1ales prefabricados son lujosamente suaves y delicados para su beb\u00e9 y solo se pueden abrochar con cordones. El terciopelo de algod\u00f3n org\u00e1nico es muy absorbente y deja al beb\u00e9 con una sensaci\u00f3n seca.\" \/>\n<meta property=\"og:url\" content=\"https:\/\/nulu.ee\/es\/toode\/cinta-de-algodon-organico\/\" \/>\n<meta property=\"og:site_name\" content=\"Nulu\" \/>\n<meta property=\"article:modified_time\" content=\"2024-11-07T16:17:16+00:00\" \/>\n<meta property=\"og:image\" content=\"https:\/\/nulu.ee\/wp-content\/uploads\/2022\/12\/IMG_6319-scaled.jpeg\" \/>\n\t<meta property=\"og:image:width\" content=\"2000\" \/>\n\t<meta property=\"og:image:height\" content=\"2560\" \/>\n\t<meta property=\"og:image:type\" content=\"image\/jpeg\" \/>\n<meta name=\"twitter:card\" content=\"summary_large_image\" \/>\n<meta name=\"twitter:label1\" content=\"Tiempo de lectura\" \/>\n\t<meta name=\"twitter:data1\" content=\"1 minuto\" \/>\n<script type=\"application\/ld+json\" class=\"yoast-schema-graph\">{\"@context\":\"https:\\\/\\\/schema.org\",\"@graph\":[{\"@type\":\"WebPage\",\"@id\":\"https:\\\/\\\/nulu.ee\\\/es\\\/toode\\\/cinta-de-algodon-organico\\\/\",\"url\":\"https:\\\/\\\/nulu.ee\\\/es\\\/toode\\\/cinta-de-algodon-organico\\\/\",\"name\":\"Pa\u00f1al de cinta de algod\u00f3n org\u00e1nico. - Nulu\",\"isPartOf\":{\"@id\":\"https:\\\/\\\/nulu.ee\\\/es\\\/#website\"},\"primaryImageOfPage\":{\"@id\":\"https:\\\/\\\/nulu.ee\\\/es\\\/toode\\\/cinta-de-algodon-organico\\\/#primaryimage\"},\"image\":{\"@id\":\"https:\\\/\\\/nulu.ee\\\/es\\\/toode\\\/cinta-de-algodon-organico\\\/#primaryimage\"},\"thumbnailUrl\":\"https:\\\/\\\/nulu.ee\\\/wp-content\\\/uploads\\\/2022\\\/12\\\/IMG_6319-scaled.jpeg\",\"datePublished\":\"2022-11-13T16:06:00+00:00\",\"dateModified\":\"2024-11-07T16:17:16+00:00\",\"description\":\"\u00bfTe encanta usar pa\u00f1ales prefabricados pero no te has hecho amigo de Snap? \u00a1Entonces este pa\u00f1al de cinta es solo para ti! Hechos de terciopelo de algod\u00f3n org\u00e1nico, los pa\u00f1ales prefabricados son lujosamente suaves y delicados para su beb\u00e9 y solo se pueden abrochar con cordones. El terciopelo de algod\u00f3n org\u00e1nico es muy absorbente y deja al beb\u00e9 con una sensaci\u00f3n seca.\",\"breadcrumb\":{\"@id\":\"https:\\\/\\\/nulu.ee\\\/es\\\/toode\\\/cinta-de-algodon-organico\\\/#breadcrumb\"},\"inLanguage\":\"es\",\"potentialAction\":[{\"@type\":\"ReadAction\",\"target\":[\"https:\\\/\\\/nulu.ee\\\/es\\\/toode\\\/cinta-de-algodon-organico\\\/\"]}]},{\"@type\":\"ImageObject\",\"inLanguage\":\"es\",\"@id\":\"https:\\\/\\\/nulu.ee\\\/es\\\/toode\\\/cinta-de-algodon-organico\\\/#primaryimage\",\"url\":\"https:\\\/\\\/nulu.ee\\\/wp-content\\\/uploads\\\/2022\\\/12\\\/IMG_6319-scaled.jpeg\",\"contentUrl\":\"https:\\\/\\\/nulu.ee\\\/wp-content\\\/uploads\\\/2022\\\/12\\\/IMG_6319-scaled.jpeg\",\"width\":2000,\"height\":2560},{\"@type\":\"BreadcrumbList\",\"@id\":\"https:\\\/\\\/nulu.ee\\\/es\\\/toode\\\/cinta-de-algodon-organico\\\/#breadcrumb\",\"itemListElement\":[{\"@type\":\"ListItem\",\"position\":1,\"name\":\"Home\",\"item\":\"https:\\\/\\\/nulu.ee\\\/es\\\/\"},{\"@type\":\"ListItem\",\"position\":2,\"name\":\"Tienda\",\"item\":\"https:\\\/\\\/nulu.ee\\\/es\\\/tienda\\\/\"},{\"@type\":\"ListItem\",\"position\":3,\"name\":\"Pa\u00f1al de cinta de algod\u00f3n org\u00e1nico.\"}]},{\"@type\":\"WebSite\",\"@id\":\"https:\\\/\\\/nulu.ee\\\/es\\\/#website\",\"url\":\"https:\\\/\\\/nulu.ee\\\/es\\\/\",\"name\":\"Nulu\",\"description\":\"\",\"publisher\":{\"@id\":\"https:\\\/\\\/nulu.ee\\\/es\\\/#organization\"},\"potentialAction\":[{\"@type\":\"SearchAction\",\"target\":{\"@type\":\"EntryPoint\",\"urlTemplate\":\"https:\\\/\\\/nulu.ee\\\/es\\\/?s={search_term_string}\"},\"query-input\":{\"@type\":\"PropertyValueSpecification\",\"valueRequired\":true,\"valueName\":\"search_term_string\"}}],\"inLanguage\":\"es\"},{\"@type\":\"Organization\",\"@id\":\"https:\\\/\\\/nulu.ee\\\/es\\\/#organization\",\"name\":\"Nulu\",\"url\":\"https:\\\/\\\/nulu.ee\\\/es\\\/\",\"logo\":{\"@type\":\"ImageObject\",\"inLanguage\":\"es\",\"@id\":\"https:\\\/\\\/nulu.ee\\\/es\\\/#\\\/schema\\\/logo\\\/image\\\/\",\"url\":\"https:\\\/\\\/nulu.ee\\\/wp-content\\\/uploads\\\/2022\\\/09\\\/NULU-logo.png\",\"contentUrl\":\"https:\\\/\\\/nulu.ee\\\/wp-content\\\/uploads\\\/2022\\\/09\\\/NULU-logo.png\",\"width\":150,\"height\":150,\"caption\":\"Nulu\"},\"image\":{\"@id\":\"https:\\\/\\\/nulu.ee\\\/es\\\/#\\\/schema\\\/logo\\\/image\\\/\"}}]}<\/script>\n<!-- \/ Yoast SEO plugin. -->","yoast_head_json":{"title":"Pa\u00f1al de cinta de algod\u00f3n org\u00e1nico. - Nulu","description":"\u00bfTe encanta usar pa\u00f1ales prefabricados pero no te has hecho amigo de Snap? \u00a1Entonces este pa\u00f1al de cinta es solo para ti! Hechos de terciopelo de algod\u00f3n org\u00e1nico, los pa\u00f1ales prefabricados son lujosamente suaves y delicados para su beb\u00e9 y solo se pueden abrochar con cordones. El terciopelo de algod\u00f3n org\u00e1nico es muy absorbente y deja al beb\u00e9 con una sensaci\u00f3n seca.","robots":{"index":"index","follow":"follow","max-snippet":"max-snippet:-1","max-image-preview":"max-image-preview:large","max-video-preview":"max-video-preview:-1"},"canonical":"https:\/\/nulu.ee\/es\/toode\/cinta-de-algodon-organico\/","og_locale":"es_ES","og_type":"article","og_title":"Pa\u00f1al de cinta de algod\u00f3n org\u00e1nico. - Nulu","og_description":"\u00bfTe encanta usar pa\u00f1ales prefabricados pero no te has hecho amigo de Snap? \u00a1Entonces este pa\u00f1al de cinta es solo para ti! Hechos de terciopelo de algod\u00f3n org\u00e1nico, los pa\u00f1ales prefabricados son lujosamente suaves y delicados para su beb\u00e9 y solo se pueden abrochar con cordones. El terciopelo de algod\u00f3n org\u00e1nico es muy absorbente y deja al beb\u00e9 con una sensaci\u00f3n seca.","og_url":"https:\/\/nulu.ee\/es\/toode\/cinta-de-algodon-organico\/","og_site_name":"Nulu","article_modified_time":"2024-11-07T16:17:16+00:00","og_image":[{"width":2000,"height":2560,"url":"https:\/\/nulu.ee\/wp-content\/uploads\/2022\/12\/IMG_6319-scaled.jpeg","type":"image\/jpeg"}],"twitter_card":"summary_large_image","twitter_misc":{"Tiempo de lectura":"1 minuto"},"schema":{"@context":"https:\/\/schema.org","@graph":[{"@type":"WebPage","@id":"https:\/\/nulu.ee\/es\/toode\/cinta-de-algodon-organico\/","url":"https:\/\/nulu.ee\/es\/toode\/cinta-de-algodon-organico\/","name":"Pa\u00f1al de cinta de algod\u00f3n org\u00e1nico. - Nulu","isPartOf":{"@id":"https:\/\/nulu.ee\/es\/#website"},"primaryImageOfPage":{"@id":"https:\/\/nulu.ee\/es\/toode\/cinta-de-algodon-organico\/#primaryimage"},"image":{"@id":"https:\/\/nulu.ee\/es\/toode\/cinta-de-algodon-organico\/#primaryimage"},"thumbnailUrl":"https:\/\/nulu.ee\/wp-content\/uploads\/2022\/12\/IMG_6319-scaled.jpeg","datePublished":"2022-11-13T16:06:00+00:00","dateModified":"2024-11-07T16:17:16+00:00","description":"\u00bfTe encanta usar pa\u00f1ales prefabricados pero no te has hecho amigo de Snap? \u00a1Entonces este pa\u00f1al de cinta es solo para ti! Hechos de terciopelo de algod\u00f3n org\u00e1nico, los pa\u00f1ales prefabricados son lujosamente suaves y delicados para su beb\u00e9 y solo se pueden abrochar con cordones. El terciopelo de algod\u00f3n org\u00e1nico es muy absorbente y deja al beb\u00e9 con una sensaci\u00f3n seca.","breadcrumb":{"@id":"https:\/\/nulu.ee\/es\/toode\/cinta-de-algodon-organico\/#breadcrumb"},"inLanguage":"es","potentialAction":[{"@type":"ReadAction","target":["https:\/\/nulu.ee\/es\/toode\/cinta-de-algodon-organico\/"]}]},{"@type":"ImageObject","inLanguage":"es","@id":"https:\/\/nulu.ee\/es\/toode\/cinta-de-algodon-organico\/#primaryimage","url":"https:\/\/nulu.ee\/wp-content\/uploads\/2022\/12\/IMG_6319-scaled.jpeg","contentUrl":"https:\/\/nulu.ee\/wp-content\/uploads\/2022\/12\/IMG_6319-scaled.jpeg","width":2000,"height":2560},{"@type":"BreadcrumbList","@id":"https:\/\/nulu.ee\/es\/toode\/cinta-de-algodon-organico\/#breadcrumb","itemListElement":[{"@type":"ListItem","position":1,"name":"Home","item":"https:\/\/nulu.ee\/es\/"},{"@type":"ListItem","position":2,"name":"Tienda","item":"https:\/\/nulu.ee\/es\/tienda\/"},{"@type":"ListItem","position":3,"name":"Pa\u00f1al de cinta de algod\u00f3n org\u00e1nico."}]},{"@type":"WebSite","@id":"https:\/\/nulu.ee\/es\/#website","url":"https:\/\/nulu.ee\/es\/","name":"Nulu","description":"","publisher":{"@id":"https:\/\/nulu.ee\/es\/#organization"},"potentialAction":[{"@type":"SearchAction","target":{"@type":"EntryPoint","urlTemplate":"https:\/\/nulu.ee\/es\/?s={search_term_string}"},"query-input":{"@type":"PropertyValueSpecification","valueRequired":true,"valueName":"search_term_string"}}],"inLanguage":"es"},{"@type":"Organization","@id":"https:\/\/nulu.ee\/es\/#organization","name":"Nulu","url":"https:\/\/nulu.ee\/es\/","logo":{"@type":"ImageObject","inLanguage":"es","@id":"https:\/\/nulu.ee\/es\/#\/schema\/logo\/image\/","url":"https:\/\/nulu.ee\/wp-content\/uploads\/2022\/09\/NULU-logo.png","contentUrl":"https:\/\/nulu.ee\/wp-content\/uploads\/2022\/09\/NULU-logo.png","width":150,"height":150,"caption":"Nulu"},"image":{"@id":"https:\/\/nulu.ee\/es\/#\/schema\/logo\/image\/"}}]}},"jetpack_sharing_enabled":true,"_links":{"self":[{"href":"https:\/\/nulu.ee\/es\/wp-json\/wp\/v2\/product\/10641","targetHints":{"allow":["GET"]}}],"collection":[{"href":"https:\/\/nulu.ee\/es\/wp-json\/wp\/v2\/product"}],"about":[{"href":"https:\/\/nulu.ee\/es\/wp-json\/wp\/v2\/types\/product"}],"replies":[{"embeddable":true,"href":"https:\/\/nulu.ee\/es\/wp-json\/wp\/v2\/comments?post=10641"}],"version-history":[{"count":0,"href":"https:\/\/nulu.ee\/es\/wp-json\/wp\/v2\/product\/10641\/revisions"}],"wp:featuredmedia":[{"embeddable":true,"href":"https:\/\/nulu.ee\/es\/wp-json\/wp\/v2\/media\/10653"}],"wp:attachment":[{"href":"https:\/\/nulu.ee\/es\/wp-json\/wp\/v2\/media?parent=10641"}],"wp:term":[{"taxonomy":"product_brand","embeddable":true,"href":"https:\/\/nulu.ee\/es\/wp-json\/wp\/v2\/product_brand?post=10641"},{"taxonomy":"product_cat","embeddable":true,"href":"https:\/\/nulu.ee\/es\/wp-json\/wp\/v2\/product_cat?post=10641"},{"taxonomy":"product_tag","embeddable":true,"href":"https:\/\/nulu.ee\/es\/wp-json\/wp\/v2\/product_tag?post=10641"}],"curies":[{"name":"wp","href":"https:\/\/api.w.org\/{rel}","templated":true}]}}