{"id":10637,"date":"2022-11-23T21:57:50","date_gmt":"2022-11-23T21:57:50","guid":{"rendered":"https:\/\/nulu.ee\/toode\/gorro-y-guantes-de-merino-organico\/"},"modified":"2022-11-23T21:57:50","modified_gmt":"2022-11-23T18:57:50","slug":"gorro-y-guantes-de-merino-organico","status":"publish","type":"product","link":"https:\/\/nulu.ee\/es\/toode\/gorro-y-guantes-de-merino-organico\/","title":{"rendered":"Gorro y guantes de merino org\u00e1nico."},"content":{"rendered":"<div class=\"x11i5rnm xat24cr x1mh8g0r x1vvkbs xdj266r x126k92a\"><\/div>\n<div class=\"x11i5rnm xat24cr x1mh8g0r x1vvkbs xtlvy1s x126k92a\">\n<div dir=\"auto\"><\/div>\n<\/div>\n<div dir=\"auto\">\n<div dir=\"auto\"><\/div>\n<\/div>\n","protected":false},"excerpt":{"rendered":"<div class=\"x11i5rnm xat24cr x1mh8g0r x1vvkbs xdj266r x126k92a\">\n<div dir=\"auto\">Organic Merino es el material m\u00e1s ideal para los beb\u00e9s porque est\u00e1 completamente libre de qu\u00edmicos que generalmente se encuentran en la producci\u00f3n de lana, que pueden causar sensibilidad o alergia a la lana.<\/div>\n<div dir=\"auto\">Los gorros Mahemerino son unos compa\u00f1eros s\u00faper suaves para los m\u00e1s peque\u00f1os, incluso cuando hace mucho fr\u00edo. El tama\u00f1o de la gorra se puede ajustar. Hay tres tonos diferentes en la selecci\u00f3n en dos tallas diferentes: 0-3 meses y 4-9 meses.<\/div>\n<\/div>\n<div class=\"x11i5rnm xat24cr x1mh8g0r x1vvkbs xtlvy1s x126k92a\">\n<div dir=\"auto\">El set tambi\u00e9n incluye unos diminutos guantes del mismo tono.<\/div>\n<\/div>\n<div dir=\"auto\"><\/div>\n<div dir=\"auto\"><\/div>\n","protected":false},"featured_media":10638,"comment_status":"closed","ping_status":"closed","template":"","meta":[],"product_brand":[],"product_cat":[226],"product_tag":[],"class_list":{"0":"post-10637","1":"product","2":"type-product","3":"status-publish","4":"has-post-thumbnail","6":"product_cat-productos-de-la-coleccion-nulu","8":"first","9":"instock","10":"shipping-taxable","11":"purchasable","12":"product-type-variable"},"yoast_head":"<!-- This site is optimized with the Yoast SEO plugin v27.6 - https:\/\/yoast.com\/product\/yoast-seo-wordpress\/ -->\n<title>Gorro y guantes de merino org\u00e1nico. - Nulu<\/title>\n<meta name=\"description\" content=\"Organic Merino es el material m\u00e1s ideal para los beb\u00e9s porque est\u00e1 completamente libre de qu\u00edmicos que generalmente se encuentran en la producci\u00f3n de lana, que pueden causar sensibilidad o alergia a la lana.\" \/>\n<meta name=\"robots\" content=\"index, follow, max-snippet:-1, max-image-preview:large, max-video-preview:-1\" \/>\n<link rel=\"canonical\" href=\"https:\/\/nulu.ee\/es\/toode\/gorro-y-guantes-de-merino-organico\/\" \/>\n<meta property=\"og:locale\" content=\"es_ES\" \/>\n<meta property=\"og:type\" content=\"article\" \/>\n<meta property=\"og:title\" content=\"Gorro y guantes de merino org\u00e1nico. - Nulu\" \/>\n<meta property=\"og:description\" content=\"Organic Merino es el material m\u00e1s ideal para los beb\u00e9s porque est\u00e1 completamente libre de qu\u00edmicos que generalmente se encuentran en la producci\u00f3n de lana, que pueden causar sensibilidad o alergia a la lana.\" \/>\n<meta property=\"og:url\" content=\"https:\/\/nulu.ee\/es\/toode\/gorro-y-guantes-de-merino-organico\/\" \/>\n<meta property=\"og:site_name\" content=\"Nulu\" \/>\n<meta property=\"og:image\" content=\"https:\/\/nulu.ee\/wp-content\/uploads\/2022\/11\/IMG_5637-scaled.jpeg\" \/>\n\t<meta property=\"og:image:width\" content=\"1920\" \/>\n\t<meta property=\"og:image:height\" content=\"2560\" \/>\n\t<meta property=\"og:image:type\" content=\"image\/jpeg\" \/>\n<meta name=\"twitter:card\" content=\"summary_large_image\" \/>\n<script type=\"application\/ld+json\" class=\"yoast-schema-graph\">{\"@context\":\"https:\\\/\\\/schema.org\",\"@graph\":[{\"@type\":\"WebPage\",\"@id\":\"https:\\\/\\\/nulu.ee\\\/es\\\/toode\\\/gorro-y-guantes-de-merino-organico\\\/\",\"url\":\"https:\\\/\\\/nulu.ee\\\/es\\\/toode\\\/gorro-y-guantes-de-merino-organico\\\/\",\"name\":\"Gorro y guantes de merino org\u00e1nico. - Nulu\",\"isPartOf\":{\"@id\":\"https:\\\/\\\/nulu.ee\\\/es\\\/#website\"},\"primaryImageOfPage\":{\"@id\":\"https:\\\/\\\/nulu.ee\\\/es\\\/toode\\\/gorro-y-guantes-de-merino-organico\\\/#primaryimage\"},\"image\":{\"@id\":\"https:\\\/\\\/nulu.ee\\\/es\\\/toode\\\/gorro-y-guantes-de-merino-organico\\\/#primaryimage\"},\"thumbnailUrl\":\"https:\\\/\\\/nulu.ee\\\/wp-content\\\/uploads\\\/2022\\\/11\\\/IMG_5637-scaled.jpeg\",\"datePublished\":\"2022-11-23T21:57:50+00:00\",\"description\":\"Organic Merino es el material m\u00e1s ideal para los beb\u00e9s porque est\u00e1 completamente libre de qu\u00edmicos que generalmente se encuentran en la producci\u00f3n de lana, que pueden causar sensibilidad o alergia a la lana.\",\"breadcrumb\":{\"@id\":\"https:\\\/\\\/nulu.ee\\\/es\\\/toode\\\/gorro-y-guantes-de-merino-organico\\\/#breadcrumb\"},\"inLanguage\":\"es\",\"potentialAction\":[{\"@type\":\"ReadAction\",\"target\":[\"https:\\\/\\\/nulu.ee\\\/es\\\/toode\\\/gorro-y-guantes-de-merino-organico\\\/\"]}]},{\"@type\":\"ImageObject\",\"inLanguage\":\"es\",\"@id\":\"https:\\\/\\\/nulu.ee\\\/es\\\/toode\\\/gorro-y-guantes-de-merino-organico\\\/#primaryimage\",\"url\":\"https:\\\/\\\/nulu.ee\\\/wp-content\\\/uploads\\\/2022\\\/11\\\/IMG_5637-scaled.jpeg\",\"contentUrl\":\"https:\\\/\\\/nulu.ee\\\/wp-content\\\/uploads\\\/2022\\\/11\\\/IMG_5637-scaled.jpeg\",\"width\":1920,\"height\":2560},{\"@type\":\"BreadcrumbList\",\"@id\":\"https:\\\/\\\/nulu.ee\\\/es\\\/toode\\\/gorro-y-guantes-de-merino-organico\\\/#breadcrumb\",\"itemListElement\":[{\"@type\":\"ListItem\",\"position\":1,\"name\":\"Home\",\"item\":\"https:\\\/\\\/nulu.ee\\\/es\\\/\"},{\"@type\":\"ListItem\",\"position\":2,\"name\":\"Tienda\",\"item\":\"https:\\\/\\\/nulu.ee\\\/es\\\/tienda\\\/\"},{\"@type\":\"ListItem\",\"position\":3,\"name\":\"Gorro y guantes de merino org\u00e1nico.\"}]},{\"@type\":\"WebSite\",\"@id\":\"https:\\\/\\\/nulu.ee\\\/es\\\/#website\",\"url\":\"https:\\\/\\\/nulu.ee\\\/es\\\/\",\"name\":\"Nulu\",\"description\":\"\",\"publisher\":{\"@id\":\"https:\\\/\\\/nulu.ee\\\/es\\\/#organization\"},\"potentialAction\":[{\"@type\":\"SearchAction\",\"target\":{\"@type\":\"EntryPoint\",\"urlTemplate\":\"https:\\\/\\\/nulu.ee\\\/es\\\/?s={search_term_string}\"},\"query-input\":{\"@type\":\"PropertyValueSpecification\",\"valueRequired\":true,\"valueName\":\"search_term_string\"}}],\"inLanguage\":\"es\"},{\"@type\":\"Organization\",\"@id\":\"https:\\\/\\\/nulu.ee\\\/es\\\/#organization\",\"name\":\"Nulu\",\"url\":\"https:\\\/\\\/nulu.ee\\\/es\\\/\",\"logo\":{\"@type\":\"ImageObject\",\"inLanguage\":\"es\",\"@id\":\"https:\\\/\\\/nulu.ee\\\/es\\\/#\\\/schema\\\/logo\\\/image\\\/\",\"url\":\"https:\\\/\\\/nulu.ee\\\/wp-content\\\/uploads\\\/2022\\\/09\\\/NULU-logo.png\",\"contentUrl\":\"https:\\\/\\\/nulu.ee\\\/wp-content\\\/uploads\\\/2022\\\/09\\\/NULU-logo.png\",\"width\":150,\"height\":150,\"caption\":\"Nulu\"},\"image\":{\"@id\":\"https:\\\/\\\/nulu.ee\\\/es\\\/#\\\/schema\\\/logo\\\/image\\\/\"}}]}<\/script>\n<!-- \/ Yoast SEO plugin. -->","yoast_head_json":{"title":"Gorro y guantes de merino org\u00e1nico. - Nulu","description":"Organic Merino es el material m\u00e1s ideal para los beb\u00e9s porque est\u00e1 completamente libre de qu\u00edmicos que generalmente se encuentran en la producci\u00f3n de lana, que pueden causar sensibilidad o alergia a la lana.","robots":{"index":"index","follow":"follow","max-snippet":"max-snippet:-1","max-image-preview":"max-image-preview:large","max-video-preview":"max-video-preview:-1"},"canonical":"https:\/\/nulu.ee\/es\/toode\/gorro-y-guantes-de-merino-organico\/","og_locale":"es_ES","og_type":"article","og_title":"Gorro y guantes de merino org\u00e1nico. - Nulu","og_description":"Organic Merino es el material m\u00e1s ideal para los beb\u00e9s porque est\u00e1 completamente libre de qu\u00edmicos que generalmente se encuentran en la producci\u00f3n de lana, que pueden causar sensibilidad o alergia a la lana.","og_url":"https:\/\/nulu.ee\/es\/toode\/gorro-y-guantes-de-merino-organico\/","og_site_name":"Nulu","og_image":[{"width":1920,"height":2560,"url":"https:\/\/nulu.ee\/wp-content\/uploads\/2022\/11\/IMG_5637-scaled.jpeg","type":"image\/jpeg"}],"twitter_card":"summary_large_image","schema":{"@context":"https:\/\/schema.org","@graph":[{"@type":"WebPage","@id":"https:\/\/nulu.ee\/es\/toode\/gorro-y-guantes-de-merino-organico\/","url":"https:\/\/nulu.ee\/es\/toode\/gorro-y-guantes-de-merino-organico\/","name":"Gorro y guantes de merino org\u00e1nico. - Nulu","isPartOf":{"@id":"https:\/\/nulu.ee\/es\/#website"},"primaryImageOfPage":{"@id":"https:\/\/nulu.ee\/es\/toode\/gorro-y-guantes-de-merino-organico\/#primaryimage"},"image":{"@id":"https:\/\/nulu.ee\/es\/toode\/gorro-y-guantes-de-merino-organico\/#primaryimage"},"thumbnailUrl":"https:\/\/nulu.ee\/wp-content\/uploads\/2022\/11\/IMG_5637-scaled.jpeg","datePublished":"2022-11-23T21:57:50+00:00","description":"Organic Merino es el material m\u00e1s ideal para los beb\u00e9s porque est\u00e1 completamente libre de qu\u00edmicos que generalmente se encuentran en la producci\u00f3n de lana, que pueden causar sensibilidad o alergia a la lana.","breadcrumb":{"@id":"https:\/\/nulu.ee\/es\/toode\/gorro-y-guantes-de-merino-organico\/#breadcrumb"},"inLanguage":"es","potentialAction":[{"@type":"ReadAction","target":["https:\/\/nulu.ee\/es\/toode\/gorro-y-guantes-de-merino-organico\/"]}]},{"@type":"ImageObject","inLanguage":"es","@id":"https:\/\/nulu.ee\/es\/toode\/gorro-y-guantes-de-merino-organico\/#primaryimage","url":"https:\/\/nulu.ee\/wp-content\/uploads\/2022\/11\/IMG_5637-scaled.jpeg","contentUrl":"https:\/\/nulu.ee\/wp-content\/uploads\/2022\/11\/IMG_5637-scaled.jpeg","width":1920,"height":2560},{"@type":"BreadcrumbList","@id":"https:\/\/nulu.ee\/es\/toode\/gorro-y-guantes-de-merino-organico\/#breadcrumb","itemListElement":[{"@type":"ListItem","position":1,"name":"Home","item":"https:\/\/nulu.ee\/es\/"},{"@type":"ListItem","position":2,"name":"Tienda","item":"https:\/\/nulu.ee\/es\/tienda\/"},{"@type":"ListItem","position":3,"name":"Gorro y guantes de merino org\u00e1nico."}]},{"@type":"WebSite","@id":"https:\/\/nulu.ee\/es\/#website","url":"https:\/\/nulu.ee\/es\/","name":"Nulu","description":"","publisher":{"@id":"https:\/\/nulu.ee\/es\/#organization"},"potentialAction":[{"@type":"SearchAction","target":{"@type":"EntryPoint","urlTemplate":"https:\/\/nulu.ee\/es\/?s={search_term_string}"},"query-input":{"@type":"PropertyValueSpecification","valueRequired":true,"valueName":"search_term_string"}}],"inLanguage":"es"},{"@type":"Organization","@id":"https:\/\/nulu.ee\/es\/#organization","name":"Nulu","url":"https:\/\/nulu.ee\/es\/","logo":{"@type":"ImageObject","inLanguage":"es","@id":"https:\/\/nulu.ee\/es\/#\/schema\/logo\/image\/","url":"https:\/\/nulu.ee\/wp-content\/uploads\/2022\/09\/NULU-logo.png","contentUrl":"https:\/\/nulu.ee\/wp-content\/uploads\/2022\/09\/NULU-logo.png","width":150,"height":150,"caption":"Nulu"},"image":{"@id":"https:\/\/nulu.ee\/es\/#\/schema\/logo\/image\/"}}]}},"jetpack_sharing_enabled":true,"_links":{"self":[{"href":"https:\/\/nulu.ee\/es\/wp-json\/wp\/v2\/product\/10637","targetHints":{"allow":["GET"]}}],"collection":[{"href":"https:\/\/nulu.ee\/es\/wp-json\/wp\/v2\/product"}],"about":[{"href":"https:\/\/nulu.ee\/es\/wp-json\/wp\/v2\/types\/product"}],"replies":[{"embeddable":true,"href":"https:\/\/nulu.ee\/es\/wp-json\/wp\/v2\/comments?post=10637"}],"version-history":[{"count":0,"href":"https:\/\/nulu.ee\/es\/wp-json\/wp\/v2\/product\/10637\/revisions"}],"wp:featuredmedia":[{"embeddable":true,"href":"https:\/\/nulu.ee\/es\/wp-json\/wp\/v2\/media\/10638"}],"wp:attachment":[{"href":"https:\/\/nulu.ee\/es\/wp-json\/wp\/v2\/media?parent=10637"}],"wp:term":[{"taxonomy":"product_brand","embeddable":true,"href":"https:\/\/nulu.ee\/es\/wp-json\/wp\/v2\/product_brand?post=10637"},{"taxonomy":"product_cat","embeddable":true,"href":"https:\/\/nulu.ee\/es\/wp-json\/wp\/v2\/product_cat?post=10637"},{"taxonomy":"product_tag","embeddable":true,"href":"https:\/\/nulu.ee\/es\/wp-json\/wp\/v2\/product_tag?post=10637"}],"curies":[{"name":"wp","href":"https:\/\/api.w.org\/{rel}","templated":true}]}}