{"id":10608,"date":"2023-03-08T11:57:11","date_gmt":"2023-03-08T08:57:11","guid":{"rendered":"https:\/\/nulu.ee\/toode\/panal-predoblado-tencel-modal\/"},"modified":"2023-03-08T11:57:11","modified_gmt":"2023-03-08T08:57:11","slug":"preplegado-organico-tencel-modal","status":"publish","type":"product","link":"https:\/\/nulu.ee\/es\/toode\/preplegado-organico-tencel-modal\/","title":{"rendered":"Pa\u00f1al predoblado Tencel\u2122 Modal"},"content":{"rendered":"<p>\u00bfHace tiempo que so\u00f1aste con un pa\u00f1al maravillosamente suave y el\u00e1stico que no necesita secadora y se seca r\u00e1pidamente? Y adem\u00e1s de todo eso, tambi\u00e9n es muy absorbente y lo suficientemente el\u00e1stico como para reposicionarlo perfectamente para el beb\u00e9.<\/p>\n<p><strong>Para eso est\u00e1 Tencel\u2122 Modal:<\/strong><\/p>\n<ul>\n<li>M\u00e1s suave y terso que Tencel\u2122 Lyocell<\/li>\n<li>delgado<\/li>\n<li>sensaci\u00f3n de frescor en la piel (ideal para el per\u00edodo estival)<\/li>\n<li>no encoge con el lavado y conserva su forma<\/li>\n<\/ul>\n<p>Este pa\u00f1al prefabricado tiene 3 capas y requiere un clip para pa\u00f1ales y una capa repelente al agua para sujetarlo. Combinan perfectamente con pantalones de lana, as\u00ed como con fundas cosidas y tambi\u00e9n con fundas de tejido PUL.<\/p>\n<p>El tama\u00f1o OS se adapta a los beb\u00e9s desde el nacimiento hasta el final de la edad del pa\u00f1al.<\/p>\n<div><b>Mantenimiento<\/b><\/div>\n<div>Los pa\u00f1ales son aptos para lavar a m\u00e1quina a 40\u00b0-60\u00b0, secar en secadora solo a baja temperatura. La mejor absorbencia se logra lavando varias veces antes de su uso. Puede volverse blando, pero las propiedades no cambiar\u00e1n.<\/div>\n<div><\/div>\n<div><b>Ingredientes:<\/b><\/div>\n<div><strong>Colores s\u00f3lidos<\/strong> : 95 % Tencel\u2122 Modal, 5 % elastano<\/div>\n<div><strong>Estampado<\/strong> : capa superior 47% Modal, 47% Algod\u00f3n, 6% Elastano<\/div>\n<div>  &#8211; capas interiores 95% Tencel\u2122 Modal, 5% elastano<\/div>\n","protected":false},"excerpt":{"rendered":"<p>\u00bfHace tiempo que so\u00f1aste con un pa\u00f1al maravillosamente suave y el\u00e1stico que no necesita secadora y se seca r\u00e1pidamente? Y<\/p>\n","protected":false},"featured_media":12285,"comment_status":"open","ping_status":"closed","template":"","meta":[],"product_brand":[],"product_cat":[206],"product_tag":[222,224,221,223],"class_list":{"0":"post-10608","1":"product","2":"type-product","3":"status-publish","4":"has-post-thumbnail","6":"product_cat-contenido-del-panal","7":"product_tag-modal-es","8":"product_tag-preflauta","9":"product_tag-tencel-es","10":"product_tag-un-panal-preestablecido","12":"first","13":"instock","14":"shipping-taxable","15":"purchasable","16":"product-type-variable"},"yoast_head":"<!-- This site is optimized with the Yoast SEO plugin v27.4 - https:\/\/yoast.com\/product\/yoast-seo-wordpress\/ -->\n<title>Pa\u00f1al predoblado Tencel\u2122 Modal - Nulu<\/title>\n<meta name=\"description\" content=\"Pa\u00f1al predoblado modal Tencel\u2122: este pa\u00f1al predoblado tiene 3 capas y requiere un clip para pa\u00f1ales y una capa repelente al agua para asegurarlo. Combinan perfectamente con pantalones de lana, as\u00ed como con fundas cosidas y tambi\u00e9n con fundas de tejido PUL.\" \/>\n<meta name=\"robots\" content=\"index, follow, max-snippet:-1, max-image-preview:large, max-video-preview:-1\" \/>\n<link rel=\"canonical\" href=\"https:\/\/nulu.ee\/es\/toode\/preplegado-organico-tencel-modal\/\" \/>\n<meta property=\"og:locale\" content=\"es_ES\" \/>\n<meta property=\"og:type\" content=\"article\" \/>\n<meta property=\"og:title\" content=\"Pa\u00f1al predoblado Tencel\u2122 Modal - Nulu\" \/>\n<meta property=\"og:description\" content=\"Pa\u00f1al predoblado modal Tencel\u2122: este pa\u00f1al predoblado tiene 3 capas y requiere un clip para pa\u00f1ales y una capa repelente al agua para asegurarlo. Combinan perfectamente con pantalones de lana, as\u00ed como con fundas cosidas y tambi\u00e9n con fundas de tejido PUL.\" \/>\n<meta property=\"og:url\" content=\"https:\/\/nulu.ee\/es\/toode\/preplegado-organico-tencel-modal\/\" \/>\n<meta property=\"og:site_name\" content=\"Nulu\" \/>\n<meta property=\"og:image\" content=\"https:\/\/nulu.ee\/wp-content\/uploads\/2023\/09\/IMG_4195_jpg-scaled.jpeg\" \/>\n\t<meta property=\"og:image:width\" content=\"1920\" \/>\n\t<meta property=\"og:image:height\" content=\"2560\" \/>\n\t<meta property=\"og:image:type\" content=\"image\/jpeg\" \/>\n<meta name=\"twitter:card\" content=\"summary_large_image\" \/>\n<meta name=\"twitter:label1\" content=\"Tiempo de lectura\" \/>\n\t<meta name=\"twitter:data1\" content=\"1 minuto\" \/>\n<script type=\"application\/ld+json\" class=\"yoast-schema-graph\">{\"@context\":\"https:\\\/\\\/schema.org\",\"@graph\":[{\"@type\":\"WebPage\",\"@id\":\"https:\\\/\\\/nulu.ee\\\/es\\\/toode\\\/preplegado-organico-tencel-modal\\\/\",\"url\":\"https:\\\/\\\/nulu.ee\\\/es\\\/toode\\\/preplegado-organico-tencel-modal\\\/\",\"name\":\"Pa\u00f1al predoblado Tencel\u2122 Modal - Nulu\",\"isPartOf\":{\"@id\":\"https:\\\/\\\/nulu.ee\\\/es\\\/#website\"},\"primaryImageOfPage\":{\"@id\":\"https:\\\/\\\/nulu.ee\\\/es\\\/toode\\\/preplegado-organico-tencel-modal\\\/#primaryimage\"},\"image\":{\"@id\":\"https:\\\/\\\/nulu.ee\\\/es\\\/toode\\\/preplegado-organico-tencel-modal\\\/#primaryimage\"},\"thumbnailUrl\":\"https:\\\/\\\/nulu.ee\\\/wp-content\\\/uploads\\\/2024\\\/12\\\/IMG_8860_jpg-scaled.jpeg\",\"datePublished\":\"2023-03-08T08:57:11+00:00\",\"description\":\"Pa\u00f1al predoblado modal Tencel\u2122: este pa\u00f1al predoblado tiene 3 capas y requiere un clip para pa\u00f1ales y una capa repelente al agua para asegurarlo. Combinan perfectamente con pantalones de lana, as\u00ed como con fundas cosidas y tambi\u00e9n con fundas de tejido PUL.\",\"breadcrumb\":{\"@id\":\"https:\\\/\\\/nulu.ee\\\/es\\\/toode\\\/preplegado-organico-tencel-modal\\\/#breadcrumb\"},\"inLanguage\":\"es\",\"potentialAction\":[{\"@type\":\"ReadAction\",\"target\":[\"https:\\\/\\\/nulu.ee\\\/es\\\/toode\\\/preplegado-organico-tencel-modal\\\/\"]}]},{\"@type\":\"ImageObject\",\"inLanguage\":\"es\",\"@id\":\"https:\\\/\\\/nulu.ee\\\/es\\\/toode\\\/preplegado-organico-tencel-modal\\\/#primaryimage\",\"url\":\"https:\\\/\\\/nulu.ee\\\/wp-content\\\/uploads\\\/2024\\\/12\\\/IMG_8860_jpg-scaled.jpeg\",\"contentUrl\":\"https:\\\/\\\/nulu.ee\\\/wp-content\\\/uploads\\\/2024\\\/12\\\/IMG_8860_jpg-scaled.jpeg\",\"width\":1811,\"height\":2560},{\"@type\":\"BreadcrumbList\",\"@id\":\"https:\\\/\\\/nulu.ee\\\/es\\\/toode\\\/preplegado-organico-tencel-modal\\\/#breadcrumb\",\"itemListElement\":[{\"@type\":\"ListItem\",\"position\":1,\"name\":\"Home\",\"item\":\"https:\\\/\\\/nulu.ee\\\/es\\\/\"},{\"@type\":\"ListItem\",\"position\":2,\"name\":\"Tienda\",\"item\":\"https:\\\/\\\/nulu.ee\\\/es\\\/tienda\\\/\"},{\"@type\":\"ListItem\",\"position\":3,\"name\":\"Pa\u00f1al predoblado Tencel\u2122 Modal\"}]},{\"@type\":\"WebSite\",\"@id\":\"https:\\\/\\\/nulu.ee\\\/es\\\/#website\",\"url\":\"https:\\\/\\\/nulu.ee\\\/es\\\/\",\"name\":\"Nulu\",\"description\":\"\",\"publisher\":{\"@id\":\"https:\\\/\\\/nulu.ee\\\/es\\\/#organization\"},\"potentialAction\":[{\"@type\":\"SearchAction\",\"target\":{\"@type\":\"EntryPoint\",\"urlTemplate\":\"https:\\\/\\\/nulu.ee\\\/es\\\/?s={search_term_string}\"},\"query-input\":{\"@type\":\"PropertyValueSpecification\",\"valueRequired\":true,\"valueName\":\"search_term_string\"}}],\"inLanguage\":\"es\"},{\"@type\":\"Organization\",\"@id\":\"https:\\\/\\\/nulu.ee\\\/es\\\/#organization\",\"name\":\"Nulu\",\"url\":\"https:\\\/\\\/nulu.ee\\\/es\\\/\",\"logo\":{\"@type\":\"ImageObject\",\"inLanguage\":\"es\",\"@id\":\"https:\\\/\\\/nulu.ee\\\/es\\\/#\\\/schema\\\/logo\\\/image\\\/\",\"url\":\"https:\\\/\\\/nulu.ee\\\/wp-content\\\/uploads\\\/2022\\\/09\\\/NULU-logo.png\",\"contentUrl\":\"https:\\\/\\\/nulu.ee\\\/wp-content\\\/uploads\\\/2022\\\/09\\\/NULU-logo.png\",\"width\":150,\"height\":150,\"caption\":\"Nulu\"},\"image\":{\"@id\":\"https:\\\/\\\/nulu.ee\\\/es\\\/#\\\/schema\\\/logo\\\/image\\\/\"}}]}<\/script>\n<!-- \/ Yoast SEO plugin. -->","yoast_head_json":{"title":"Pa\u00f1al predoblado Tencel\u2122 Modal - Nulu","description":"Pa\u00f1al predoblado modal Tencel\u2122: este pa\u00f1al predoblado tiene 3 capas y requiere un clip para pa\u00f1ales y una capa repelente al agua para asegurarlo. Combinan perfectamente con pantalones de lana, as\u00ed como con fundas cosidas y tambi\u00e9n con fundas de tejido PUL.","robots":{"index":"index","follow":"follow","max-snippet":"max-snippet:-1","max-image-preview":"max-image-preview:large","max-video-preview":"max-video-preview:-1"},"canonical":"https:\/\/nulu.ee\/es\/toode\/preplegado-organico-tencel-modal\/","og_locale":"es_ES","og_type":"article","og_title":"Pa\u00f1al predoblado Tencel\u2122 Modal - Nulu","og_description":"Pa\u00f1al predoblado modal Tencel\u2122: este pa\u00f1al predoblado tiene 3 capas y requiere un clip para pa\u00f1ales y una capa repelente al agua para asegurarlo. Combinan perfectamente con pantalones de lana, as\u00ed como con fundas cosidas y tambi\u00e9n con fundas de tejido PUL.","og_url":"https:\/\/nulu.ee\/es\/toode\/preplegado-organico-tencel-modal\/","og_site_name":"Nulu","og_image":[{"width":1920,"height":2560,"url":"https:\/\/nulu.ee\/wp-content\/uploads\/2023\/09\/IMG_4195_jpg-scaled.jpeg","type":"image\/jpeg"}],"twitter_card":"summary_large_image","twitter_misc":{"Tiempo de lectura":"1 minuto"},"schema":{"@context":"https:\/\/schema.org","@graph":[{"@type":"WebPage","@id":"https:\/\/nulu.ee\/es\/toode\/preplegado-organico-tencel-modal\/","url":"https:\/\/nulu.ee\/es\/toode\/preplegado-organico-tencel-modal\/","name":"Pa\u00f1al predoblado Tencel\u2122 Modal - Nulu","isPartOf":{"@id":"https:\/\/nulu.ee\/es\/#website"},"primaryImageOfPage":{"@id":"https:\/\/nulu.ee\/es\/toode\/preplegado-organico-tencel-modal\/#primaryimage"},"image":{"@id":"https:\/\/nulu.ee\/es\/toode\/preplegado-organico-tencel-modal\/#primaryimage"},"thumbnailUrl":"https:\/\/nulu.ee\/wp-content\/uploads\/2024\/12\/IMG_8860_jpg-scaled.jpeg","datePublished":"2023-03-08T08:57:11+00:00","description":"Pa\u00f1al predoblado modal Tencel\u2122: este pa\u00f1al predoblado tiene 3 capas y requiere un clip para pa\u00f1ales y una capa repelente al agua para asegurarlo. Combinan perfectamente con pantalones de lana, as\u00ed como con fundas cosidas y tambi\u00e9n con fundas de tejido PUL.","breadcrumb":{"@id":"https:\/\/nulu.ee\/es\/toode\/preplegado-organico-tencel-modal\/#breadcrumb"},"inLanguage":"es","potentialAction":[{"@type":"ReadAction","target":["https:\/\/nulu.ee\/es\/toode\/preplegado-organico-tencel-modal\/"]}]},{"@type":"ImageObject","inLanguage":"es","@id":"https:\/\/nulu.ee\/es\/toode\/preplegado-organico-tencel-modal\/#primaryimage","url":"https:\/\/nulu.ee\/wp-content\/uploads\/2024\/12\/IMG_8860_jpg-scaled.jpeg","contentUrl":"https:\/\/nulu.ee\/wp-content\/uploads\/2024\/12\/IMG_8860_jpg-scaled.jpeg","width":1811,"height":2560},{"@type":"BreadcrumbList","@id":"https:\/\/nulu.ee\/es\/toode\/preplegado-organico-tencel-modal\/#breadcrumb","itemListElement":[{"@type":"ListItem","position":1,"name":"Home","item":"https:\/\/nulu.ee\/es\/"},{"@type":"ListItem","position":2,"name":"Tienda","item":"https:\/\/nulu.ee\/es\/tienda\/"},{"@type":"ListItem","position":3,"name":"Pa\u00f1al predoblado Tencel\u2122 Modal"}]},{"@type":"WebSite","@id":"https:\/\/nulu.ee\/es\/#website","url":"https:\/\/nulu.ee\/es\/","name":"Nulu","description":"","publisher":{"@id":"https:\/\/nulu.ee\/es\/#organization"},"potentialAction":[{"@type":"SearchAction","target":{"@type":"EntryPoint","urlTemplate":"https:\/\/nulu.ee\/es\/?s={search_term_string}"},"query-input":{"@type":"PropertyValueSpecification","valueRequired":true,"valueName":"search_term_string"}}],"inLanguage":"es"},{"@type":"Organization","@id":"https:\/\/nulu.ee\/es\/#organization","name":"Nulu","url":"https:\/\/nulu.ee\/es\/","logo":{"@type":"ImageObject","inLanguage":"es","@id":"https:\/\/nulu.ee\/es\/#\/schema\/logo\/image\/","url":"https:\/\/nulu.ee\/wp-content\/uploads\/2022\/09\/NULU-logo.png","contentUrl":"https:\/\/nulu.ee\/wp-content\/uploads\/2022\/09\/NULU-logo.png","width":150,"height":150,"caption":"Nulu"},"image":{"@id":"https:\/\/nulu.ee\/es\/#\/schema\/logo\/image\/"}}]}},"jetpack_sharing_enabled":true,"_links":{"self":[{"href":"https:\/\/nulu.ee\/es\/wp-json\/wp\/v2\/product\/10608","targetHints":{"allow":["GET"]}}],"collection":[{"href":"https:\/\/nulu.ee\/es\/wp-json\/wp\/v2\/product"}],"about":[{"href":"https:\/\/nulu.ee\/es\/wp-json\/wp\/v2\/types\/product"}],"replies":[{"embeddable":true,"href":"https:\/\/nulu.ee\/es\/wp-json\/wp\/v2\/comments?post=10608"}],"version-history":[{"count":0,"href":"https:\/\/nulu.ee\/es\/wp-json\/wp\/v2\/product\/10608\/revisions"}],"wp:featuredmedia":[{"embeddable":true,"href":"https:\/\/nulu.ee\/es\/wp-json\/wp\/v2\/media\/12285"}],"wp:attachment":[{"href":"https:\/\/nulu.ee\/es\/wp-json\/wp\/v2\/media?parent=10608"}],"wp:term":[{"taxonomy":"product_brand","embeddable":true,"href":"https:\/\/nulu.ee\/es\/wp-json\/wp\/v2\/product_brand?post=10608"},{"taxonomy":"product_cat","embeddable":true,"href":"https:\/\/nulu.ee\/es\/wp-json\/wp\/v2\/product_cat?post=10608"},{"taxonomy":"product_tag","embeddable":true,"href":"https:\/\/nulu.ee\/es\/wp-json\/wp\/v2\/product_tag?post=10608"}],"curies":[{"name":"wp","href":"https:\/\/api.w.org\/{rel}","templated":true}]}}