{"id":10581,"date":"2022-12-06T09:27:34","date_gmt":"2022-12-06T09:27:34","guid":{"rendered":"https:\/\/nulu.ee\/?post_type=product&#038;p=10581"},"modified":"2023-12-18T01:48:28","modified_gmt":"2023-12-17T22:48:28","slug":"chaquetas-largas-merino-suaves-preorden","status":"publish","type":"product","link":"https:\/\/nulu.ee\/es\/toode\/chaquetas-largas-merino-suaves-preorden\/","title":{"rendered":"Pantalones largos de merino para pa\u00f1ales &#8211; PREVENTA &#8211; listos en una semana"},"content":{"rendered":"<p>Los pantalones pa\u00f1ales fabricados con tejido doble de lana merino son aut\u00e9nticas <b>joyas, porque adem\u00e1s hay una tercera capa de tejido merino en la zona del pa\u00f1al, lo que aumenta su resistencia a las fugas.<\/b> Son <b>transpirables<\/b> , <b>naturalmente antibacterianos<\/b> y tambi\u00e9n adecuados para beb\u00e9s con <b>piel especialmente sensible<\/b> . Los pantalones pa\u00f1ales de lana merino Nulu son muy suaves para la piel del beb\u00e9, porque est\u00e1n cosidos de tal manera que <b>no se ven las costuras<\/b> . El corte de estos pantalones se elige <b>con una parte del cuerpo un poco m\u00e1s larga, para que el est\u00f3mago tambi\u00e9n est\u00e9 caliente en los pantalones<\/b> . Ideal para usar en viajes en coche y en candelabro y bolso.<\/p>\n<p>Los pantalones cubrepa\u00f1ales de lana merino son adecuados para usarse sobre un pa\u00f1al interior absorbente para lograr resistencia a las fugas. <b>Necesitan lanolina<\/b> .<\/p>\n<div><b>Tallas<\/b><\/div>\n<div><b>S<\/b> -56-62(68)cm<\/div>\n<div><b>M<\/b> -68-74(80)cm<\/div>\n<div><b>Largo<\/b> -80-86(92)cm<\/div>\n<div><b>\u00a1N\u00d3TESE BIEN!<\/b> Me gustar\u00eda se\u00f1alar que los rangos de peso son estimados porque el cuerpo de cada ni\u00f1o es diferente y tambi\u00e9n lo es su condici\u00f3n f\u00edsica.<\/div>\n<div><\/div>\n<div><b>Mantenimiento<\/b><\/div>\n<div>Los pantalones deben <b>empaparse en agua con lanolina<\/b> antes del primer uso, lo que los hace <b>repelentes al agua<\/b> . La lanolina convierte la orina en sal y agua, por lo que no es necesario lavar la funda con frecuencia. Simplemente deja que los pantalones <b>se ventilen<\/b> entre usos.<\/div>\n<div><b>Lavado a mano<\/b> suave a 30\u00b0 o <b>programa especial de lavado de lana<\/b> con un producto de lana.<\/div>\n<div><\/div>\n<div><b>Obra.<\/b><br \/>\nHecho con mucho amor en Estonia.<\/div>\n<div><\/div>\n<div><b>Composici\u00f3n<\/b><br \/>\n100% merino<\/div>\n<div>100% Oeko-Tex\u00ae<\/div>\n<div>Los tejidos son libres de crueldad animal.<\/div>\n","protected":false},"excerpt":{"rendered":"<p>Los pantalones pa\u00f1ales fabricados con tejido doble de lana merino son aut\u00e9nticas joyas, porque adem\u00e1s hay una tercera capa de<\/p>\n","protected":false},"featured_media":11363,"comment_status":"open","ping_status":"closed","template":"","meta":[],"product_brand":[],"product_cat":[212],"product_tag":[],"class_list":{"0":"post-10581","1":"product","2":"type-product","3":"status-publish","4":"has-post-thumbnail","6":"product_cat-cubrepanales-de-lana-merino","8":"first","9":"instock","10":"featured","11":"shipping-taxable","12":"purchasable","13":"product-type-variable"},"yoast_head":"<!-- This site is optimized with the Yoast SEO plugin v27.4 - https:\/\/yoast.com\/product\/yoast-seo-wordpress\/ -->\n<title>Pantalones largos de merino para pa\u00f1ales - PREVENTA - listos en una semana - Nulu<\/title>\n<meta name=\"description\" content=\"Los pantalones pa\u00f1ales fabricados con tejido doble de lana merino son aut\u00e9nticas joyas, porque adem\u00e1s hay una tercera capa de tejido merino en la zona del pa\u00f1al, lo que aumenta su resistencia a las fugas.\" \/>\n<meta name=\"robots\" content=\"index, follow, max-snippet:-1, max-image-preview:large, max-video-preview:-1\" \/>\n<link rel=\"canonical\" href=\"https:\/\/nulu.ee\/es\/toode\/chaquetas-largas-merino-suaves-preorden\/\" \/>\n<meta property=\"og:locale\" content=\"es_ES\" \/>\n<meta property=\"og:type\" content=\"article\" \/>\n<meta property=\"og:title\" content=\"Pantalones largos de merino para pa\u00f1ales - PREVENTA - listos en una semana - Nulu\" \/>\n<meta property=\"og:description\" content=\"Los pantalones pa\u00f1ales fabricados con tejido doble de lana merino son aut\u00e9nticas joyas, porque adem\u00e1s hay una tercera capa de tejido merino en la zona del pa\u00f1al, lo que aumenta su resistencia a las fugas.\" \/>\n<meta property=\"og:url\" content=\"https:\/\/nulu.ee\/es\/toode\/chaquetas-largas-merino-suaves-preorden\/\" \/>\n<meta property=\"og:site_name\" content=\"Nulu\" \/>\n<meta property=\"article:modified_time\" content=\"2023-12-17T22:48:28+00:00\" \/>\n<meta property=\"og:image\" content=\"https:\/\/nulu.ee\/wp-content\/uploads\/2022\/12\/IMG_5738_jpg-scaled.jpeg\" \/>\n\t<meta property=\"og:image:width\" content=\"1920\" \/>\n\t<meta property=\"og:image:height\" content=\"2560\" \/>\n\t<meta property=\"og:image:type\" content=\"image\/jpeg\" \/>\n<meta name=\"twitter:card\" content=\"summary_large_image\" \/>\n<meta name=\"twitter:label1\" content=\"Tiempo de lectura\" \/>\n\t<meta name=\"twitter:data1\" content=\"2 minutos\" \/>\n<script type=\"application\/ld+json\" class=\"yoast-schema-graph\">{\"@context\":\"https:\\\/\\\/schema.org\",\"@graph\":[{\"@type\":\"WebPage\",\"@id\":\"https:\\\/\\\/nulu.ee\\\/es\\\/toode\\\/chaquetas-largas-merino-suaves-preorden\\\/\",\"url\":\"https:\\\/\\\/nulu.ee\\\/es\\\/toode\\\/chaquetas-largas-merino-suaves-preorden\\\/\",\"name\":\"Pantalones largos de merino para pa\u00f1ales - PREVENTA - listos en una semana - Nulu\",\"isPartOf\":{\"@id\":\"https:\\\/\\\/nulu.ee\\\/es\\\/#website\"},\"primaryImageOfPage\":{\"@id\":\"https:\\\/\\\/nulu.ee\\\/es\\\/toode\\\/chaquetas-largas-merino-suaves-preorden\\\/#primaryimage\"},\"image\":{\"@id\":\"https:\\\/\\\/nulu.ee\\\/es\\\/toode\\\/chaquetas-largas-merino-suaves-preorden\\\/#primaryimage\"},\"thumbnailUrl\":\"https:\\\/\\\/nulu.ee\\\/wp-content\\\/uploads\\\/2022\\\/12\\\/IMG_5738_jpg-scaled.jpeg\",\"datePublished\":\"2022-12-06T09:27:34+00:00\",\"dateModified\":\"2023-12-17T22:48:28+00:00\",\"description\":\"Los pantalones pa\u00f1ales fabricados con tejido doble de lana merino son aut\u00e9nticas joyas, porque adem\u00e1s hay una tercera capa de tejido merino en la zona del pa\u00f1al, lo que aumenta su resistencia a las fugas.\",\"breadcrumb\":{\"@id\":\"https:\\\/\\\/nulu.ee\\\/es\\\/toode\\\/chaquetas-largas-merino-suaves-preorden\\\/#breadcrumb\"},\"inLanguage\":\"es\",\"potentialAction\":[{\"@type\":\"ReadAction\",\"target\":[\"https:\\\/\\\/nulu.ee\\\/es\\\/toode\\\/chaquetas-largas-merino-suaves-preorden\\\/\"]}]},{\"@type\":\"ImageObject\",\"inLanguage\":\"es\",\"@id\":\"https:\\\/\\\/nulu.ee\\\/es\\\/toode\\\/chaquetas-largas-merino-suaves-preorden\\\/#primaryimage\",\"url\":\"https:\\\/\\\/nulu.ee\\\/wp-content\\\/uploads\\\/2022\\\/12\\\/IMG_5738_jpg-scaled.jpeg\",\"contentUrl\":\"https:\\\/\\\/nulu.ee\\\/wp-content\\\/uploads\\\/2022\\\/12\\\/IMG_5738_jpg-scaled.jpeg\",\"width\":1920,\"height\":2560},{\"@type\":\"BreadcrumbList\",\"@id\":\"https:\\\/\\\/nulu.ee\\\/es\\\/toode\\\/chaquetas-largas-merino-suaves-preorden\\\/#breadcrumb\",\"itemListElement\":[{\"@type\":\"ListItem\",\"position\":1,\"name\":\"Home\",\"item\":\"https:\\\/\\\/nulu.ee\\\/es\\\/\"},{\"@type\":\"ListItem\",\"position\":2,\"name\":\"Tienda\",\"item\":\"https:\\\/\\\/nulu.ee\\\/es\\\/tienda\\\/\"},{\"@type\":\"ListItem\",\"position\":3,\"name\":\"Pantalones largos de merino para pa\u00f1ales &#8211; PREVENTA &#8211; listos en una semana\"}]},{\"@type\":\"WebSite\",\"@id\":\"https:\\\/\\\/nulu.ee\\\/es\\\/#website\",\"url\":\"https:\\\/\\\/nulu.ee\\\/es\\\/\",\"name\":\"Nulu\",\"description\":\"\",\"publisher\":{\"@id\":\"https:\\\/\\\/nulu.ee\\\/es\\\/#organization\"},\"potentialAction\":[{\"@type\":\"SearchAction\",\"target\":{\"@type\":\"EntryPoint\",\"urlTemplate\":\"https:\\\/\\\/nulu.ee\\\/es\\\/?s={search_term_string}\"},\"query-input\":{\"@type\":\"PropertyValueSpecification\",\"valueRequired\":true,\"valueName\":\"search_term_string\"}}],\"inLanguage\":\"es\"},{\"@type\":\"Organization\",\"@id\":\"https:\\\/\\\/nulu.ee\\\/es\\\/#organization\",\"name\":\"Nulu\",\"url\":\"https:\\\/\\\/nulu.ee\\\/es\\\/\",\"logo\":{\"@type\":\"ImageObject\",\"inLanguage\":\"es\",\"@id\":\"https:\\\/\\\/nulu.ee\\\/es\\\/#\\\/schema\\\/logo\\\/image\\\/\",\"url\":\"https:\\\/\\\/nulu.ee\\\/wp-content\\\/uploads\\\/2022\\\/09\\\/NULU-logo.png\",\"contentUrl\":\"https:\\\/\\\/nulu.ee\\\/wp-content\\\/uploads\\\/2022\\\/09\\\/NULU-logo.png\",\"width\":150,\"height\":150,\"caption\":\"Nulu\"},\"image\":{\"@id\":\"https:\\\/\\\/nulu.ee\\\/es\\\/#\\\/schema\\\/logo\\\/image\\\/\"}}]}<\/script>\n<!-- \/ Yoast SEO plugin. -->","yoast_head_json":{"title":"Pantalones largos de merino para pa\u00f1ales - PREVENTA - listos en una semana - Nulu","description":"Los pantalones pa\u00f1ales fabricados con tejido doble de lana merino son aut\u00e9nticas joyas, porque adem\u00e1s hay una tercera capa de tejido merino en la zona del pa\u00f1al, lo que aumenta su resistencia a las fugas.","robots":{"index":"index","follow":"follow","max-snippet":"max-snippet:-1","max-image-preview":"max-image-preview:large","max-video-preview":"max-video-preview:-1"},"canonical":"https:\/\/nulu.ee\/es\/toode\/chaquetas-largas-merino-suaves-preorden\/","og_locale":"es_ES","og_type":"article","og_title":"Pantalones largos de merino para pa\u00f1ales - PREVENTA - listos en una semana - Nulu","og_description":"Los pantalones pa\u00f1ales fabricados con tejido doble de lana merino son aut\u00e9nticas joyas, porque adem\u00e1s hay una tercera capa de tejido merino en la zona del pa\u00f1al, lo que aumenta su resistencia a las fugas.","og_url":"https:\/\/nulu.ee\/es\/toode\/chaquetas-largas-merino-suaves-preorden\/","og_site_name":"Nulu","article_modified_time":"2023-12-17T22:48:28+00:00","og_image":[{"width":1920,"height":2560,"url":"https:\/\/nulu.ee\/wp-content\/uploads\/2022\/12\/IMG_5738_jpg-scaled.jpeg","type":"image\/jpeg"}],"twitter_card":"summary_large_image","twitter_misc":{"Tiempo de lectura":"2 minutos"},"schema":{"@context":"https:\/\/schema.org","@graph":[{"@type":"WebPage","@id":"https:\/\/nulu.ee\/es\/toode\/chaquetas-largas-merino-suaves-preorden\/","url":"https:\/\/nulu.ee\/es\/toode\/chaquetas-largas-merino-suaves-preorden\/","name":"Pantalones largos de merino para pa\u00f1ales - PREVENTA - listos en una semana - Nulu","isPartOf":{"@id":"https:\/\/nulu.ee\/es\/#website"},"primaryImageOfPage":{"@id":"https:\/\/nulu.ee\/es\/toode\/chaquetas-largas-merino-suaves-preorden\/#primaryimage"},"image":{"@id":"https:\/\/nulu.ee\/es\/toode\/chaquetas-largas-merino-suaves-preorden\/#primaryimage"},"thumbnailUrl":"https:\/\/nulu.ee\/wp-content\/uploads\/2022\/12\/IMG_5738_jpg-scaled.jpeg","datePublished":"2022-12-06T09:27:34+00:00","dateModified":"2023-12-17T22:48:28+00:00","description":"Los pantalones pa\u00f1ales fabricados con tejido doble de lana merino son aut\u00e9nticas joyas, porque adem\u00e1s hay una tercera capa de tejido merino en la zona del pa\u00f1al, lo que aumenta su resistencia a las fugas.","breadcrumb":{"@id":"https:\/\/nulu.ee\/es\/toode\/chaquetas-largas-merino-suaves-preorden\/#breadcrumb"},"inLanguage":"es","potentialAction":[{"@type":"ReadAction","target":["https:\/\/nulu.ee\/es\/toode\/chaquetas-largas-merino-suaves-preorden\/"]}]},{"@type":"ImageObject","inLanguage":"es","@id":"https:\/\/nulu.ee\/es\/toode\/chaquetas-largas-merino-suaves-preorden\/#primaryimage","url":"https:\/\/nulu.ee\/wp-content\/uploads\/2022\/12\/IMG_5738_jpg-scaled.jpeg","contentUrl":"https:\/\/nulu.ee\/wp-content\/uploads\/2022\/12\/IMG_5738_jpg-scaled.jpeg","width":1920,"height":2560},{"@type":"BreadcrumbList","@id":"https:\/\/nulu.ee\/es\/toode\/chaquetas-largas-merino-suaves-preorden\/#breadcrumb","itemListElement":[{"@type":"ListItem","position":1,"name":"Home","item":"https:\/\/nulu.ee\/es\/"},{"@type":"ListItem","position":2,"name":"Tienda","item":"https:\/\/nulu.ee\/es\/tienda\/"},{"@type":"ListItem","position":3,"name":"Pantalones largos de merino para pa\u00f1ales &#8211; PREVENTA &#8211; listos en una semana"}]},{"@type":"WebSite","@id":"https:\/\/nulu.ee\/es\/#website","url":"https:\/\/nulu.ee\/es\/","name":"Nulu","description":"","publisher":{"@id":"https:\/\/nulu.ee\/es\/#organization"},"potentialAction":[{"@type":"SearchAction","target":{"@type":"EntryPoint","urlTemplate":"https:\/\/nulu.ee\/es\/?s={search_term_string}"},"query-input":{"@type":"PropertyValueSpecification","valueRequired":true,"valueName":"search_term_string"}}],"inLanguage":"es"},{"@type":"Organization","@id":"https:\/\/nulu.ee\/es\/#organization","name":"Nulu","url":"https:\/\/nulu.ee\/es\/","logo":{"@type":"ImageObject","inLanguage":"es","@id":"https:\/\/nulu.ee\/es\/#\/schema\/logo\/image\/","url":"https:\/\/nulu.ee\/wp-content\/uploads\/2022\/09\/NULU-logo.png","contentUrl":"https:\/\/nulu.ee\/wp-content\/uploads\/2022\/09\/NULU-logo.png","width":150,"height":150,"caption":"Nulu"},"image":{"@id":"https:\/\/nulu.ee\/es\/#\/schema\/logo\/image\/"}}]}},"jetpack_sharing_enabled":true,"_links":{"self":[{"href":"https:\/\/nulu.ee\/es\/wp-json\/wp\/v2\/product\/10581","targetHints":{"allow":["GET"]}}],"collection":[{"href":"https:\/\/nulu.ee\/es\/wp-json\/wp\/v2\/product"}],"about":[{"href":"https:\/\/nulu.ee\/es\/wp-json\/wp\/v2\/types\/product"}],"replies":[{"embeddable":true,"href":"https:\/\/nulu.ee\/es\/wp-json\/wp\/v2\/comments?post=10581"}],"version-history":[{"count":1,"href":"https:\/\/nulu.ee\/es\/wp-json\/wp\/v2\/product\/10581\/revisions"}],"predecessor-version":[{"id":10892,"href":"https:\/\/nulu.ee\/es\/wp-json\/wp\/v2\/product\/10581\/revisions\/10892"}],"wp:featuredmedia":[{"embeddable":true,"href":"https:\/\/nulu.ee\/es\/wp-json\/wp\/v2\/media\/11363"}],"wp:attachment":[{"href":"https:\/\/nulu.ee\/es\/wp-json\/wp\/v2\/media?parent=10581"}],"wp:term":[{"taxonomy":"product_brand","embeddable":true,"href":"https:\/\/nulu.ee\/es\/wp-json\/wp\/v2\/product_brand?post=10581"},{"taxonomy":"product_cat","embeddable":true,"href":"https:\/\/nulu.ee\/es\/wp-json\/wp\/v2\/product_cat?post=10581"},{"taxonomy":"product_tag","embeddable":true,"href":"https:\/\/nulu.ee\/es\/wp-json\/wp\/v2\/product_tag?post=10581"}],"curies":[{"name":"wp","href":"https:\/\/api.w.org\/{rel}","templated":true}]}}