{"id":10563,"date":"2022-11-25T13:06:36","date_gmt":"2022-11-25T10:06:36","guid":{"rendered":"https:\/\/nulu.ee\/toode\/jabon-en-polvo-de-aceite-de-oliva\/"},"modified":"2022-11-25T13:06:36","modified_gmt":"2022-11-25T10:06:36","slug":"polvo-de-jabon-de-oliva","status":"publish","type":"product","link":"https:\/\/nulu.ee\/es\/toode\/polvo-de-jabon-de-oliva\/","title":{"rendered":"Jab\u00f3n en polvo de aceite de oliva"},"content":{"rendered":"<div>El polvo de jab\u00f3n son escamas de jab\u00f3n molidas a base de aceite de oliva que son ideales para la mezcla de lanolina. Se derrite instant\u00e1neamente en agua tibia con lanolina y hace que la mezcla sea agradablemente lechosa.<\/div>\n<div><\/div>\n<div><strong>Uso:<\/strong><\/div>\n<div>Para 1 litro de agua (principalmente adecuada para lanolina de un par de pantalones o un abrigo), disuelva 1 cucharadita de lanolina con 1-2 cucharaditas de jab\u00f3n en polvo.<\/div>\n<div><\/div>\n<div>Cantidad 40g.<\/div>\n<div>Envasado en vasos de cart\u00f3n reciclado con tapa.<\/div>\n<div>Producto 100% natural, no contiene aditivos y es biodegradable.<\/div>\n<div><\/div>\n<div>Elaborado en Corf\u00fa seg\u00fan las antiguas tradiciones griegas.<\/div>\n","protected":false},"excerpt":{"rendered":"<p>El polvo de jab\u00f3n son escamas de jab\u00f3n molidas a base de aceite de oliva que son ideales para la<\/p>\n","protected":false},"featured_media":10570,"comment_status":"closed","ping_status":"closed","template":"","meta":[],"product_brand":[],"product_cat":[216],"product_tag":[],"class_list":{"0":"post-10563","1":"product","2":"type-product","3":"status-publish","4":"has-post-thumbnail","6":"product_cat-accesorios","8":"first","9":"instock","10":"shipping-taxable","11":"purchasable","12":"product-type-simple"},"yoast_head":"<!-- This site is optimized with the Yoast SEO plugin v27.5 - https:\/\/yoast.com\/product\/yoast-seo-wordpress\/ -->\n<title>Jab\u00f3n en polvo de aceite de oliva - Nulu<\/title>\n<meta name=\"description\" content=\"El polvo de jab\u00f3n de aceite de oliva se muele a partir de escamas de jab\u00f3n a base de aceite de oliva, lo cual es perfecto para la mezcla de lanolina. Se derrite instant\u00e1neamente en agua tibia con lanolina y hace que la mezcla sea agradablemente lechosa.\" \/>\n<meta name=\"robots\" content=\"index, follow, max-snippet:-1, max-image-preview:large, max-video-preview:-1\" \/>\n<link rel=\"canonical\" href=\"https:\/\/nulu.ee\/es\/toode\/polvo-de-jabon-de-oliva\/\" \/>\n<meta property=\"og:locale\" content=\"es_ES\" \/>\n<meta property=\"og:type\" content=\"article\" \/>\n<meta property=\"og:title\" content=\"Jab\u00f3n en polvo de aceite de oliva - Nulu\" \/>\n<meta property=\"og:description\" content=\"El polvo de jab\u00f3n de aceite de oliva se muele a partir de escamas de jab\u00f3n a base de aceite de oliva, lo cual es perfecto para la mezcla de lanolina. Se derrite instant\u00e1neamente en agua tibia con lanolina y hace que la mezcla sea agradablemente lechosa.\" \/>\n<meta property=\"og:url\" content=\"https:\/\/nulu.ee\/es\/toode\/polvo-de-jabon-de-oliva\/\" \/>\n<meta property=\"og:site_name\" content=\"Nulu\" \/>\n<meta property=\"og:image\" content=\"https:\/\/nulu.ee\/wp-content\/uploads\/2022\/11\/IMG_5969-scaled.jpeg\" \/>\n\t<meta property=\"og:image:width\" content=\"1920\" \/>\n\t<meta property=\"og:image:height\" content=\"2560\" \/>\n\t<meta property=\"og:image:type\" content=\"image\/jpeg\" \/>\n<meta name=\"twitter:card\" content=\"summary_large_image\" \/>\n<script type=\"application\/ld+json\" class=\"yoast-schema-graph\">{\"@context\":\"https:\\\/\\\/schema.org\",\"@graph\":[{\"@type\":\"WebPage\",\"@id\":\"https:\\\/\\\/nulu.ee\\\/es\\\/toode\\\/polvo-de-jabon-de-oliva\\\/\",\"url\":\"https:\\\/\\\/nulu.ee\\\/es\\\/toode\\\/polvo-de-jabon-de-oliva\\\/\",\"name\":\"Jab\u00f3n en polvo de aceite de oliva - Nulu\",\"isPartOf\":{\"@id\":\"https:\\\/\\\/nulu.ee\\\/es\\\/#website\"},\"primaryImageOfPage\":{\"@id\":\"https:\\\/\\\/nulu.ee\\\/es\\\/toode\\\/polvo-de-jabon-de-oliva\\\/#primaryimage\"},\"image\":{\"@id\":\"https:\\\/\\\/nulu.ee\\\/es\\\/toode\\\/polvo-de-jabon-de-oliva\\\/#primaryimage\"},\"thumbnailUrl\":\"https:\\\/\\\/nulu.ee\\\/wp-content\\\/uploads\\\/2022\\\/11\\\/IMG_5969-scaled.jpeg\",\"datePublished\":\"2022-11-25T10:06:36+00:00\",\"description\":\"El polvo de jab\u00f3n de aceite de oliva se muele a partir de escamas de jab\u00f3n a base de aceite de oliva, lo cual es perfecto para la mezcla de lanolina. Se derrite instant\u00e1neamente en agua tibia con lanolina y hace que la mezcla sea agradablemente lechosa.\",\"breadcrumb\":{\"@id\":\"https:\\\/\\\/nulu.ee\\\/es\\\/toode\\\/polvo-de-jabon-de-oliva\\\/#breadcrumb\"},\"inLanguage\":\"es\",\"potentialAction\":[{\"@type\":\"ReadAction\",\"target\":[\"https:\\\/\\\/nulu.ee\\\/es\\\/toode\\\/polvo-de-jabon-de-oliva\\\/\"]}]},{\"@type\":\"ImageObject\",\"inLanguage\":\"es\",\"@id\":\"https:\\\/\\\/nulu.ee\\\/es\\\/toode\\\/polvo-de-jabon-de-oliva\\\/#primaryimage\",\"url\":\"https:\\\/\\\/nulu.ee\\\/wp-content\\\/uploads\\\/2022\\\/11\\\/IMG_5969-scaled.jpeg\",\"contentUrl\":\"https:\\\/\\\/nulu.ee\\\/wp-content\\\/uploads\\\/2022\\\/11\\\/IMG_5969-scaled.jpeg\",\"width\":1920,\"height\":2560},{\"@type\":\"BreadcrumbList\",\"@id\":\"https:\\\/\\\/nulu.ee\\\/es\\\/toode\\\/polvo-de-jabon-de-oliva\\\/#breadcrumb\",\"itemListElement\":[{\"@type\":\"ListItem\",\"position\":1,\"name\":\"Home\",\"item\":\"https:\\\/\\\/nulu.ee\\\/es\\\/\"},{\"@type\":\"ListItem\",\"position\":2,\"name\":\"Tienda\",\"item\":\"https:\\\/\\\/nulu.ee\\\/es\\\/tienda\\\/\"},{\"@type\":\"ListItem\",\"position\":3,\"name\":\"Jab\u00f3n en polvo de aceite de oliva\"}]},{\"@type\":\"WebSite\",\"@id\":\"https:\\\/\\\/nulu.ee\\\/es\\\/#website\",\"url\":\"https:\\\/\\\/nulu.ee\\\/es\\\/\",\"name\":\"Nulu\",\"description\":\"\",\"publisher\":{\"@id\":\"https:\\\/\\\/nulu.ee\\\/es\\\/#organization\"},\"potentialAction\":[{\"@type\":\"SearchAction\",\"target\":{\"@type\":\"EntryPoint\",\"urlTemplate\":\"https:\\\/\\\/nulu.ee\\\/es\\\/?s={search_term_string}\"},\"query-input\":{\"@type\":\"PropertyValueSpecification\",\"valueRequired\":true,\"valueName\":\"search_term_string\"}}],\"inLanguage\":\"es\"},{\"@type\":\"Organization\",\"@id\":\"https:\\\/\\\/nulu.ee\\\/es\\\/#organization\",\"name\":\"Nulu\",\"url\":\"https:\\\/\\\/nulu.ee\\\/es\\\/\",\"logo\":{\"@type\":\"ImageObject\",\"inLanguage\":\"es\",\"@id\":\"https:\\\/\\\/nulu.ee\\\/es\\\/#\\\/schema\\\/logo\\\/image\\\/\",\"url\":\"https:\\\/\\\/nulu.ee\\\/wp-content\\\/uploads\\\/2022\\\/09\\\/NULU-logo.png\",\"contentUrl\":\"https:\\\/\\\/nulu.ee\\\/wp-content\\\/uploads\\\/2022\\\/09\\\/NULU-logo.png\",\"width\":150,\"height\":150,\"caption\":\"Nulu\"},\"image\":{\"@id\":\"https:\\\/\\\/nulu.ee\\\/es\\\/#\\\/schema\\\/logo\\\/image\\\/\"}}]}<\/script>\n<!-- \/ Yoast SEO plugin. -->","yoast_head_json":{"title":"Jab\u00f3n en polvo de aceite de oliva - Nulu","description":"El polvo de jab\u00f3n de aceite de oliva se muele a partir de escamas de jab\u00f3n a base de aceite de oliva, lo cual es perfecto para la mezcla de lanolina. Se derrite instant\u00e1neamente en agua tibia con lanolina y hace que la mezcla sea agradablemente lechosa.","robots":{"index":"index","follow":"follow","max-snippet":"max-snippet:-1","max-image-preview":"max-image-preview:large","max-video-preview":"max-video-preview:-1"},"canonical":"https:\/\/nulu.ee\/es\/toode\/polvo-de-jabon-de-oliva\/","og_locale":"es_ES","og_type":"article","og_title":"Jab\u00f3n en polvo de aceite de oliva - Nulu","og_description":"El polvo de jab\u00f3n de aceite de oliva se muele a partir de escamas de jab\u00f3n a base de aceite de oliva, lo cual es perfecto para la mezcla de lanolina. Se derrite instant\u00e1neamente en agua tibia con lanolina y hace que la mezcla sea agradablemente lechosa.","og_url":"https:\/\/nulu.ee\/es\/toode\/polvo-de-jabon-de-oliva\/","og_site_name":"Nulu","og_image":[{"width":1920,"height":2560,"url":"https:\/\/nulu.ee\/wp-content\/uploads\/2022\/11\/IMG_5969-scaled.jpeg","type":"image\/jpeg"}],"twitter_card":"summary_large_image","schema":{"@context":"https:\/\/schema.org","@graph":[{"@type":"WebPage","@id":"https:\/\/nulu.ee\/es\/toode\/polvo-de-jabon-de-oliva\/","url":"https:\/\/nulu.ee\/es\/toode\/polvo-de-jabon-de-oliva\/","name":"Jab\u00f3n en polvo de aceite de oliva - Nulu","isPartOf":{"@id":"https:\/\/nulu.ee\/es\/#website"},"primaryImageOfPage":{"@id":"https:\/\/nulu.ee\/es\/toode\/polvo-de-jabon-de-oliva\/#primaryimage"},"image":{"@id":"https:\/\/nulu.ee\/es\/toode\/polvo-de-jabon-de-oliva\/#primaryimage"},"thumbnailUrl":"https:\/\/nulu.ee\/wp-content\/uploads\/2022\/11\/IMG_5969-scaled.jpeg","datePublished":"2022-11-25T10:06:36+00:00","description":"El polvo de jab\u00f3n de aceite de oliva se muele a partir de escamas de jab\u00f3n a base de aceite de oliva, lo cual es perfecto para la mezcla de lanolina. Se derrite instant\u00e1neamente en agua tibia con lanolina y hace que la mezcla sea agradablemente lechosa.","breadcrumb":{"@id":"https:\/\/nulu.ee\/es\/toode\/polvo-de-jabon-de-oliva\/#breadcrumb"},"inLanguage":"es","potentialAction":[{"@type":"ReadAction","target":["https:\/\/nulu.ee\/es\/toode\/polvo-de-jabon-de-oliva\/"]}]},{"@type":"ImageObject","inLanguage":"es","@id":"https:\/\/nulu.ee\/es\/toode\/polvo-de-jabon-de-oliva\/#primaryimage","url":"https:\/\/nulu.ee\/wp-content\/uploads\/2022\/11\/IMG_5969-scaled.jpeg","contentUrl":"https:\/\/nulu.ee\/wp-content\/uploads\/2022\/11\/IMG_5969-scaled.jpeg","width":1920,"height":2560},{"@type":"BreadcrumbList","@id":"https:\/\/nulu.ee\/es\/toode\/polvo-de-jabon-de-oliva\/#breadcrumb","itemListElement":[{"@type":"ListItem","position":1,"name":"Home","item":"https:\/\/nulu.ee\/es\/"},{"@type":"ListItem","position":2,"name":"Tienda","item":"https:\/\/nulu.ee\/es\/tienda\/"},{"@type":"ListItem","position":3,"name":"Jab\u00f3n en polvo de aceite de oliva"}]},{"@type":"WebSite","@id":"https:\/\/nulu.ee\/es\/#website","url":"https:\/\/nulu.ee\/es\/","name":"Nulu","description":"","publisher":{"@id":"https:\/\/nulu.ee\/es\/#organization"},"potentialAction":[{"@type":"SearchAction","target":{"@type":"EntryPoint","urlTemplate":"https:\/\/nulu.ee\/es\/?s={search_term_string}"},"query-input":{"@type":"PropertyValueSpecification","valueRequired":true,"valueName":"search_term_string"}}],"inLanguage":"es"},{"@type":"Organization","@id":"https:\/\/nulu.ee\/es\/#organization","name":"Nulu","url":"https:\/\/nulu.ee\/es\/","logo":{"@type":"ImageObject","inLanguage":"es","@id":"https:\/\/nulu.ee\/es\/#\/schema\/logo\/image\/","url":"https:\/\/nulu.ee\/wp-content\/uploads\/2022\/09\/NULU-logo.png","contentUrl":"https:\/\/nulu.ee\/wp-content\/uploads\/2022\/09\/NULU-logo.png","width":150,"height":150,"caption":"Nulu"},"image":{"@id":"https:\/\/nulu.ee\/es\/#\/schema\/logo\/image\/"}}]}},"jetpack_sharing_enabled":true,"_links":{"self":[{"href":"https:\/\/nulu.ee\/es\/wp-json\/wp\/v2\/product\/10563","targetHints":{"allow":["GET"]}}],"collection":[{"href":"https:\/\/nulu.ee\/es\/wp-json\/wp\/v2\/product"}],"about":[{"href":"https:\/\/nulu.ee\/es\/wp-json\/wp\/v2\/types\/product"}],"replies":[{"embeddable":true,"href":"https:\/\/nulu.ee\/es\/wp-json\/wp\/v2\/comments?post=10563"}],"version-history":[{"count":0,"href":"https:\/\/nulu.ee\/es\/wp-json\/wp\/v2\/product\/10563\/revisions"}],"wp:featuredmedia":[{"embeddable":true,"href":"https:\/\/nulu.ee\/es\/wp-json\/wp\/v2\/media\/10570"}],"wp:attachment":[{"href":"https:\/\/nulu.ee\/es\/wp-json\/wp\/v2\/media?parent=10563"}],"wp:term":[{"taxonomy":"product_brand","embeddable":true,"href":"https:\/\/nulu.ee\/es\/wp-json\/wp\/v2\/product_brand?post=10563"},{"taxonomy":"product_cat","embeddable":true,"href":"https:\/\/nulu.ee\/es\/wp-json\/wp\/v2\/product_cat?post=10563"},{"taxonomy":"product_tag","embeddable":true,"href":"https:\/\/nulu.ee\/es\/wp-json\/wp\/v2\/product_tag?post=10563"}],"curies":[{"name":"wp","href":"https:\/\/api.w.org\/{rel}","templated":true}]}}