{"id":10557,"date":"2022-11-13T16:51:05","date_gmt":"2022-11-13T13:51:05","guid":{"rendered":"https:\/\/nulu.ee\/toode\/cubrepanales-woolberry\/"},"modified":"2022-11-13T16:51:05","modified_gmt":"2022-11-13T13:51:05","slug":"coberturas-suaves-de-arandanos","status":"publish","type":"product","link":"https:\/\/nulu.ee\/es\/toode\/coberturas-suaves-de-arandanos\/","title":{"rendered":"Cubrepa\u00f1ales Woolberry"},"content":{"rendered":"<div>La lana es el material m\u00e1s aireado y transpirable para cubrepa\u00f1ales de tela, 100% natural y biodegradable. Las fundas para pa\u00f1ales de lana merino Woolberry tienen un corte universal para adaptarse perfectamente tanto a beb\u00e9s flacos como a m\u00e1s gorditos. Sus orejas estrechas no se superponen a los muslos del beb\u00e9, pero le dan total libertad de movimiento. La funda del pa\u00f1al tampoco provoca un gran \u00abbulto\u00bb en el trasero, ya que consta de s\u00f3lo dos capas de merino y, por lo tanto, el pa\u00f1al cabe debajo de la ropa normal de beb\u00e9.<\/div>\n<div><\/div>\n<div><b>Tallas<\/b><\/div>\n<div>Reci\u00e9n nacido &#8211; 3-6 kg<\/div>\n<div>Mini sistema operativo: 5,5-11 kg<\/div>\n<div>SO: 7-14 kg<\/div>\n<div><b>\u00a1N\u00d3TESE BIEN!<\/b>  Me gustar\u00eda se\u00f1alar que los rangos de peso son estimados porque el cuerpo de cada ni\u00f1o es diferente y tambi\u00e9n lo es su condici\u00f3n f\u00edsica.<\/div>\n<div><\/div>\n<div><b>Mantenimiento<\/b><\/div>\n<div><b>\u00a1El mantenimiento adecuado de los cubrepa\u00f1ales de lana garantiza una larga vida \u00fatil de los productos!<\/b><\/div>\n<div>\n<div>Los cubrepa\u00f1ales deben remojarse en agua con lanolina antes del primer uso, lo que los hace repelentes al agua. La lanolina convierte la orina en sal y agua, por lo que no es necesario lavar la funda con frecuencia. Simplemente d\u00e9jalos airearse entre usos.<\/div>\n<div><b>Lavado a mano<\/b> suave a 30\u00b0 con detergente para lana.<\/div>\n<\/div>\n<div><\/div>\n<div>\n<div><b>Obra.<\/b><br \/>\nHecho con mucho amor en Polonia.<\/div>\n<div><\/div>\n<div>100% Merino<br \/>\n100% Oeko-Tex\u00ae<\/div>\n<div>Los tejidos son libres de crueldad animal.<\/div>\n<\/div>\n<div><\/div>\n","protected":false},"excerpt":{"rendered":"<p>La lana es el material m\u00e1s aireado y transpirable para cubrepa\u00f1ales de tela, 100% natural y biodegradable. Las fundas para<\/p>\n","protected":false},"featured_media":10565,"comment_status":"closed","ping_status":"closed","template":"","meta":[],"product_brand":[],"product_cat":[212],"product_tag":[214,215,213],"class_list":{"0":"post-10557","1":"product","2":"type-product","3":"status-publish","4":"has-post-thumbnail","6":"product_cat-cubrepanales-de-lana-merino","7":"product_tag-cubierta-de-lana","8":"product_tag-cubre-panales-de-lana","9":"product_tag-merino-es","11":"first","12":"outofstock","13":"shipping-taxable","14":"purchasable","15":"product-type-variable"},"yoast_head":"<!-- This site is optimized with the Yoast SEO plugin v27.5 - https:\/\/yoast.com\/product\/yoast-seo-wordpress\/ -->\n<title>Cubrepa\u00f1ales Woolberry - Nulu<\/title>\n<meta name=\"description\" content=\"El corte de los cubrepa\u00f1ales de lana merino Woolberry es universal para adaptarse perfectamente tanto a los beb\u00e9s flacos como a los m\u00e1s gorditos. Sus orejas estrechas no se superponen a los muslos del beb\u00e9, pero le dan total libertad de movimiento. La funda del pa\u00f1al tampoco provoca un gran &quot;bulto&quot; en el trasero, ya que consta de s\u00f3lo dos capas de merino y, por lo tanto, el pa\u00f1al cabe debajo de la ropa normal de beb\u00e9.\" \/>\n<meta name=\"robots\" content=\"index, follow, max-snippet:-1, max-image-preview:large, max-video-preview:-1\" \/>\n<link rel=\"canonical\" href=\"https:\/\/nulu.ee\/es\/toode\/coberturas-suaves-de-arandanos\/\" \/>\n<meta property=\"og:locale\" content=\"es_ES\" \/>\n<meta property=\"og:type\" content=\"article\" \/>\n<meta property=\"og:title\" content=\"Cubrepa\u00f1ales Woolberry - Nulu\" \/>\n<meta property=\"og:description\" content=\"El corte de los cubrepa\u00f1ales de lana merino Woolberry es universal para adaptarse perfectamente tanto a los beb\u00e9s flacos como a los m\u00e1s gorditos. Sus orejas estrechas no se superponen a los muslos del beb\u00e9, pero le dan total libertad de movimiento. La funda del pa\u00f1al tampoco provoca un gran &quot;bulto&quot; en el trasero, ya que consta de s\u00f3lo dos capas de merino y, por lo tanto, el pa\u00f1al cabe debajo de la ropa normal de beb\u00e9.\" \/>\n<meta property=\"og:url\" content=\"https:\/\/nulu.ee\/es\/toode\/coberturas-suaves-de-arandanos\/\" \/>\n<meta property=\"og:site_name\" content=\"Nulu\" \/>\n<meta property=\"og:image\" content=\"https:\/\/nulu.ee\/wp-content\/uploads\/2022\/11\/72F94862-66DF-4687-AB25-C8DE6317DF66.jpeg\" \/>\n\t<meta property=\"og:image:width\" content=\"1242\" \/>\n\t<meta property=\"og:image:height\" content=\"1242\" \/>\n\t<meta property=\"og:image:type\" content=\"image\/jpeg\" \/>\n<meta name=\"twitter:card\" content=\"summary_large_image\" \/>\n<meta name=\"twitter:label1\" content=\"Tiempo de lectura\" \/>\n\t<meta name=\"twitter:data1\" content=\"1 minuto\" \/>\n<script type=\"application\/ld+json\" class=\"yoast-schema-graph\">{\"@context\":\"https:\\\/\\\/schema.org\",\"@graph\":[{\"@type\":\"WebPage\",\"@id\":\"https:\\\/\\\/nulu.ee\\\/es\\\/toode\\\/coberturas-suaves-de-arandanos\\\/\",\"url\":\"https:\\\/\\\/nulu.ee\\\/es\\\/toode\\\/coberturas-suaves-de-arandanos\\\/\",\"name\":\"Cubrepa\u00f1ales Woolberry - Nulu\",\"isPartOf\":{\"@id\":\"https:\\\/\\\/nulu.ee\\\/es\\\/#website\"},\"primaryImageOfPage\":{\"@id\":\"https:\\\/\\\/nulu.ee\\\/es\\\/toode\\\/coberturas-suaves-de-arandanos\\\/#primaryimage\"},\"image\":{\"@id\":\"https:\\\/\\\/nulu.ee\\\/es\\\/toode\\\/coberturas-suaves-de-arandanos\\\/#primaryimage\"},\"thumbnailUrl\":\"https:\\\/\\\/nulu.ee\\\/wp-content\\\/uploads\\\/2022\\\/11\\\/72F94862-66DF-4687-AB25-C8DE6317DF66.jpeg\",\"datePublished\":\"2022-11-13T13:51:05+00:00\",\"description\":\"El corte de los cubrepa\u00f1ales de lana merino Woolberry es universal para adaptarse perfectamente tanto a los beb\u00e9s flacos como a los m\u00e1s gorditos. Sus orejas estrechas no se superponen a los muslos del beb\u00e9, pero le dan total libertad de movimiento. La funda del pa\u00f1al tampoco provoca un gran \\\"bulto\\\" en el trasero, ya que consta de s\u00f3lo dos capas de merino y, por lo tanto, el pa\u00f1al cabe debajo de la ropa normal de beb\u00e9.\",\"breadcrumb\":{\"@id\":\"https:\\\/\\\/nulu.ee\\\/es\\\/toode\\\/coberturas-suaves-de-arandanos\\\/#breadcrumb\"},\"inLanguage\":\"es\",\"potentialAction\":[{\"@type\":\"ReadAction\",\"target\":[\"https:\\\/\\\/nulu.ee\\\/es\\\/toode\\\/coberturas-suaves-de-arandanos\\\/\"]}]},{\"@type\":\"ImageObject\",\"inLanguage\":\"es\",\"@id\":\"https:\\\/\\\/nulu.ee\\\/es\\\/toode\\\/coberturas-suaves-de-arandanos\\\/#primaryimage\",\"url\":\"https:\\\/\\\/nulu.ee\\\/wp-content\\\/uploads\\\/2022\\\/11\\\/72F94862-66DF-4687-AB25-C8DE6317DF66.jpeg\",\"contentUrl\":\"https:\\\/\\\/nulu.ee\\\/wp-content\\\/uploads\\\/2022\\\/11\\\/72F94862-66DF-4687-AB25-C8DE6317DF66.jpeg\",\"width\":1242,\"height\":1242},{\"@type\":\"BreadcrumbList\",\"@id\":\"https:\\\/\\\/nulu.ee\\\/es\\\/toode\\\/coberturas-suaves-de-arandanos\\\/#breadcrumb\",\"itemListElement\":[{\"@type\":\"ListItem\",\"position\":1,\"name\":\"Home\",\"item\":\"https:\\\/\\\/nulu.ee\\\/es\\\/\"},{\"@type\":\"ListItem\",\"position\":2,\"name\":\"Tienda\",\"item\":\"https:\\\/\\\/nulu.ee\\\/es\\\/tienda\\\/\"},{\"@type\":\"ListItem\",\"position\":3,\"name\":\"Cubrepa\u00f1ales Woolberry\"}]},{\"@type\":\"WebSite\",\"@id\":\"https:\\\/\\\/nulu.ee\\\/es\\\/#website\",\"url\":\"https:\\\/\\\/nulu.ee\\\/es\\\/\",\"name\":\"Nulu\",\"description\":\"\",\"publisher\":{\"@id\":\"https:\\\/\\\/nulu.ee\\\/es\\\/#organization\"},\"potentialAction\":[{\"@type\":\"SearchAction\",\"target\":{\"@type\":\"EntryPoint\",\"urlTemplate\":\"https:\\\/\\\/nulu.ee\\\/es\\\/?s={search_term_string}\"},\"query-input\":{\"@type\":\"PropertyValueSpecification\",\"valueRequired\":true,\"valueName\":\"search_term_string\"}}],\"inLanguage\":\"es\"},{\"@type\":\"Organization\",\"@id\":\"https:\\\/\\\/nulu.ee\\\/es\\\/#organization\",\"name\":\"Nulu\",\"url\":\"https:\\\/\\\/nulu.ee\\\/es\\\/\",\"logo\":{\"@type\":\"ImageObject\",\"inLanguage\":\"es\",\"@id\":\"https:\\\/\\\/nulu.ee\\\/es\\\/#\\\/schema\\\/logo\\\/image\\\/\",\"url\":\"https:\\\/\\\/nulu.ee\\\/wp-content\\\/uploads\\\/2022\\\/09\\\/NULU-logo.png\",\"contentUrl\":\"https:\\\/\\\/nulu.ee\\\/wp-content\\\/uploads\\\/2022\\\/09\\\/NULU-logo.png\",\"width\":150,\"height\":150,\"caption\":\"Nulu\"},\"image\":{\"@id\":\"https:\\\/\\\/nulu.ee\\\/es\\\/#\\\/schema\\\/logo\\\/image\\\/\"}}]}<\/script>\n<!-- \/ Yoast SEO plugin. -->","yoast_head_json":{"title":"Cubrepa\u00f1ales Woolberry - Nulu","description":"El corte de los cubrepa\u00f1ales de lana merino Woolberry es universal para adaptarse perfectamente tanto a los beb\u00e9s flacos como a los m\u00e1s gorditos. Sus orejas estrechas no se superponen a los muslos del beb\u00e9, pero le dan total libertad de movimiento. La funda del pa\u00f1al tampoco provoca un gran \"bulto\" en el trasero, ya que consta de s\u00f3lo dos capas de merino y, por lo tanto, el pa\u00f1al cabe debajo de la ropa normal de beb\u00e9.","robots":{"index":"index","follow":"follow","max-snippet":"max-snippet:-1","max-image-preview":"max-image-preview:large","max-video-preview":"max-video-preview:-1"},"canonical":"https:\/\/nulu.ee\/es\/toode\/coberturas-suaves-de-arandanos\/","og_locale":"es_ES","og_type":"article","og_title":"Cubrepa\u00f1ales Woolberry - Nulu","og_description":"El corte de los cubrepa\u00f1ales de lana merino Woolberry es universal para adaptarse perfectamente tanto a los beb\u00e9s flacos como a los m\u00e1s gorditos. Sus orejas estrechas no se superponen a los muslos del beb\u00e9, pero le dan total libertad de movimiento. La funda del pa\u00f1al tampoco provoca un gran \"bulto\" en el trasero, ya que consta de s\u00f3lo dos capas de merino y, por lo tanto, el pa\u00f1al cabe debajo de la ropa normal de beb\u00e9.","og_url":"https:\/\/nulu.ee\/es\/toode\/coberturas-suaves-de-arandanos\/","og_site_name":"Nulu","og_image":[{"width":1242,"height":1242,"url":"https:\/\/nulu.ee\/wp-content\/uploads\/2022\/11\/72F94862-66DF-4687-AB25-C8DE6317DF66.jpeg","type":"image\/jpeg"}],"twitter_card":"summary_large_image","twitter_misc":{"Tiempo de lectura":"1 minuto"},"schema":{"@context":"https:\/\/schema.org","@graph":[{"@type":"WebPage","@id":"https:\/\/nulu.ee\/es\/toode\/coberturas-suaves-de-arandanos\/","url":"https:\/\/nulu.ee\/es\/toode\/coberturas-suaves-de-arandanos\/","name":"Cubrepa\u00f1ales Woolberry - Nulu","isPartOf":{"@id":"https:\/\/nulu.ee\/es\/#website"},"primaryImageOfPage":{"@id":"https:\/\/nulu.ee\/es\/toode\/coberturas-suaves-de-arandanos\/#primaryimage"},"image":{"@id":"https:\/\/nulu.ee\/es\/toode\/coberturas-suaves-de-arandanos\/#primaryimage"},"thumbnailUrl":"https:\/\/nulu.ee\/wp-content\/uploads\/2022\/11\/72F94862-66DF-4687-AB25-C8DE6317DF66.jpeg","datePublished":"2022-11-13T13:51:05+00:00","description":"El corte de los cubrepa\u00f1ales de lana merino Woolberry es universal para adaptarse perfectamente tanto a los beb\u00e9s flacos como a los m\u00e1s gorditos. Sus orejas estrechas no se superponen a los muslos del beb\u00e9, pero le dan total libertad de movimiento. La funda del pa\u00f1al tampoco provoca un gran \"bulto\" en el trasero, ya que consta de s\u00f3lo dos capas de merino y, por lo tanto, el pa\u00f1al cabe debajo de la ropa normal de beb\u00e9.","breadcrumb":{"@id":"https:\/\/nulu.ee\/es\/toode\/coberturas-suaves-de-arandanos\/#breadcrumb"},"inLanguage":"es","potentialAction":[{"@type":"ReadAction","target":["https:\/\/nulu.ee\/es\/toode\/coberturas-suaves-de-arandanos\/"]}]},{"@type":"ImageObject","inLanguage":"es","@id":"https:\/\/nulu.ee\/es\/toode\/coberturas-suaves-de-arandanos\/#primaryimage","url":"https:\/\/nulu.ee\/wp-content\/uploads\/2022\/11\/72F94862-66DF-4687-AB25-C8DE6317DF66.jpeg","contentUrl":"https:\/\/nulu.ee\/wp-content\/uploads\/2022\/11\/72F94862-66DF-4687-AB25-C8DE6317DF66.jpeg","width":1242,"height":1242},{"@type":"BreadcrumbList","@id":"https:\/\/nulu.ee\/es\/toode\/coberturas-suaves-de-arandanos\/#breadcrumb","itemListElement":[{"@type":"ListItem","position":1,"name":"Home","item":"https:\/\/nulu.ee\/es\/"},{"@type":"ListItem","position":2,"name":"Tienda","item":"https:\/\/nulu.ee\/es\/tienda\/"},{"@type":"ListItem","position":3,"name":"Cubrepa\u00f1ales Woolberry"}]},{"@type":"WebSite","@id":"https:\/\/nulu.ee\/es\/#website","url":"https:\/\/nulu.ee\/es\/","name":"Nulu","description":"","publisher":{"@id":"https:\/\/nulu.ee\/es\/#organization"},"potentialAction":[{"@type":"SearchAction","target":{"@type":"EntryPoint","urlTemplate":"https:\/\/nulu.ee\/es\/?s={search_term_string}"},"query-input":{"@type":"PropertyValueSpecification","valueRequired":true,"valueName":"search_term_string"}}],"inLanguage":"es"},{"@type":"Organization","@id":"https:\/\/nulu.ee\/es\/#organization","name":"Nulu","url":"https:\/\/nulu.ee\/es\/","logo":{"@type":"ImageObject","inLanguage":"es","@id":"https:\/\/nulu.ee\/es\/#\/schema\/logo\/image\/","url":"https:\/\/nulu.ee\/wp-content\/uploads\/2022\/09\/NULU-logo.png","contentUrl":"https:\/\/nulu.ee\/wp-content\/uploads\/2022\/09\/NULU-logo.png","width":150,"height":150,"caption":"Nulu"},"image":{"@id":"https:\/\/nulu.ee\/es\/#\/schema\/logo\/image\/"}}]}},"jetpack_sharing_enabled":true,"_links":{"self":[{"href":"https:\/\/nulu.ee\/es\/wp-json\/wp\/v2\/product\/10557","targetHints":{"allow":["GET"]}}],"collection":[{"href":"https:\/\/nulu.ee\/es\/wp-json\/wp\/v2\/product"}],"about":[{"href":"https:\/\/nulu.ee\/es\/wp-json\/wp\/v2\/types\/product"}],"replies":[{"embeddable":true,"href":"https:\/\/nulu.ee\/es\/wp-json\/wp\/v2\/comments?post=10557"}],"version-history":[{"count":0,"href":"https:\/\/nulu.ee\/es\/wp-json\/wp\/v2\/product\/10557\/revisions"}],"wp:featuredmedia":[{"embeddable":true,"href":"https:\/\/nulu.ee\/es\/wp-json\/wp\/v2\/media\/10565"}],"wp:attachment":[{"href":"https:\/\/nulu.ee\/es\/wp-json\/wp\/v2\/media?parent=10557"}],"wp:term":[{"taxonomy":"product_brand","embeddable":true,"href":"https:\/\/nulu.ee\/es\/wp-json\/wp\/v2\/product_brand?post=10557"},{"taxonomy":"product_cat","embeddable":true,"href":"https:\/\/nulu.ee\/es\/wp-json\/wp\/v2\/product_cat?post=10557"},{"taxonomy":"product_tag","embeddable":true,"href":"https:\/\/nulu.ee\/es\/wp-json\/wp\/v2\/product_tag?post=10557"}],"curies":[{"name":"wp","href":"https:\/\/api.w.org\/{rel}","templated":true}]}}