{"id":10555,"date":"2023-03-21T22:56:02","date_gmt":"2023-03-21T19:56:02","guid":{"rendered":"https:\/\/nulu.ee\/toode\/refuerzo-zorb\/"},"modified":"2025-04-10T05:08:16","modified_gmt":"2025-04-10T02:08:16","slug":"refuerzo-zorb","status":"publish","type":"product","link":"https:\/\/nulu.ee\/es\/toode\/refuerzo-zorb\/","title":{"rendered":"Refuerzo Zorb\u00ae"},"content":{"rendered":"<p>Zorb\u00ae es un tejido altamente absorbente desarrollado en Estados Unidos, que absorbe 20 veces m\u00e1s r\u00e1pido que el algod\u00f3n y otros materiales y puede absorber 10 veces su peso en l\u00edquido en 2 segundos. Una capa de tejido Zorb\u00ae reemplaza hasta 3 capas de tejido absorbente normal.<\/p>\n<p>Los refuerzos Nulu con superficie de algod\u00f3n org\u00e1nico son adecuados para su uso desde el nacimiento hasta el aprendizaje para ir al ba\u00f1o. Para un beb\u00e9 peque\u00f1o, es bueno doblarlo en tres (sustituye hasta 9 capas de tejido absorbente) y para un ni\u00f1o de pa\u00f1al m\u00e1s grande, es adecuado plegado en dos (sustituye hasta 6 capas de tejido absorbente).<\/p>\n<p>La composici\u00f3n exacta del tejido Zorb\u00ae sigue siendo un secreto para los fabricantes, pero est\u00e1 hecho de fibras hipoalerg\u00e9nicas, duraderas y f\u00e1ciles de desinfectar. Tambi\u00e9n contiene una peque\u00f1a cantidad de fibras sint\u00e9ticas: poli\u00e9ster.<\/p>\n<p>Tama\u00f1o 25x30cm<\/p>\n<div><b>Mantenimiento:<\/b><\/div>\n<div>Lavar a m\u00e1quina a 40\u00b0C.<\/div>\n<div><\/div>\n<div>\n<div><b>Ingredientes:<\/b><\/div>\n<div>Capas exteriores: 100% algod\u00f3n org\u00e1nico.<\/div>\n<\/div>\n<div>Capa interior &#8211; 100% Zorb\u00ae (3.\u00aa generaci\u00f3n)<\/div>\n<p>&nbsp;<\/p>\n<p>&nbsp;<\/p>\n<p>&nbsp;<\/p>\n","protected":false},"excerpt":{"rendered":"<p>Zorb\u00ae es un tejido altamente absorbente desarrollado en Estados Unidos, que absorbe 20 veces m\u00e1s r\u00e1pido que el algod\u00f3n y<\/p>\n","protected":false},"featured_media":10556,"comment_status":"open","ping_status":"closed","template":"","meta":[],"product_brand":[],"product_cat":[206],"product_tag":[219,224,208],"class_list":{"0":"post-10555","1":"product","2":"type-product","3":"status-publish","4":"has-post-thumbnail","6":"product_cat-contenido-del-panal","7":"product_tag-algodon-organico-es","8":"product_tag-preflauta","9":"product_tag-zorb-es","11":"first","12":"instock","13":"shipping-taxable","14":"purchasable","15":"product-type-simple"},"yoast_head":"<!-- This site is optimized with the Yoast SEO plugin v27.4 - https:\/\/yoast.com\/product\/yoast-seo-wordpress\/ -->\n<title>Refuerzo Zorb\u00ae - Nulu<\/title>\n<meta name=\"description\" content=\"Refuerzo Zorb\u00ae: Zorb\u00ae es un tejido altamente absorbente desarrollado en Estados Unidos, que absorbe 20 veces m\u00e1s r\u00e1pido que el algod\u00f3n y otros materiales y puede absorber 10 veces su peso en l\u00edquido en 2 segundos.\" \/>\n<meta name=\"robots\" content=\"index, follow, max-snippet:-1, max-image-preview:large, max-video-preview:-1\" \/>\n<link rel=\"canonical\" href=\"https:\/\/nulu.ee\/es\/toode\/refuerzo-zorb\/\" \/>\n<meta property=\"og:locale\" content=\"es_ES\" \/>\n<meta property=\"og:type\" content=\"article\" \/>\n<meta property=\"og:title\" content=\"Refuerzo Zorb\u00ae - Nulu\" \/>\n<meta property=\"og:description\" content=\"Refuerzo Zorb\u00ae: Zorb\u00ae es un tejido altamente absorbente desarrollado en Estados Unidos, que absorbe 20 veces m\u00e1s r\u00e1pido que el algod\u00f3n y otros materiales y puede absorber 10 veces su peso en l\u00edquido en 2 segundos.\" \/>\n<meta property=\"og:url\" content=\"https:\/\/nulu.ee\/es\/toode\/refuerzo-zorb\/\" \/>\n<meta property=\"og:site_name\" content=\"Nulu\" \/>\n<meta property=\"article:modified_time\" content=\"2025-04-10T02:08:16+00:00\" \/>\n<meta property=\"og:image\" content=\"https:\/\/nulu.ee\/wp-content\/uploads\/2023\/03\/IMG_0319-scaled.jpeg\" \/>\n\t<meta property=\"og:image:width\" content=\"1920\" \/>\n\t<meta property=\"og:image:height\" content=\"2560\" \/>\n\t<meta property=\"og:image:type\" content=\"image\/jpeg\" \/>\n<meta name=\"twitter:card\" content=\"summary_large_image\" \/>\n<meta name=\"twitter:label1\" content=\"Tiempo de lectura\" \/>\n\t<meta name=\"twitter:data1\" content=\"1 minuto\" \/>\n<script type=\"application\/ld+json\" class=\"yoast-schema-graph\">{\"@context\":\"https:\\\/\\\/schema.org\",\"@graph\":[{\"@type\":\"WebPage\",\"@id\":\"https:\\\/\\\/nulu.ee\\\/es\\\/toode\\\/refuerzo-zorb\\\/\",\"url\":\"https:\\\/\\\/nulu.ee\\\/es\\\/toode\\\/refuerzo-zorb\\\/\",\"name\":\"Refuerzo Zorb\u00ae - Nulu\",\"isPartOf\":{\"@id\":\"https:\\\/\\\/nulu.ee\\\/es\\\/#website\"},\"primaryImageOfPage\":{\"@id\":\"https:\\\/\\\/nulu.ee\\\/es\\\/toode\\\/refuerzo-zorb\\\/#primaryimage\"},\"image\":{\"@id\":\"https:\\\/\\\/nulu.ee\\\/es\\\/toode\\\/refuerzo-zorb\\\/#primaryimage\"},\"thumbnailUrl\":\"https:\\\/\\\/nulu.ee\\\/wp-content\\\/uploads\\\/2023\\\/03\\\/IMG_0319-scaled.jpeg\",\"datePublished\":\"2023-03-21T19:56:02+00:00\",\"dateModified\":\"2025-04-10T02:08:16+00:00\",\"description\":\"Refuerzo Zorb\u00ae: Zorb\u00ae es un tejido altamente absorbente desarrollado en Estados Unidos, que absorbe 20 veces m\u00e1s r\u00e1pido que el algod\u00f3n y otros materiales y puede absorber 10 veces su peso en l\u00edquido en 2 segundos.\",\"breadcrumb\":{\"@id\":\"https:\\\/\\\/nulu.ee\\\/es\\\/toode\\\/refuerzo-zorb\\\/#breadcrumb\"},\"inLanguage\":\"es\",\"potentialAction\":[{\"@type\":\"ReadAction\",\"target\":[\"https:\\\/\\\/nulu.ee\\\/es\\\/toode\\\/refuerzo-zorb\\\/\"]}]},{\"@type\":\"ImageObject\",\"inLanguage\":\"es\",\"@id\":\"https:\\\/\\\/nulu.ee\\\/es\\\/toode\\\/refuerzo-zorb\\\/#primaryimage\",\"url\":\"https:\\\/\\\/nulu.ee\\\/wp-content\\\/uploads\\\/2023\\\/03\\\/IMG_0319-scaled.jpeg\",\"contentUrl\":\"https:\\\/\\\/nulu.ee\\\/wp-content\\\/uploads\\\/2023\\\/03\\\/IMG_0319-scaled.jpeg\",\"width\":1920,\"height\":2560},{\"@type\":\"BreadcrumbList\",\"@id\":\"https:\\\/\\\/nulu.ee\\\/es\\\/toode\\\/refuerzo-zorb\\\/#breadcrumb\",\"itemListElement\":[{\"@type\":\"ListItem\",\"position\":1,\"name\":\"Home\",\"item\":\"https:\\\/\\\/nulu.ee\\\/es\\\/\"},{\"@type\":\"ListItem\",\"position\":2,\"name\":\"Tienda\",\"item\":\"https:\\\/\\\/nulu.ee\\\/es\\\/tienda\\\/\"},{\"@type\":\"ListItem\",\"position\":3,\"name\":\"Refuerzo Zorb\u00ae\"}]},{\"@type\":\"WebSite\",\"@id\":\"https:\\\/\\\/nulu.ee\\\/es\\\/#website\",\"url\":\"https:\\\/\\\/nulu.ee\\\/es\\\/\",\"name\":\"Nulu\",\"description\":\"\",\"publisher\":{\"@id\":\"https:\\\/\\\/nulu.ee\\\/es\\\/#organization\"},\"potentialAction\":[{\"@type\":\"SearchAction\",\"target\":{\"@type\":\"EntryPoint\",\"urlTemplate\":\"https:\\\/\\\/nulu.ee\\\/es\\\/?s={search_term_string}\"},\"query-input\":{\"@type\":\"PropertyValueSpecification\",\"valueRequired\":true,\"valueName\":\"search_term_string\"}}],\"inLanguage\":\"es\"},{\"@type\":\"Organization\",\"@id\":\"https:\\\/\\\/nulu.ee\\\/es\\\/#organization\",\"name\":\"Nulu\",\"url\":\"https:\\\/\\\/nulu.ee\\\/es\\\/\",\"logo\":{\"@type\":\"ImageObject\",\"inLanguage\":\"es\",\"@id\":\"https:\\\/\\\/nulu.ee\\\/es\\\/#\\\/schema\\\/logo\\\/image\\\/\",\"url\":\"https:\\\/\\\/nulu.ee\\\/wp-content\\\/uploads\\\/2022\\\/09\\\/NULU-logo.png\",\"contentUrl\":\"https:\\\/\\\/nulu.ee\\\/wp-content\\\/uploads\\\/2022\\\/09\\\/NULU-logo.png\",\"width\":150,\"height\":150,\"caption\":\"Nulu\"},\"image\":{\"@id\":\"https:\\\/\\\/nulu.ee\\\/es\\\/#\\\/schema\\\/logo\\\/image\\\/\"}}]}<\/script>\n<!-- \/ Yoast SEO plugin. -->","yoast_head_json":{"title":"Refuerzo Zorb\u00ae - Nulu","description":"Refuerzo Zorb\u00ae: Zorb\u00ae es un tejido altamente absorbente desarrollado en Estados Unidos, que absorbe 20 veces m\u00e1s r\u00e1pido que el algod\u00f3n y otros materiales y puede absorber 10 veces su peso en l\u00edquido en 2 segundos.","robots":{"index":"index","follow":"follow","max-snippet":"max-snippet:-1","max-image-preview":"max-image-preview:large","max-video-preview":"max-video-preview:-1"},"canonical":"https:\/\/nulu.ee\/es\/toode\/refuerzo-zorb\/","og_locale":"es_ES","og_type":"article","og_title":"Refuerzo Zorb\u00ae - Nulu","og_description":"Refuerzo Zorb\u00ae: Zorb\u00ae es un tejido altamente absorbente desarrollado en Estados Unidos, que absorbe 20 veces m\u00e1s r\u00e1pido que el algod\u00f3n y otros materiales y puede absorber 10 veces su peso en l\u00edquido en 2 segundos.","og_url":"https:\/\/nulu.ee\/es\/toode\/refuerzo-zorb\/","og_site_name":"Nulu","article_modified_time":"2025-04-10T02:08:16+00:00","og_image":[{"width":1920,"height":2560,"url":"https:\/\/nulu.ee\/wp-content\/uploads\/2023\/03\/IMG_0319-scaled.jpeg","type":"image\/jpeg"}],"twitter_card":"summary_large_image","twitter_misc":{"Tiempo de lectura":"1 minuto"},"schema":{"@context":"https:\/\/schema.org","@graph":[{"@type":"WebPage","@id":"https:\/\/nulu.ee\/es\/toode\/refuerzo-zorb\/","url":"https:\/\/nulu.ee\/es\/toode\/refuerzo-zorb\/","name":"Refuerzo Zorb\u00ae - Nulu","isPartOf":{"@id":"https:\/\/nulu.ee\/es\/#website"},"primaryImageOfPage":{"@id":"https:\/\/nulu.ee\/es\/toode\/refuerzo-zorb\/#primaryimage"},"image":{"@id":"https:\/\/nulu.ee\/es\/toode\/refuerzo-zorb\/#primaryimage"},"thumbnailUrl":"https:\/\/nulu.ee\/wp-content\/uploads\/2023\/03\/IMG_0319-scaled.jpeg","datePublished":"2023-03-21T19:56:02+00:00","dateModified":"2025-04-10T02:08:16+00:00","description":"Refuerzo Zorb\u00ae: Zorb\u00ae es un tejido altamente absorbente desarrollado en Estados Unidos, que absorbe 20 veces m\u00e1s r\u00e1pido que el algod\u00f3n y otros materiales y puede absorber 10 veces su peso en l\u00edquido en 2 segundos.","breadcrumb":{"@id":"https:\/\/nulu.ee\/es\/toode\/refuerzo-zorb\/#breadcrumb"},"inLanguage":"es","potentialAction":[{"@type":"ReadAction","target":["https:\/\/nulu.ee\/es\/toode\/refuerzo-zorb\/"]}]},{"@type":"ImageObject","inLanguage":"es","@id":"https:\/\/nulu.ee\/es\/toode\/refuerzo-zorb\/#primaryimage","url":"https:\/\/nulu.ee\/wp-content\/uploads\/2023\/03\/IMG_0319-scaled.jpeg","contentUrl":"https:\/\/nulu.ee\/wp-content\/uploads\/2023\/03\/IMG_0319-scaled.jpeg","width":1920,"height":2560},{"@type":"BreadcrumbList","@id":"https:\/\/nulu.ee\/es\/toode\/refuerzo-zorb\/#breadcrumb","itemListElement":[{"@type":"ListItem","position":1,"name":"Home","item":"https:\/\/nulu.ee\/es\/"},{"@type":"ListItem","position":2,"name":"Tienda","item":"https:\/\/nulu.ee\/es\/tienda\/"},{"@type":"ListItem","position":3,"name":"Refuerzo Zorb\u00ae"}]},{"@type":"WebSite","@id":"https:\/\/nulu.ee\/es\/#website","url":"https:\/\/nulu.ee\/es\/","name":"Nulu","description":"","publisher":{"@id":"https:\/\/nulu.ee\/es\/#organization"},"potentialAction":[{"@type":"SearchAction","target":{"@type":"EntryPoint","urlTemplate":"https:\/\/nulu.ee\/es\/?s={search_term_string}"},"query-input":{"@type":"PropertyValueSpecification","valueRequired":true,"valueName":"search_term_string"}}],"inLanguage":"es"},{"@type":"Organization","@id":"https:\/\/nulu.ee\/es\/#organization","name":"Nulu","url":"https:\/\/nulu.ee\/es\/","logo":{"@type":"ImageObject","inLanguage":"es","@id":"https:\/\/nulu.ee\/es\/#\/schema\/logo\/image\/","url":"https:\/\/nulu.ee\/wp-content\/uploads\/2022\/09\/NULU-logo.png","contentUrl":"https:\/\/nulu.ee\/wp-content\/uploads\/2022\/09\/NULU-logo.png","width":150,"height":150,"caption":"Nulu"},"image":{"@id":"https:\/\/nulu.ee\/es\/#\/schema\/logo\/image\/"}}]}},"jetpack_sharing_enabled":true,"_links":{"self":[{"href":"https:\/\/nulu.ee\/es\/wp-json\/wp\/v2\/product\/10555","targetHints":{"allow":["GET"]}}],"collection":[{"href":"https:\/\/nulu.ee\/es\/wp-json\/wp\/v2\/product"}],"about":[{"href":"https:\/\/nulu.ee\/es\/wp-json\/wp\/v2\/types\/product"}],"replies":[{"embeddable":true,"href":"https:\/\/nulu.ee\/es\/wp-json\/wp\/v2\/comments?post=10555"}],"version-history":[{"count":1,"href":"https:\/\/nulu.ee\/es\/wp-json\/wp\/v2\/product\/10555\/revisions"}],"predecessor-version":[{"id":11135,"href":"https:\/\/nulu.ee\/es\/wp-json\/wp\/v2\/product\/10555\/revisions\/11135"}],"wp:featuredmedia":[{"embeddable":true,"href":"https:\/\/nulu.ee\/es\/wp-json\/wp\/v2\/media\/10556"}],"wp:attachment":[{"href":"https:\/\/nulu.ee\/es\/wp-json\/wp\/v2\/media?parent=10555"}],"wp:term":[{"taxonomy":"product_brand","embeddable":true,"href":"https:\/\/nulu.ee\/es\/wp-json\/wp\/v2\/product_brand?post=10555"},{"taxonomy":"product_cat","embeddable":true,"href":"https:\/\/nulu.ee\/es\/wp-json\/wp\/v2\/product_cat?post=10555"},{"taxonomy":"product_tag","embeddable":true,"href":"https:\/\/nulu.ee\/es\/wp-json\/wp\/v2\/product_tag?post=10555"}],"curies":[{"name":"wp","href":"https:\/\/api.w.org\/{rel}","templated":true}]}}