{"id":10536,"date":"2023-03-26T10:48:34","date_gmt":"2023-03-26T07:48:34","guid":{"rendered":"https:\/\/nulu.ee\/toode\/mono-baby-alpaca\/"},"modified":"2023-10-18T20:46:57","modified_gmt":"2023-10-18T17:46:57","slug":"mono-baby-alpaca","status":"publish","type":"product","link":"https:\/\/nulu.ee\/es\/toode\/mono-baby-alpaca\/","title":{"rendered":"Mono baby alpaca"},"content":{"rendered":"<div>Los monos est\u00e1n tejidos con lana de alpaca gris natural, por lo que son adecuados para usarlos en el clima cambiante del verano estonio, cuando el clima es soleado y c\u00e1lido, y en otras \u00e9pocas ventoso y fresco, as\u00ed como en invierno con heladas severas. . El mono tiene una larga vida \u00fatil, ya que los pu\u00f1os y las tachuelas de tejido acanalado y los detalles de piel se encuentran en la parte inferior. Apto tanto para ni\u00f1os como para ni\u00f1as. Agradablemente suave, que no pica ni muerde, pero al mismo tiempo muy c\u00e1lido.<\/div>\n<div><\/div>\n<div>Hecho con mucho amor.<\/div>\n<div><\/div>\n<div>100% Oeko-Tex\u00ae<\/div>\n<div>100% Alpaca Beb\u00e9<\/div>\n","protected":false},"excerpt":{"rendered":"<p>Los monos est\u00e1n tejidos con lana de alpaca gris natural, por lo que son adecuados para usarlos en el clima<\/p>\n","protected":false},"featured_media":10521,"comment_status":"closed","ping_status":"closed","template":"","meta":[],"product_brand":[],"product_cat":[205],"product_tag":[],"class_list":{"0":"post-10536","1":"product","2":"type-product","3":"status-publish","4":"has-post-thumbnail","6":"product_cat-productos-de-lana-de-alpaca","8":"first","9":"instock","10":"shipping-taxable","11":"product-type-simple"},"yoast_head":"<!-- This site is optimized with the Yoast SEO plugin v27.5 - https:\/\/yoast.com\/product\/yoast-seo-wordpress\/ -->\n<title>Mono baby alpaca - Nulu<\/title>\n<meta name=\"description\" content=\"Mono Baby Alpaka: est\u00e1 tejido con lana de alpaca gris natural, por lo que es adecuado para usarlo en el clima cambiante del verano estonio, cuando el clima es soleado y c\u00e1lido, y en otras ocasiones ventoso y fresco, as\u00ed como en invierno con heladas severas.\" \/>\n<meta name=\"robots\" content=\"index, follow, max-snippet:-1, max-image-preview:large, max-video-preview:-1\" \/>\n<link rel=\"canonical\" href=\"https:\/\/nulu.ee\/es\/toode\/mono-baby-alpaca\/\" \/>\n<meta property=\"og:locale\" content=\"es_ES\" \/>\n<meta property=\"og:type\" content=\"article\" \/>\n<meta property=\"og:title\" content=\"Mono baby alpaca - Nulu\" \/>\n<meta property=\"og:description\" content=\"Mono Baby Alpaka: est\u00e1 tejido con lana de alpaca gris natural, por lo que es adecuado para usarlo en el clima cambiante del verano estonio, cuando el clima es soleado y c\u00e1lido, y en otras ocasiones ventoso y fresco, as\u00ed como en invierno con heladas severas.\" \/>\n<meta property=\"og:url\" content=\"https:\/\/nulu.ee\/es\/toode\/mono-baby-alpaca\/\" \/>\n<meta property=\"og:site_name\" content=\"Nulu\" \/>\n<meta property=\"article:modified_time\" content=\"2023-10-18T17:46:57+00:00\" \/>\n<meta property=\"og:image\" content=\"https:\/\/nulu.ee\/wp-content\/uploads\/2022\/10\/Heathergreyknitoverall.jpg\" \/>\n\t<meta property=\"og:image:width\" content=\"1000\" \/>\n\t<meta property=\"og:image:height\" content=\"1000\" \/>\n\t<meta property=\"og:image:type\" content=\"image\/jpeg\" \/>\n<meta name=\"twitter:card\" content=\"summary_large_image\" \/>\n<meta name=\"twitter:label1\" content=\"Tiempo de lectura\" \/>\n\t<meta name=\"twitter:data1\" content=\"1 minuto\" \/>\n<script type=\"application\/ld+json\" class=\"yoast-schema-graph\">{\"@context\":\"https:\\\/\\\/schema.org\",\"@graph\":[{\"@type\":\"WebPage\",\"@id\":\"https:\\\/\\\/nulu.ee\\\/es\\\/toode\\\/mono-baby-alpaca\\\/\",\"url\":\"https:\\\/\\\/nulu.ee\\\/es\\\/toode\\\/mono-baby-alpaca\\\/\",\"name\":\"Mono baby alpaca - Nulu\",\"isPartOf\":{\"@id\":\"https:\\\/\\\/nulu.ee\\\/es\\\/#website\"},\"primaryImageOfPage\":{\"@id\":\"https:\\\/\\\/nulu.ee\\\/es\\\/toode\\\/mono-baby-alpaca\\\/#primaryimage\"},\"image\":{\"@id\":\"https:\\\/\\\/nulu.ee\\\/es\\\/toode\\\/mono-baby-alpaca\\\/#primaryimage\"},\"thumbnailUrl\":\"https:\\\/\\\/nulu.ee\\\/wp-content\\\/uploads\\\/2022\\\/10\\\/Heathergreyknitoverall.jpg\",\"datePublished\":\"2023-03-26T07:48:34+00:00\",\"dateModified\":\"2023-10-18T17:46:57+00:00\",\"description\":\"Mono Baby Alpaka: est\u00e1 tejido con lana de alpaca gris natural, por lo que es adecuado para usarlo en el clima cambiante del verano estonio, cuando el clima es soleado y c\u00e1lido, y en otras ocasiones ventoso y fresco, as\u00ed como en invierno con heladas severas.\",\"breadcrumb\":{\"@id\":\"https:\\\/\\\/nulu.ee\\\/es\\\/toode\\\/mono-baby-alpaca\\\/#breadcrumb\"},\"inLanguage\":\"es\",\"potentialAction\":[{\"@type\":\"ReadAction\",\"target\":[\"https:\\\/\\\/nulu.ee\\\/es\\\/toode\\\/mono-baby-alpaca\\\/\"]}]},{\"@type\":\"ImageObject\",\"inLanguage\":\"es\",\"@id\":\"https:\\\/\\\/nulu.ee\\\/es\\\/toode\\\/mono-baby-alpaca\\\/#primaryimage\",\"url\":\"https:\\\/\\\/nulu.ee\\\/wp-content\\\/uploads\\\/2022\\\/10\\\/Heathergreyknitoverall.jpg\",\"contentUrl\":\"https:\\\/\\\/nulu.ee\\\/wp-content\\\/uploads\\\/2022\\\/10\\\/Heathergreyknitoverall.jpg\",\"width\":1000,\"height\":1000},{\"@type\":\"BreadcrumbList\",\"@id\":\"https:\\\/\\\/nulu.ee\\\/es\\\/toode\\\/mono-baby-alpaca\\\/#breadcrumb\",\"itemListElement\":[{\"@type\":\"ListItem\",\"position\":1,\"name\":\"Home\",\"item\":\"https:\\\/\\\/nulu.ee\\\/es\\\/\"},{\"@type\":\"ListItem\",\"position\":2,\"name\":\"Tienda\",\"item\":\"https:\\\/\\\/nulu.ee\\\/es\\\/tienda\\\/\"},{\"@type\":\"ListItem\",\"position\":3,\"name\":\"Mono baby alpaca\"}]},{\"@type\":\"WebSite\",\"@id\":\"https:\\\/\\\/nulu.ee\\\/es\\\/#website\",\"url\":\"https:\\\/\\\/nulu.ee\\\/es\\\/\",\"name\":\"Nulu\",\"description\":\"\",\"publisher\":{\"@id\":\"https:\\\/\\\/nulu.ee\\\/es\\\/#organization\"},\"potentialAction\":[{\"@type\":\"SearchAction\",\"target\":{\"@type\":\"EntryPoint\",\"urlTemplate\":\"https:\\\/\\\/nulu.ee\\\/es\\\/?s={search_term_string}\"},\"query-input\":{\"@type\":\"PropertyValueSpecification\",\"valueRequired\":true,\"valueName\":\"search_term_string\"}}],\"inLanguage\":\"es\"},{\"@type\":\"Organization\",\"@id\":\"https:\\\/\\\/nulu.ee\\\/es\\\/#organization\",\"name\":\"Nulu\",\"url\":\"https:\\\/\\\/nulu.ee\\\/es\\\/\",\"logo\":{\"@type\":\"ImageObject\",\"inLanguage\":\"es\",\"@id\":\"https:\\\/\\\/nulu.ee\\\/es\\\/#\\\/schema\\\/logo\\\/image\\\/\",\"url\":\"https:\\\/\\\/nulu.ee\\\/wp-content\\\/uploads\\\/2022\\\/09\\\/NULU-logo.png\",\"contentUrl\":\"https:\\\/\\\/nulu.ee\\\/wp-content\\\/uploads\\\/2022\\\/09\\\/NULU-logo.png\",\"width\":150,\"height\":150,\"caption\":\"Nulu\"},\"image\":{\"@id\":\"https:\\\/\\\/nulu.ee\\\/es\\\/#\\\/schema\\\/logo\\\/image\\\/\"}}]}<\/script>\n<!-- \/ Yoast SEO plugin. -->","yoast_head_json":{"title":"Mono baby alpaca - Nulu","description":"Mono Baby Alpaka: est\u00e1 tejido con lana de alpaca gris natural, por lo que es adecuado para usarlo en el clima cambiante del verano estonio, cuando el clima es soleado y c\u00e1lido, y en otras ocasiones ventoso y fresco, as\u00ed como en invierno con heladas severas.","robots":{"index":"index","follow":"follow","max-snippet":"max-snippet:-1","max-image-preview":"max-image-preview:large","max-video-preview":"max-video-preview:-1"},"canonical":"https:\/\/nulu.ee\/es\/toode\/mono-baby-alpaca\/","og_locale":"es_ES","og_type":"article","og_title":"Mono baby alpaca - Nulu","og_description":"Mono Baby Alpaka: est\u00e1 tejido con lana de alpaca gris natural, por lo que es adecuado para usarlo en el clima cambiante del verano estonio, cuando el clima es soleado y c\u00e1lido, y en otras ocasiones ventoso y fresco, as\u00ed como en invierno con heladas severas.","og_url":"https:\/\/nulu.ee\/es\/toode\/mono-baby-alpaca\/","og_site_name":"Nulu","article_modified_time":"2023-10-18T17:46:57+00:00","og_image":[{"width":1000,"height":1000,"url":"https:\/\/nulu.ee\/wp-content\/uploads\/2022\/10\/Heathergreyknitoverall.jpg","type":"image\/jpeg"}],"twitter_card":"summary_large_image","twitter_misc":{"Tiempo de lectura":"1 minuto"},"schema":{"@context":"https:\/\/schema.org","@graph":[{"@type":"WebPage","@id":"https:\/\/nulu.ee\/es\/toode\/mono-baby-alpaca\/","url":"https:\/\/nulu.ee\/es\/toode\/mono-baby-alpaca\/","name":"Mono baby alpaca - Nulu","isPartOf":{"@id":"https:\/\/nulu.ee\/es\/#website"},"primaryImageOfPage":{"@id":"https:\/\/nulu.ee\/es\/toode\/mono-baby-alpaca\/#primaryimage"},"image":{"@id":"https:\/\/nulu.ee\/es\/toode\/mono-baby-alpaca\/#primaryimage"},"thumbnailUrl":"https:\/\/nulu.ee\/wp-content\/uploads\/2022\/10\/Heathergreyknitoverall.jpg","datePublished":"2023-03-26T07:48:34+00:00","dateModified":"2023-10-18T17:46:57+00:00","description":"Mono Baby Alpaka: est\u00e1 tejido con lana de alpaca gris natural, por lo que es adecuado para usarlo en el clima cambiante del verano estonio, cuando el clima es soleado y c\u00e1lido, y en otras ocasiones ventoso y fresco, as\u00ed como en invierno con heladas severas.","breadcrumb":{"@id":"https:\/\/nulu.ee\/es\/toode\/mono-baby-alpaca\/#breadcrumb"},"inLanguage":"es","potentialAction":[{"@type":"ReadAction","target":["https:\/\/nulu.ee\/es\/toode\/mono-baby-alpaca\/"]}]},{"@type":"ImageObject","inLanguage":"es","@id":"https:\/\/nulu.ee\/es\/toode\/mono-baby-alpaca\/#primaryimage","url":"https:\/\/nulu.ee\/wp-content\/uploads\/2022\/10\/Heathergreyknitoverall.jpg","contentUrl":"https:\/\/nulu.ee\/wp-content\/uploads\/2022\/10\/Heathergreyknitoverall.jpg","width":1000,"height":1000},{"@type":"BreadcrumbList","@id":"https:\/\/nulu.ee\/es\/toode\/mono-baby-alpaca\/#breadcrumb","itemListElement":[{"@type":"ListItem","position":1,"name":"Home","item":"https:\/\/nulu.ee\/es\/"},{"@type":"ListItem","position":2,"name":"Tienda","item":"https:\/\/nulu.ee\/es\/tienda\/"},{"@type":"ListItem","position":3,"name":"Mono baby alpaca"}]},{"@type":"WebSite","@id":"https:\/\/nulu.ee\/es\/#website","url":"https:\/\/nulu.ee\/es\/","name":"Nulu","description":"","publisher":{"@id":"https:\/\/nulu.ee\/es\/#organization"},"potentialAction":[{"@type":"SearchAction","target":{"@type":"EntryPoint","urlTemplate":"https:\/\/nulu.ee\/es\/?s={search_term_string}"},"query-input":{"@type":"PropertyValueSpecification","valueRequired":true,"valueName":"search_term_string"}}],"inLanguage":"es"},{"@type":"Organization","@id":"https:\/\/nulu.ee\/es\/#organization","name":"Nulu","url":"https:\/\/nulu.ee\/es\/","logo":{"@type":"ImageObject","inLanguage":"es","@id":"https:\/\/nulu.ee\/es\/#\/schema\/logo\/image\/","url":"https:\/\/nulu.ee\/wp-content\/uploads\/2022\/09\/NULU-logo.png","contentUrl":"https:\/\/nulu.ee\/wp-content\/uploads\/2022\/09\/NULU-logo.png","width":150,"height":150,"caption":"Nulu"},"image":{"@id":"https:\/\/nulu.ee\/es\/#\/schema\/logo\/image\/"}}]}},"jetpack_sharing_enabled":true,"_links":{"self":[{"href":"https:\/\/nulu.ee\/es\/wp-json\/wp\/v2\/product\/10536","targetHints":{"allow":["GET"]}}],"collection":[{"href":"https:\/\/nulu.ee\/es\/wp-json\/wp\/v2\/product"}],"about":[{"href":"https:\/\/nulu.ee\/es\/wp-json\/wp\/v2\/types\/product"}],"replies":[{"embeddable":true,"href":"https:\/\/nulu.ee\/es\/wp-json\/wp\/v2\/comments?post=10536"}],"version-history":[{"count":1,"href":"https:\/\/nulu.ee\/es\/wp-json\/wp\/v2\/product\/10536\/revisions"}],"predecessor-version":[{"id":10550,"href":"https:\/\/nulu.ee\/es\/wp-json\/wp\/v2\/product\/10536\/revisions\/10550"}],"wp:featuredmedia":[{"embeddable":true,"href":"https:\/\/nulu.ee\/es\/wp-json\/wp\/v2\/media\/10521"}],"wp:attachment":[{"href":"https:\/\/nulu.ee\/es\/wp-json\/wp\/v2\/media?parent=10536"}],"wp:term":[{"taxonomy":"product_brand","embeddable":true,"href":"https:\/\/nulu.ee\/es\/wp-json\/wp\/v2\/product_brand?post=10536"},{"taxonomy":"product_cat","embeddable":true,"href":"https:\/\/nulu.ee\/es\/wp-json\/wp\/v2\/product_cat?post=10536"},{"taxonomy":"product_tag","embeddable":true,"href":"https:\/\/nulu.ee\/es\/wp-json\/wp\/v2\/product_tag?post=10536"}],"curies":[{"name":"wp","href":"https:\/\/api.w.org\/{rel}","templated":true}]}}