{"id":10535,"date":"2023-03-26T10:48:36","date_gmt":"2023-03-26T07:48:36","guid":{"rendered":"https:\/\/nulu.ee\/toode\/panuelo-anillas-baby-alpaca\/"},"modified":"2023-10-18T20:46:57","modified_gmt":"2023-10-18T17:46:57","slug":"bufanda-baby-alpaca-cuervo","status":"publish","type":"product","link":"https:\/\/nulu.ee\/es\/toode\/bufanda-baby-alpaca-cuervo\/","title":{"rendered":"Pa\u00f1uelo anillas baby alpaca"},"content":{"rendered":"<div>El suave pa\u00f1uelo de anillas es perfecto tanto en el cochecito como en el parque de juegos, para que el fr\u00edo no duela demasiado en la garganta. Apto para ni\u00f1os de hasta 6 a\u00f1os.<\/div>\n<div><\/div>\n<div>\n<div>Obra.<\/div>\n<div>Hecho con mucho amor.<\/div>\n<div><\/div>\n<div>100% Oeko-Tex\u00ae<\/div>\n<div>100% Alpaca Beb\u00e9<\/div>\n<\/div>\n","protected":false},"excerpt":{"rendered":"<p>El suave pa\u00f1uelo de anillas es perfecto tanto en el cochecito como en el parque de juegos, para que el<\/p>\n","protected":false},"featured_media":10512,"comment_status":"closed","ping_status":"closed","template":"","meta":[],"product_brand":[],"product_cat":[205],"product_tag":[],"class_list":{"0":"post-10535","1":"product","2":"type-product","3":"status-publish","4":"has-post-thumbnail","6":"product_cat-productos-de-lana-de-alpaca","8":"first","9":"instock","10":"shipping-taxable","11":"product-type-simple"},"yoast_head":"<!-- This site is optimized with the Yoast SEO plugin v27.5 - https:\/\/yoast.com\/product\/yoast-seo-wordpress\/ -->\n<title>Pa\u00f1uelo anillas baby alpaca - Nulu<\/title>\n<meta name=\"description\" content=\"El pa\u00f1uelo de anilla baby alpaca es perfecto tanto para el cochecito como para el parque infantil, para que el fr\u00edo no duela demasiado en la garganta. Apto para ni\u00f1os de hasta 6 a\u00f1os.\" \/>\n<meta name=\"robots\" content=\"index, follow, max-snippet:-1, max-image-preview:large, max-video-preview:-1\" \/>\n<link rel=\"canonical\" href=\"https:\/\/nulu.ee\/es\/toode\/bufanda-baby-alpaca-cuervo\/\" \/>\n<meta property=\"og:locale\" content=\"es_ES\" \/>\n<meta property=\"og:type\" content=\"article\" \/>\n<meta property=\"og:title\" content=\"Pa\u00f1uelo anillas baby alpaca - Nulu\" \/>\n<meta property=\"og:description\" content=\"El pa\u00f1uelo de anilla baby alpaca es perfecto tanto para el cochecito como para el parque infantil, para que el fr\u00edo no duela demasiado en la garganta. Apto para ni\u00f1os de hasta 6 a\u00f1os.\" \/>\n<meta property=\"og:url\" content=\"https:\/\/nulu.ee\/es\/toode\/bufanda-baby-alpaca-cuervo\/\" \/>\n<meta property=\"og:site_name\" content=\"Nulu\" \/>\n<meta property=\"article:modified_time\" content=\"2023-10-18T17:46:57+00:00\" \/>\n<meta property=\"og:image\" content=\"https:\/\/nulu.ee\/wp-content\/uploads\/2022\/10\/Creamknitcollar2.jpg\" \/>\n\t<meta property=\"og:image:width\" content=\"1000\" \/>\n\t<meta property=\"og:image:height\" content=\"1000\" \/>\n\t<meta property=\"og:image:type\" content=\"image\/jpeg\" \/>\n<meta name=\"twitter:card\" content=\"summary_large_image\" \/>\n<script type=\"application\/ld+json\" class=\"yoast-schema-graph\">{\"@context\":\"https:\\\/\\\/schema.org\",\"@graph\":[{\"@type\":\"WebPage\",\"@id\":\"https:\\\/\\\/nulu.ee\\\/es\\\/toode\\\/bufanda-baby-alpaca-cuervo\\\/\",\"url\":\"https:\\\/\\\/nulu.ee\\\/es\\\/toode\\\/bufanda-baby-alpaca-cuervo\\\/\",\"name\":\"Pa\u00f1uelo anillas baby alpaca - Nulu\",\"isPartOf\":{\"@id\":\"https:\\\/\\\/nulu.ee\\\/es\\\/#website\"},\"primaryImageOfPage\":{\"@id\":\"https:\\\/\\\/nulu.ee\\\/es\\\/toode\\\/bufanda-baby-alpaca-cuervo\\\/#primaryimage\"},\"image\":{\"@id\":\"https:\\\/\\\/nulu.ee\\\/es\\\/toode\\\/bufanda-baby-alpaca-cuervo\\\/#primaryimage\"},\"thumbnailUrl\":\"https:\\\/\\\/nulu.ee\\\/wp-content\\\/uploads\\\/2022\\\/10\\\/Creamknitcollar2.jpg\",\"datePublished\":\"2023-03-26T07:48:36+00:00\",\"dateModified\":\"2023-10-18T17:46:57+00:00\",\"description\":\"El pa\u00f1uelo de anilla baby alpaca es perfecto tanto para el cochecito como para el parque infantil, para que el fr\u00edo no duela demasiado en la garganta. Apto para ni\u00f1os de hasta 6 a\u00f1os.\",\"breadcrumb\":{\"@id\":\"https:\\\/\\\/nulu.ee\\\/es\\\/toode\\\/bufanda-baby-alpaca-cuervo\\\/#breadcrumb\"},\"inLanguage\":\"es\",\"potentialAction\":[{\"@type\":\"ReadAction\",\"target\":[\"https:\\\/\\\/nulu.ee\\\/es\\\/toode\\\/bufanda-baby-alpaca-cuervo\\\/\"]}]},{\"@type\":\"ImageObject\",\"inLanguage\":\"es\",\"@id\":\"https:\\\/\\\/nulu.ee\\\/es\\\/toode\\\/bufanda-baby-alpaca-cuervo\\\/#primaryimage\",\"url\":\"https:\\\/\\\/nulu.ee\\\/wp-content\\\/uploads\\\/2022\\\/10\\\/Creamknitcollar2.jpg\",\"contentUrl\":\"https:\\\/\\\/nulu.ee\\\/wp-content\\\/uploads\\\/2022\\\/10\\\/Creamknitcollar2.jpg\",\"width\":1000,\"height\":1000},{\"@type\":\"BreadcrumbList\",\"@id\":\"https:\\\/\\\/nulu.ee\\\/es\\\/toode\\\/bufanda-baby-alpaca-cuervo\\\/#breadcrumb\",\"itemListElement\":[{\"@type\":\"ListItem\",\"position\":1,\"name\":\"Home\",\"item\":\"https:\\\/\\\/nulu.ee\\\/es\\\/\"},{\"@type\":\"ListItem\",\"position\":2,\"name\":\"Tienda\",\"item\":\"https:\\\/\\\/nulu.ee\\\/es\\\/tienda\\\/\"},{\"@type\":\"ListItem\",\"position\":3,\"name\":\"Pa\u00f1uelo anillas baby alpaca\"}]},{\"@type\":\"WebSite\",\"@id\":\"https:\\\/\\\/nulu.ee\\\/es\\\/#website\",\"url\":\"https:\\\/\\\/nulu.ee\\\/es\\\/\",\"name\":\"Nulu\",\"description\":\"\",\"publisher\":{\"@id\":\"https:\\\/\\\/nulu.ee\\\/es\\\/#organization\"},\"potentialAction\":[{\"@type\":\"SearchAction\",\"target\":{\"@type\":\"EntryPoint\",\"urlTemplate\":\"https:\\\/\\\/nulu.ee\\\/es\\\/?s={search_term_string}\"},\"query-input\":{\"@type\":\"PropertyValueSpecification\",\"valueRequired\":true,\"valueName\":\"search_term_string\"}}],\"inLanguage\":\"es\"},{\"@type\":\"Organization\",\"@id\":\"https:\\\/\\\/nulu.ee\\\/es\\\/#organization\",\"name\":\"Nulu\",\"url\":\"https:\\\/\\\/nulu.ee\\\/es\\\/\",\"logo\":{\"@type\":\"ImageObject\",\"inLanguage\":\"es\",\"@id\":\"https:\\\/\\\/nulu.ee\\\/es\\\/#\\\/schema\\\/logo\\\/image\\\/\",\"url\":\"https:\\\/\\\/nulu.ee\\\/wp-content\\\/uploads\\\/2022\\\/09\\\/NULU-logo.png\",\"contentUrl\":\"https:\\\/\\\/nulu.ee\\\/wp-content\\\/uploads\\\/2022\\\/09\\\/NULU-logo.png\",\"width\":150,\"height\":150,\"caption\":\"Nulu\"},\"image\":{\"@id\":\"https:\\\/\\\/nulu.ee\\\/es\\\/#\\\/schema\\\/logo\\\/image\\\/\"}}]}<\/script>\n<!-- \/ Yoast SEO plugin. -->","yoast_head_json":{"title":"Pa\u00f1uelo anillas baby alpaca - Nulu","description":"El pa\u00f1uelo de anilla baby alpaca es perfecto tanto para el cochecito como para el parque infantil, para que el fr\u00edo no duela demasiado en la garganta. Apto para ni\u00f1os de hasta 6 a\u00f1os.","robots":{"index":"index","follow":"follow","max-snippet":"max-snippet:-1","max-image-preview":"max-image-preview:large","max-video-preview":"max-video-preview:-1"},"canonical":"https:\/\/nulu.ee\/es\/toode\/bufanda-baby-alpaca-cuervo\/","og_locale":"es_ES","og_type":"article","og_title":"Pa\u00f1uelo anillas baby alpaca - Nulu","og_description":"El pa\u00f1uelo de anilla baby alpaca es perfecto tanto para el cochecito como para el parque infantil, para que el fr\u00edo no duela demasiado en la garganta. Apto para ni\u00f1os de hasta 6 a\u00f1os.","og_url":"https:\/\/nulu.ee\/es\/toode\/bufanda-baby-alpaca-cuervo\/","og_site_name":"Nulu","article_modified_time":"2023-10-18T17:46:57+00:00","og_image":[{"width":1000,"height":1000,"url":"https:\/\/nulu.ee\/wp-content\/uploads\/2022\/10\/Creamknitcollar2.jpg","type":"image\/jpeg"}],"twitter_card":"summary_large_image","schema":{"@context":"https:\/\/schema.org","@graph":[{"@type":"WebPage","@id":"https:\/\/nulu.ee\/es\/toode\/bufanda-baby-alpaca-cuervo\/","url":"https:\/\/nulu.ee\/es\/toode\/bufanda-baby-alpaca-cuervo\/","name":"Pa\u00f1uelo anillas baby alpaca - Nulu","isPartOf":{"@id":"https:\/\/nulu.ee\/es\/#website"},"primaryImageOfPage":{"@id":"https:\/\/nulu.ee\/es\/toode\/bufanda-baby-alpaca-cuervo\/#primaryimage"},"image":{"@id":"https:\/\/nulu.ee\/es\/toode\/bufanda-baby-alpaca-cuervo\/#primaryimage"},"thumbnailUrl":"https:\/\/nulu.ee\/wp-content\/uploads\/2022\/10\/Creamknitcollar2.jpg","datePublished":"2023-03-26T07:48:36+00:00","dateModified":"2023-10-18T17:46:57+00:00","description":"El pa\u00f1uelo de anilla baby alpaca es perfecto tanto para el cochecito como para el parque infantil, para que el fr\u00edo no duela demasiado en la garganta. Apto para ni\u00f1os de hasta 6 a\u00f1os.","breadcrumb":{"@id":"https:\/\/nulu.ee\/es\/toode\/bufanda-baby-alpaca-cuervo\/#breadcrumb"},"inLanguage":"es","potentialAction":[{"@type":"ReadAction","target":["https:\/\/nulu.ee\/es\/toode\/bufanda-baby-alpaca-cuervo\/"]}]},{"@type":"ImageObject","inLanguage":"es","@id":"https:\/\/nulu.ee\/es\/toode\/bufanda-baby-alpaca-cuervo\/#primaryimage","url":"https:\/\/nulu.ee\/wp-content\/uploads\/2022\/10\/Creamknitcollar2.jpg","contentUrl":"https:\/\/nulu.ee\/wp-content\/uploads\/2022\/10\/Creamknitcollar2.jpg","width":1000,"height":1000},{"@type":"BreadcrumbList","@id":"https:\/\/nulu.ee\/es\/toode\/bufanda-baby-alpaca-cuervo\/#breadcrumb","itemListElement":[{"@type":"ListItem","position":1,"name":"Home","item":"https:\/\/nulu.ee\/es\/"},{"@type":"ListItem","position":2,"name":"Tienda","item":"https:\/\/nulu.ee\/es\/tienda\/"},{"@type":"ListItem","position":3,"name":"Pa\u00f1uelo anillas baby alpaca"}]},{"@type":"WebSite","@id":"https:\/\/nulu.ee\/es\/#website","url":"https:\/\/nulu.ee\/es\/","name":"Nulu","description":"","publisher":{"@id":"https:\/\/nulu.ee\/es\/#organization"},"potentialAction":[{"@type":"SearchAction","target":{"@type":"EntryPoint","urlTemplate":"https:\/\/nulu.ee\/es\/?s={search_term_string}"},"query-input":{"@type":"PropertyValueSpecification","valueRequired":true,"valueName":"search_term_string"}}],"inLanguage":"es"},{"@type":"Organization","@id":"https:\/\/nulu.ee\/es\/#organization","name":"Nulu","url":"https:\/\/nulu.ee\/es\/","logo":{"@type":"ImageObject","inLanguage":"es","@id":"https:\/\/nulu.ee\/es\/#\/schema\/logo\/image\/","url":"https:\/\/nulu.ee\/wp-content\/uploads\/2022\/09\/NULU-logo.png","contentUrl":"https:\/\/nulu.ee\/wp-content\/uploads\/2022\/09\/NULU-logo.png","width":150,"height":150,"caption":"Nulu"},"image":{"@id":"https:\/\/nulu.ee\/es\/#\/schema\/logo\/image\/"}}]}},"jetpack_sharing_enabled":true,"_links":{"self":[{"href":"https:\/\/nulu.ee\/es\/wp-json\/wp\/v2\/product\/10535","targetHints":{"allow":["GET"]}}],"collection":[{"href":"https:\/\/nulu.ee\/es\/wp-json\/wp\/v2\/product"}],"about":[{"href":"https:\/\/nulu.ee\/es\/wp-json\/wp\/v2\/types\/product"}],"replies":[{"embeddable":true,"href":"https:\/\/nulu.ee\/es\/wp-json\/wp\/v2\/comments?post=10535"}],"version-history":[{"count":1,"href":"https:\/\/nulu.ee\/es\/wp-json\/wp\/v2\/product\/10535\/revisions"}],"predecessor-version":[{"id":10553,"href":"https:\/\/nulu.ee\/es\/wp-json\/wp\/v2\/product\/10535\/revisions\/10553"}],"wp:featuredmedia":[{"embeddable":true,"href":"https:\/\/nulu.ee\/es\/wp-json\/wp\/v2\/media\/10512"}],"wp:attachment":[{"href":"https:\/\/nulu.ee\/es\/wp-json\/wp\/v2\/media?parent=10535"}],"wp:term":[{"taxonomy":"product_brand","embeddable":true,"href":"https:\/\/nulu.ee\/es\/wp-json\/wp\/v2\/product_brand?post=10535"},{"taxonomy":"product_cat","embeddable":true,"href":"https:\/\/nulu.ee\/es\/wp-json\/wp\/v2\/product_cat?post=10535"},{"taxonomy":"product_tag","embeddable":true,"href":"https:\/\/nulu.ee\/es\/wp-json\/wp\/v2\/product_tag?post=10535"}],"curies":[{"name":"wp","href":"https:\/\/api.w.org\/{rel}","templated":true}]}}