{"id":10458,"date":"2023-03-26T10:48:35","date_gmt":"2023-03-26T07:48:35","guid":{"rendered":"https:\/\/nulu.ee\/toode\/pantalon-bebe-alpaca\/"},"modified":"2023-10-18T20:46:58","modified_gmt":"2023-10-18T17:46:58","slug":"botas-bebe-alpaca","status":"publish","type":"product","link":"https:\/\/nulu.ee\/es\/toode\/botas-bebe-alpaca\/","title":{"rendered":"Pantal\u00f3n bebe alpaca"},"content":{"rendered":"<div>Los pantalones est\u00e1n tejidos con lana de alpaca gris natural, por lo que son adecuados para usarlos en el clima cambiante del verano estonio, cuando el clima es soleado y c\u00e1lido, y en otras \u00e9pocas ventoso y fresco, as\u00ed como en invierno con heladas severas. . Los pantalones tienen una larga vida \u00fatil, ya que en la parte inferior se encuentra un pu\u00f1o acanalado. Apto tanto para ni\u00f1os como para ni\u00f1as. Pantal\u00f3n agradablemente suave que no pica ni muerde, pero al mismo tiempo muy abrigado.<\/div>\n<div><\/div>\n<div>Hecho con mucho amor.<\/div>\n<div><\/div>\n<div>100% Oeko-Tex\u00ae<\/div>\n<div>100% Alpaca Beb\u00e9<\/div>\n","protected":false},"excerpt":{"rendered":"<p>Los pantalones est\u00e1n tejidos con lana de alpaca gris natural, por lo que son adecuados para usarlos en el clima<\/p>\n","protected":false},"featured_media":10461,"comment_status":"closed","ping_status":"closed","template":"","meta":[],"product_brand":[],"product_cat":[205],"product_tag":[],"class_list":{"0":"post-10458","1":"product","2":"type-product","3":"status-publish","4":"has-post-thumbnail","6":"product_cat-productos-de-lana-de-alpaca","8":"first","9":"instock","10":"shipping-taxable","11":"product-type-simple"},"yoast_head":"<!-- This site is optimized with the Yoast SEO plugin v27.5 - https:\/\/yoast.com\/product\/yoast-seo-wordpress\/ -->\n<title>Pantal\u00f3n bebe alpaca - Nulu<\/title>\n<meta name=\"description\" content=\"Los pantalones est\u00e1n tejidos con lana de alpaca gris natural, por lo que son adecuados para usarlos en el clima cambiante del verano estonio, cuando el clima es soleado y c\u00e1lido, y en otras \u00e9pocas ventoso y fresco, as\u00ed como en invierno con heladas severas. .\" \/>\n<meta name=\"robots\" content=\"index, follow, max-snippet:-1, max-image-preview:large, max-video-preview:-1\" \/>\n<link rel=\"canonical\" href=\"https:\/\/nulu.ee\/es\/toode\/botas-bebe-alpaca\/\" \/>\n<meta property=\"og:locale\" content=\"es_ES\" \/>\n<meta property=\"og:type\" content=\"article\" \/>\n<meta property=\"og:title\" content=\"Pantal\u00f3n bebe alpaca - Nulu\" \/>\n<meta property=\"og:description\" content=\"Los pantalones est\u00e1n tejidos con lana de alpaca gris natural, por lo que son adecuados para usarlos en el clima cambiante del verano estonio, cuando el clima es soleado y c\u00e1lido, y en otras \u00e9pocas ventoso y fresco, as\u00ed como en invierno con heladas severas. .\" \/>\n<meta property=\"og:url\" content=\"https:\/\/nulu.ee\/es\/toode\/botas-bebe-alpaca\/\" \/>\n<meta property=\"og:site_name\" content=\"Nulu\" \/>\n<meta property=\"article:modified_time\" content=\"2023-10-18T17:46:58+00:00\" \/>\n<meta property=\"og:image\" content=\"https:\/\/nulu.ee\/wp-content\/uploads\/2022\/10\/Greyknitpants.jpg\" \/>\n\t<meta property=\"og:image:width\" content=\"1000\" \/>\n\t<meta property=\"og:image:height\" content=\"1000\" \/>\n\t<meta property=\"og:image:type\" content=\"image\/jpeg\" \/>\n<meta name=\"twitter:card\" content=\"summary_large_image\" \/>\n<script type=\"application\/ld+json\" class=\"yoast-schema-graph\">{\"@context\":\"https:\\\/\\\/schema.org\",\"@graph\":[{\"@type\":\"WebPage\",\"@id\":\"https:\\\/\\\/nulu.ee\\\/es\\\/toode\\\/botas-bebe-alpaca\\\/\",\"url\":\"https:\\\/\\\/nulu.ee\\\/es\\\/toode\\\/botas-bebe-alpaca\\\/\",\"name\":\"Pantal\u00f3n bebe alpaca - Nulu\",\"isPartOf\":{\"@id\":\"https:\\\/\\\/nulu.ee\\\/es\\\/#website\"},\"primaryImageOfPage\":{\"@id\":\"https:\\\/\\\/nulu.ee\\\/es\\\/toode\\\/botas-bebe-alpaca\\\/#primaryimage\"},\"image\":{\"@id\":\"https:\\\/\\\/nulu.ee\\\/es\\\/toode\\\/botas-bebe-alpaca\\\/#primaryimage\"},\"thumbnailUrl\":\"https:\\\/\\\/nulu.ee\\\/wp-content\\\/uploads\\\/2022\\\/10\\\/Greyknitpants.jpg\",\"datePublished\":\"2023-03-26T07:48:35+00:00\",\"dateModified\":\"2023-10-18T17:46:58+00:00\",\"description\":\"Los pantalones est\u00e1n tejidos con lana de alpaca gris natural, por lo que son adecuados para usarlos en el clima cambiante del verano estonio, cuando el clima es soleado y c\u00e1lido, y en otras \u00e9pocas ventoso y fresco, as\u00ed como en invierno con heladas severas. .\",\"breadcrumb\":{\"@id\":\"https:\\\/\\\/nulu.ee\\\/es\\\/toode\\\/botas-bebe-alpaca\\\/#breadcrumb\"},\"inLanguage\":\"es\",\"potentialAction\":[{\"@type\":\"ReadAction\",\"target\":[\"https:\\\/\\\/nulu.ee\\\/es\\\/toode\\\/botas-bebe-alpaca\\\/\"]}]},{\"@type\":\"ImageObject\",\"inLanguage\":\"es\",\"@id\":\"https:\\\/\\\/nulu.ee\\\/es\\\/toode\\\/botas-bebe-alpaca\\\/#primaryimage\",\"url\":\"https:\\\/\\\/nulu.ee\\\/wp-content\\\/uploads\\\/2022\\\/10\\\/Greyknitpants.jpg\",\"contentUrl\":\"https:\\\/\\\/nulu.ee\\\/wp-content\\\/uploads\\\/2022\\\/10\\\/Greyknitpants.jpg\",\"width\":1000,\"height\":1000},{\"@type\":\"BreadcrumbList\",\"@id\":\"https:\\\/\\\/nulu.ee\\\/es\\\/toode\\\/botas-bebe-alpaca\\\/#breadcrumb\",\"itemListElement\":[{\"@type\":\"ListItem\",\"position\":1,\"name\":\"Home\",\"item\":\"https:\\\/\\\/nulu.ee\\\/es\\\/\"},{\"@type\":\"ListItem\",\"position\":2,\"name\":\"Tienda\",\"item\":\"https:\\\/\\\/nulu.ee\\\/es\\\/tienda\\\/\"},{\"@type\":\"ListItem\",\"position\":3,\"name\":\"Pantal\u00f3n bebe alpaca\"}]},{\"@type\":\"WebSite\",\"@id\":\"https:\\\/\\\/nulu.ee\\\/es\\\/#website\",\"url\":\"https:\\\/\\\/nulu.ee\\\/es\\\/\",\"name\":\"Nulu\",\"description\":\"\",\"publisher\":{\"@id\":\"https:\\\/\\\/nulu.ee\\\/es\\\/#organization\"},\"potentialAction\":[{\"@type\":\"SearchAction\",\"target\":{\"@type\":\"EntryPoint\",\"urlTemplate\":\"https:\\\/\\\/nulu.ee\\\/es\\\/?s={search_term_string}\"},\"query-input\":{\"@type\":\"PropertyValueSpecification\",\"valueRequired\":true,\"valueName\":\"search_term_string\"}}],\"inLanguage\":\"es\"},{\"@type\":\"Organization\",\"@id\":\"https:\\\/\\\/nulu.ee\\\/es\\\/#organization\",\"name\":\"Nulu\",\"url\":\"https:\\\/\\\/nulu.ee\\\/es\\\/\",\"logo\":{\"@type\":\"ImageObject\",\"inLanguage\":\"es\",\"@id\":\"https:\\\/\\\/nulu.ee\\\/es\\\/#\\\/schema\\\/logo\\\/image\\\/\",\"url\":\"https:\\\/\\\/nulu.ee\\\/wp-content\\\/uploads\\\/2022\\\/09\\\/NULU-logo.png\",\"contentUrl\":\"https:\\\/\\\/nulu.ee\\\/wp-content\\\/uploads\\\/2022\\\/09\\\/NULU-logo.png\",\"width\":150,\"height\":150,\"caption\":\"Nulu\"},\"image\":{\"@id\":\"https:\\\/\\\/nulu.ee\\\/es\\\/#\\\/schema\\\/logo\\\/image\\\/\"}}]}<\/script>\n<!-- \/ Yoast SEO plugin. -->","yoast_head_json":{"title":"Pantal\u00f3n bebe alpaca - Nulu","description":"Los pantalones est\u00e1n tejidos con lana de alpaca gris natural, por lo que son adecuados para usarlos en el clima cambiante del verano estonio, cuando el clima es soleado y c\u00e1lido, y en otras \u00e9pocas ventoso y fresco, as\u00ed como en invierno con heladas severas. .","robots":{"index":"index","follow":"follow","max-snippet":"max-snippet:-1","max-image-preview":"max-image-preview:large","max-video-preview":"max-video-preview:-1"},"canonical":"https:\/\/nulu.ee\/es\/toode\/botas-bebe-alpaca\/","og_locale":"es_ES","og_type":"article","og_title":"Pantal\u00f3n bebe alpaca - Nulu","og_description":"Los pantalones est\u00e1n tejidos con lana de alpaca gris natural, por lo que son adecuados para usarlos en el clima cambiante del verano estonio, cuando el clima es soleado y c\u00e1lido, y en otras \u00e9pocas ventoso y fresco, as\u00ed como en invierno con heladas severas. .","og_url":"https:\/\/nulu.ee\/es\/toode\/botas-bebe-alpaca\/","og_site_name":"Nulu","article_modified_time":"2023-10-18T17:46:58+00:00","og_image":[{"width":1000,"height":1000,"url":"https:\/\/nulu.ee\/wp-content\/uploads\/2022\/10\/Greyknitpants.jpg","type":"image\/jpeg"}],"twitter_card":"summary_large_image","schema":{"@context":"https:\/\/schema.org","@graph":[{"@type":"WebPage","@id":"https:\/\/nulu.ee\/es\/toode\/botas-bebe-alpaca\/","url":"https:\/\/nulu.ee\/es\/toode\/botas-bebe-alpaca\/","name":"Pantal\u00f3n bebe alpaca - Nulu","isPartOf":{"@id":"https:\/\/nulu.ee\/es\/#website"},"primaryImageOfPage":{"@id":"https:\/\/nulu.ee\/es\/toode\/botas-bebe-alpaca\/#primaryimage"},"image":{"@id":"https:\/\/nulu.ee\/es\/toode\/botas-bebe-alpaca\/#primaryimage"},"thumbnailUrl":"https:\/\/nulu.ee\/wp-content\/uploads\/2022\/10\/Greyknitpants.jpg","datePublished":"2023-03-26T07:48:35+00:00","dateModified":"2023-10-18T17:46:58+00:00","description":"Los pantalones est\u00e1n tejidos con lana de alpaca gris natural, por lo que son adecuados para usarlos en el clima cambiante del verano estonio, cuando el clima es soleado y c\u00e1lido, y en otras \u00e9pocas ventoso y fresco, as\u00ed como en invierno con heladas severas. .","breadcrumb":{"@id":"https:\/\/nulu.ee\/es\/toode\/botas-bebe-alpaca\/#breadcrumb"},"inLanguage":"es","potentialAction":[{"@type":"ReadAction","target":["https:\/\/nulu.ee\/es\/toode\/botas-bebe-alpaca\/"]}]},{"@type":"ImageObject","inLanguage":"es","@id":"https:\/\/nulu.ee\/es\/toode\/botas-bebe-alpaca\/#primaryimage","url":"https:\/\/nulu.ee\/wp-content\/uploads\/2022\/10\/Greyknitpants.jpg","contentUrl":"https:\/\/nulu.ee\/wp-content\/uploads\/2022\/10\/Greyknitpants.jpg","width":1000,"height":1000},{"@type":"BreadcrumbList","@id":"https:\/\/nulu.ee\/es\/toode\/botas-bebe-alpaca\/#breadcrumb","itemListElement":[{"@type":"ListItem","position":1,"name":"Home","item":"https:\/\/nulu.ee\/es\/"},{"@type":"ListItem","position":2,"name":"Tienda","item":"https:\/\/nulu.ee\/es\/tienda\/"},{"@type":"ListItem","position":3,"name":"Pantal\u00f3n bebe alpaca"}]},{"@type":"WebSite","@id":"https:\/\/nulu.ee\/es\/#website","url":"https:\/\/nulu.ee\/es\/","name":"Nulu","description":"","publisher":{"@id":"https:\/\/nulu.ee\/es\/#organization"},"potentialAction":[{"@type":"SearchAction","target":{"@type":"EntryPoint","urlTemplate":"https:\/\/nulu.ee\/es\/?s={search_term_string}"},"query-input":{"@type":"PropertyValueSpecification","valueRequired":true,"valueName":"search_term_string"}}],"inLanguage":"es"},{"@type":"Organization","@id":"https:\/\/nulu.ee\/es\/#organization","name":"Nulu","url":"https:\/\/nulu.ee\/es\/","logo":{"@type":"ImageObject","inLanguage":"es","@id":"https:\/\/nulu.ee\/es\/#\/schema\/logo\/image\/","url":"https:\/\/nulu.ee\/wp-content\/uploads\/2022\/09\/NULU-logo.png","contentUrl":"https:\/\/nulu.ee\/wp-content\/uploads\/2022\/09\/NULU-logo.png","width":150,"height":150,"caption":"Nulu"},"image":{"@id":"https:\/\/nulu.ee\/es\/#\/schema\/logo\/image\/"}}]}},"jetpack_sharing_enabled":true,"_links":{"self":[{"href":"https:\/\/nulu.ee\/es\/wp-json\/wp\/v2\/product\/10458","targetHints":{"allow":["GET"]}}],"collection":[{"href":"https:\/\/nulu.ee\/es\/wp-json\/wp\/v2\/product"}],"about":[{"href":"https:\/\/nulu.ee\/es\/wp-json\/wp\/v2\/types\/product"}],"replies":[{"embeddable":true,"href":"https:\/\/nulu.ee\/es\/wp-json\/wp\/v2\/comments?post=10458"}],"version-history":[{"count":1,"href":"https:\/\/nulu.ee\/es\/wp-json\/wp\/v2\/product\/10458\/revisions"}],"predecessor-version":[{"id":10546,"href":"https:\/\/nulu.ee\/es\/wp-json\/wp\/v2\/product\/10458\/revisions\/10546"}],"wp:featuredmedia":[{"embeddable":true,"href":"https:\/\/nulu.ee\/es\/wp-json\/wp\/v2\/media\/10461"}],"wp:attachment":[{"href":"https:\/\/nulu.ee\/es\/wp-json\/wp\/v2\/media?parent=10458"}],"wp:term":[{"taxonomy":"product_brand","embeddable":true,"href":"https:\/\/nulu.ee\/es\/wp-json\/wp\/v2\/product_brand?post=10458"},{"taxonomy":"product_cat","embeddable":true,"href":"https:\/\/nulu.ee\/es\/wp-json\/wp\/v2\/product_cat?post=10458"},{"taxonomy":"product_tag","embeddable":true,"href":"https:\/\/nulu.ee\/es\/wp-json\/wp\/v2\/product_tag?post=10458"}],"curies":[{"name":"wp","href":"https:\/\/api.w.org\/{rel}","templated":true}]}}